{"id":595209,"date":"2023-05-16T18:52:07","date_gmt":"2023-05-16T16:52:07","guid":{"rendered":"https:\/\/lucacastelli.com\/prodotto\/montura-pantalon-leger-operator\/"},"modified":"2023-05-16T18:52:07","modified_gmt":"2023-05-16T16:52:07","slug":"montura-pantalon-leger-operator","status":"publish","type":"product","link":"https:\/\/lucacastelli.com\/fr\/produit\/montura-pantalon-leger-operator\/","title":{"rendered":"MONTURA PANTALON L\u00c9GER OPERATOR"},"content":{"rendered":"<p>&#8211; Pantalon unisexe<br \/>\n&#8211; Tissu nylon extensible dans les 4 sens avec traitement DWR et r\u00e9sistance \u00e0 l&#8217;abrasion<br \/>\n&#8211; Genoux rembourr\u00e9s en feutre<br \/>\n&#8211; Bandes segment\u00e9es r\u00e9fl\u00e9chissantes<br \/>\n&#8211; Taille \u00e9lastiqu\u00e9e avec passants de ceinture boutons, fermetures \u00e0 glissi\u00e8re et velcro<br \/>\n&#8211; Poches pour les mains, poches lat\u00e9rales, poches pour les mollets et poche arri\u00e8re toutes zipp\u00e9es<br \/>\n&#8211; Ourlet r\u00e9glable<br \/>\n&#8211; Se fixe sous les chaussures<br \/>\n&#8211; Pr\u00e9par\u00e9 pour les urgences (au sol ou lors de sauvetages en h\u00e9licopt\u00e8re)<\/p>\n","protected":false},"excerpt":{"rendered":"<p>&#8211; Pantalon unisexe &#8211; Tissu nylon extensible dans les 4 sens avec traitement DWR et r\u00e9sistance \u00e0 l&#8217;abrasion &#8211; Genoux<\/p>\n","protected":false},"featured_media":44497,"template":"","meta":{"_seopress_robots_primary_cat":"","_seopress_titles_title":"","_seopress_titles_desc":"","_seopress_robots_index":""},"product_brand":[4462],"product_cat":[81,1381],"product_tag":[],"class_list":{"0":"post-595209","1":"product","2":"type-product","3":"status-publish","4":"has-post-thumbnail","6":"product_brand-montura-fr","7":"product_cat-vetements","8":"product_cat-vetements-de-travail","10":"first","11":"instock","12":"shipping-taxable","13":"purchasable","14":"product-type-variable"},"_links":{"self":[{"href":"https:\/\/lucacastelli.com\/fr\/wp-json\/wp\/v2\/product\/595209","targetHints":{"allow":["GET"]}}],"collection":[{"href":"https:\/\/lucacastelli.com\/fr\/wp-json\/wp\/v2\/product"}],"about":[{"href":"https:\/\/lucacastelli.com\/fr\/wp-json\/wp\/v2\/types\/product"}],"wp:featuredmedia":[{"embeddable":true,"href":"https:\/\/lucacastelli.com\/fr\/wp-json\/wp\/v2\/media\/44497"}],"wp:attachment":[{"href":"https:\/\/lucacastelli.com\/fr\/wp-json\/wp\/v2\/media?parent=595209"}],"wp:term":[{"taxonomy":"product_brand","embeddable":true,"href":"https:\/\/lucacastelli.com\/fr\/wp-json\/wp\/v2\/product_brand?post=595209"},{"taxonomy":"product_cat","embeddable":true,"href":"https:\/\/lucacastelli.com\/fr\/wp-json\/wp\/v2\/product_cat?post=595209"},{"taxonomy":"product_tag","embeddable":true,"href":"https:\/\/lucacastelli.com\/fr\/wp-json\/wp\/v2\/product_tag?post=595209"}],"curies":[{"name":"wp","href":"https:\/\/api.w.org\/{rel}","templated":true}]}}