{"id":595167,"date":"2023-05-31T09:55:38","date_gmt":"2023-05-31T07:55:38","guid":{"rendered":"https:\/\/lucacastelli.com\/prodotto\/montura-high-t-shirt\/"},"modified":"2023-05-31T09:55:38","modified_gmt":"2023-05-31T07:55:38","slug":"montura-high-t-shirt","status":"publish","type":"product","link":"https:\/\/lucacastelli.com\/fr\/produit\/montura-high-t-shirt\/","title":{"rendered":"MONTURA High T-shirt"},"content":{"rendered":"<p>&#8211; T-shirt unisexe<br \/>\n-Microfleece Harlem 2.0 jersey polyester avec contr\u00f4le actif de l&#8217;\u00e9vacuation de l&#8217;humidit\u00e9 et propri\u00e9t\u00e9s de s\u00e9chage rapide<br \/>\n&#8211; D\u00e9tails contrast\u00e9s du jersey<br \/>\n&#8211; El\u00e9ments r\u00e9fl\u00e9chissants pour une meilleure visibilit\u00e9<br \/>\n&#8211; Con\u00e7u pour \u00eatre utilis\u00e9 comme couche de base ou seconde couche<br \/>\n&#8211; Con\u00e7u pour toute situation d&#8217;urgence (au sol ou lors d&#8217;un sauvetage en h\u00e9licopt\u00e8re)<\/p>\n","protected":false},"excerpt":{"rendered":"<p>&#8211; T-shirt unisexe -Microfleece Harlem 2.0 jersey polyester avec contr\u00f4le actif de l&#8217;\u00e9vacuation de l&#8217;humidit\u00e9 et propri\u00e9t\u00e9s de s\u00e9chage rapide<\/p>\n","protected":false},"featured_media":44572,"template":"","meta":{"_seopress_robots_primary_cat":"","_seopress_titles_title":"","_seopress_titles_desc":"","_seopress_robots_index":""},"product_brand":[4462],"product_cat":[81,1381],"product_tag":[],"class_list":{"0":"post-595167","1":"product","2":"type-product","3":"status-publish","4":"has-post-thumbnail","6":"product_brand-montura-fr","7":"product_cat-vetements","8":"product_cat-vetements-de-travail","10":"first","11":"instock","12":"shipping-taxable","13":"purchasable","14":"product-type-variable"},"_links":{"self":[{"href":"https:\/\/lucacastelli.com\/fr\/wp-json\/wp\/v2\/product\/595167","targetHints":{"allow":["GET"]}}],"collection":[{"href":"https:\/\/lucacastelli.com\/fr\/wp-json\/wp\/v2\/product"}],"about":[{"href":"https:\/\/lucacastelli.com\/fr\/wp-json\/wp\/v2\/types\/product"}],"wp:featuredmedia":[{"embeddable":true,"href":"https:\/\/lucacastelli.com\/fr\/wp-json\/wp\/v2\/media\/44572"}],"wp:attachment":[{"href":"https:\/\/lucacastelli.com\/fr\/wp-json\/wp\/v2\/media?parent=595167"}],"wp:term":[{"taxonomy":"product_brand","embeddable":true,"href":"https:\/\/lucacastelli.com\/fr\/wp-json\/wp\/v2\/product_brand?post=595167"},{"taxonomy":"product_cat","embeddable":true,"href":"https:\/\/lucacastelli.com\/fr\/wp-json\/wp\/v2\/product_cat?post=595167"},{"taxonomy":"product_tag","embeddable":true,"href":"https:\/\/lucacastelli.com\/fr\/wp-json\/wp\/v2\/product_tag?post=595167"}],"curies":[{"name":"wp","href":"https:\/\/api.w.org\/{rel}","templated":true}]}}