{"id":595140,"date":"2023-04-25T09:06:18","date_gmt":"2023-04-25T07:06:18","guid":{"rendered":"https:\/\/lucacastelli.com\/prodotto\/montura-sunny-play-t-shirt-femme\/"},"modified":"2026-03-01T00:24:53","modified_gmt":"2026-02-28T23:24:53","slug":"montura-sunny-play-t-shirt-femme","status":"publish","type":"product","link":"https:\/\/lucacastelli.com\/fr\/produit\/montura-sunny-play-t-shirt-femme\/","title":{"rendered":"MONTURA SUNNY PLAY T-SHIRT FEMME"},"content":{"rendered":"<p>&#8211; T-shirt pour femmes<br \/>\n&#8211; Tissu jersey en polyester microfrais<br \/>\n&#8211; Devant central avec boutons<br \/>\n&#8211; V\u00eatement id\u00e9al pour diverses activit\u00e9s de plein air et de loisirs<\/p>\n","protected":false},"excerpt":{"rendered":"<p>&#8211; T-shirt pour femmes &#8211; Tissu jersey en polyester microfrais &#8211; Devant central avec boutons &#8211; V\u00eatement id\u00e9al pour diverses<\/p>\n","protected":false},"featured_media":98460,"template":"","meta":{"_seopress_robots_primary_cat":"","_seopress_titles_title":"","_seopress_titles_desc":"","_seopress_robots_index":""},"product_brand":[4462],"product_cat":[81,981,1387],"product_tag":[],"class_list":{"0":"post-595140","1":"product","2":"type-product","3":"status-publish","4":"has-post-thumbnail","6":"product_brand-montura-fr","7":"product_cat-vetements","8":"product_cat-vetements-de-loisirs","9":"product_cat-vetements-pour-femmes","11":"first","12":"instock","13":"shipping-taxable","14":"purchasable","15":"product-type-variable"},"_links":{"self":[{"href":"https:\/\/lucacastelli.com\/fr\/wp-json\/wp\/v2\/product\/595140","targetHints":{"allow":["GET"]}}],"collection":[{"href":"https:\/\/lucacastelli.com\/fr\/wp-json\/wp\/v2\/product"}],"about":[{"href":"https:\/\/lucacastelli.com\/fr\/wp-json\/wp\/v2\/types\/product"}],"wp:featuredmedia":[{"embeddable":true,"href":"https:\/\/lucacastelli.com\/fr\/wp-json\/wp\/v2\/media\/98460"}],"wp:attachment":[{"href":"https:\/\/lucacastelli.com\/fr\/wp-json\/wp\/v2\/media?parent=595140"}],"wp:term":[{"taxonomy":"product_brand","embeddable":true,"href":"https:\/\/lucacastelli.com\/fr\/wp-json\/wp\/v2\/product_brand?post=595140"},{"taxonomy":"product_cat","embeddable":true,"href":"https:\/\/lucacastelli.com\/fr\/wp-json\/wp\/v2\/product_cat?post=595140"},{"taxonomy":"product_tag","embeddable":true,"href":"https:\/\/lucacastelli.com\/fr\/wp-json\/wp\/v2\/product_tag?post=595140"}],"curies":[{"name":"wp","href":"https:\/\/api.w.org\/{rel}","templated":true}]}}