{"id":595119,"date":"2023-05-15T13:58:02","date_gmt":"2023-05-15T11:58:02","guid":{"rendered":"https:\/\/lucacastelli.com\/prodotto\/montura-tali-t-shirt-femme\/"},"modified":"2026-03-01T00:25:00","modified_gmt":"2026-02-28T23:25:00","slug":"montura-tali-t-shirt-femme","status":"publish","type":"product","link":"https:\/\/lucacastelli.com\/fr\/produit\/montura-tali-t-shirt-femme\/","title":{"rendered":"MONTURA TALI T-SHIRT FEMME"},"content":{"rendered":"<p>&#8211; T-shirt femme<br \/>\n&#8211; Tissu jersey de coton extensible<br \/>\n&#8211; V\u00eatement id\u00e9al pour l&#8217;escalade, diverses activit\u00e9s de plein air et les loisirs<\/p>\n","protected":false},"excerpt":{"rendered":"<p>&#8211; T-shirt femme &#8211; Tissu jersey de coton extensible &#8211; V\u00eatement id\u00e9al pour l&#8217;escalade, diverses activit\u00e9s de plein air et<\/p>\n","protected":false},"featured_media":90780,"template":"","meta":{"_seopress_robots_primary_cat":"","_seopress_titles_title":"","_seopress_titles_desc":"","_seopress_robots_index":""},"product_brand":[4462],"product_cat":[81,981,1387],"product_tag":[],"class_list":{"0":"post-595119","1":"product","2":"type-product","3":"status-publish","4":"has-post-thumbnail","6":"product_brand-montura-fr","7":"product_cat-vetements","8":"product_cat-vetements-de-loisirs","9":"product_cat-vetements-pour-femmes","11":"first","12":"instock","13":"shipping-taxable","14":"purchasable","15":"product-type-variable"},"_links":{"self":[{"href":"https:\/\/lucacastelli.com\/fr\/wp-json\/wp\/v2\/product\/595119","targetHints":{"allow":["GET"]}}],"collection":[{"href":"https:\/\/lucacastelli.com\/fr\/wp-json\/wp\/v2\/product"}],"about":[{"href":"https:\/\/lucacastelli.com\/fr\/wp-json\/wp\/v2\/types\/product"}],"wp:featuredmedia":[{"embeddable":true,"href":"https:\/\/lucacastelli.com\/fr\/wp-json\/wp\/v2\/media\/90780"}],"wp:attachment":[{"href":"https:\/\/lucacastelli.com\/fr\/wp-json\/wp\/v2\/media?parent=595119"}],"wp:term":[{"taxonomy":"product_brand","embeddable":true,"href":"https:\/\/lucacastelli.com\/fr\/wp-json\/wp\/v2\/product_brand?post=595119"},{"taxonomy":"product_cat","embeddable":true,"href":"https:\/\/lucacastelli.com\/fr\/wp-json\/wp\/v2\/product_cat?post=595119"},{"taxonomy":"product_tag","embeddable":true,"href":"https:\/\/lucacastelli.com\/fr\/wp-json\/wp\/v2\/product_tag?post=595119"}],"curies":[{"name":"wp","href":"https:\/\/api.w.org\/{rel}","templated":true}]}}