{"id":595112,"date":"2023-04-20T09:46:28","date_gmt":"2023-04-20T07:46:28","guid":{"rendered":"https:\/\/lucacastelli.com\/prodotto\/montura-speed-fly-convert-jacket-woman\/"},"modified":"2026-03-01T00:24:54","modified_gmt":"2026-02-28T23:24:54","slug":"montura-speed-fly-convert-jacket-woman","status":"publish","type":"product","link":"https:\/\/lucacastelli.com\/fr\/produit\/montura-speed-fly-convert-jacket-woman\/","title":{"rendered":"MONTURA SPEED FLY CONVERT JACKET WOMAN"},"content":{"rendered":"<p>&#8211; Veste \u00e0 capuche pour femme<br \/>\n&#8211; Tissu en nylon extensible DWR avec structure \u00e0 double tissage gaufr\u00e9, r\u00e9sistant \u00e0 la d\u00e9chirure et \u00e0 l&#8217;abrasion<br \/>\n&#8211; Partiellement doubl\u00e9 de tissu en maille<br \/>\n&#8211; Accessoire cape imperm\u00e9able et r\u00e9versible en tissu nylon DWR 2 couches avec membrane 15K\/15K, int\u00e9rieur en tissu nylon DWR haute visibilit\u00e9 avec impression r\u00e9tror\u00e9fl\u00e9chissante pour utilisation en cas d&#8217;urgence<br \/>\n&#8211; Fermeture \u00e9clair au milieu du corps, poches zipp\u00e9es pour les mains<br \/>\n&#8211; Poche int\u00e9rieure ouverte pour ranger l&#8217;accessoire de la cape<br \/>\n&#8211; Ourlet \u00e9lastique<br \/>\n&#8211; Fixation de l&#8217;accessoire de la cape par fermeture \u00e9clair, boutons et velcro<br \/>\n&#8211; V\u00eatement id\u00e9al pour l&#8217;escalade, l&#8217;alpinisme et diverses activit\u00e9s de plein air<\/p>\n","protected":false},"excerpt":{"rendered":"<p>&#8211; Veste \u00e0 capuche pour femme &#8211; Tissu en nylon extensible DWR avec structure \u00e0 double tissage gaufr\u00e9, r\u00e9sistant \u00e0<\/p>\n","protected":false},"featured_media":98428,"template":"","meta":{"_seopress_robots_primary_cat":"","_seopress_titles_title":"","_seopress_titles_desc":"","_seopress_robots_index":""},"product_brand":[4462],"product_cat":[81,981,1387],"product_tag":[],"class_list":{"0":"post-595112","1":"product","2":"type-product","3":"status-publish","4":"has-post-thumbnail","6":"product_brand-montura-fr","7":"product_cat-vetements","8":"product_cat-vetements-de-loisirs","9":"product_cat-vetements-pour-femmes","10":"sws-gruppo-abb-libero","11":"sws-categoria-sito","12":"sws-conto-ricavi-merci-rivendita-abbigliamento","13":"sws-gruppo-iva-iva81","15":"first","16":"instock","17":"shipping-taxable","18":"purchasable","19":"product-type-variable"},"_links":{"self":[{"href":"https:\/\/lucacastelli.com\/fr\/wp-json\/wp\/v2\/product\/595112","targetHints":{"allow":["GET"]}}],"collection":[{"href":"https:\/\/lucacastelli.com\/fr\/wp-json\/wp\/v2\/product"}],"about":[{"href":"https:\/\/lucacastelli.com\/fr\/wp-json\/wp\/v2\/types\/product"}],"wp:featuredmedia":[{"embeddable":true,"href":"https:\/\/lucacastelli.com\/fr\/wp-json\/wp\/v2\/media\/98428"}],"wp:attachment":[{"href":"https:\/\/lucacastelli.com\/fr\/wp-json\/wp\/v2\/media?parent=595112"}],"wp:term":[{"taxonomy":"product_brand","embeddable":true,"href":"https:\/\/lucacastelli.com\/fr\/wp-json\/wp\/v2\/product_brand?post=595112"},{"taxonomy":"product_cat","embeddable":true,"href":"https:\/\/lucacastelli.com\/fr\/wp-json\/wp\/v2\/product_cat?post=595112"},{"taxonomy":"product_tag","embeddable":true,"href":"https:\/\/lucacastelli.com\/fr\/wp-json\/wp\/v2\/product_tag?post=595112"}],"curies":[{"name":"wp","href":"https:\/\/api.w.org\/{rel}","templated":true}]}}