{"id":595092,"date":"2023-03-27T10:06:38","date_gmt":"2023-03-27T08:06:38","guid":{"rendered":"https:\/\/lucacastelli.com\/prodotto\/montura-wild-2-0-bermuda-femme\/"},"modified":"2026-03-01T00:25:00","modified_gmt":"2026-02-28T23:25:00","slug":"montura-wild-2-0-bermuda-femme","status":"publish","type":"product","link":"https:\/\/lucacastelli.com\/fr\/produit\/montura-wild-2-0-bermuda-femme\/","title":{"rendered":"MONTURA WILD 2.0 BERMUDA FEMME"},"content":{"rendered":"<p>&#8211; Bermuda femme<br \/>\n&#8211; Tissu nylon stretch DWR avec structure double armure gaufr\u00e9e, r\u00e9sistant \u00e0 la d\u00e9chirure et \u00e0 l&#8217;abrasion<br \/>\n&#8211; Taille \u00e9lastiqu\u00e9e avec passants de ceinture, ouverture par bouton et fermeture \u00e9clair<br \/>\n&#8211; Poches zipp\u00e9es sur les hanches<br \/>\n&#8211; Syst\u00e8me d&#8217;attache avec le pantalon int\u00e9rieur<br \/>\n&#8211; V\u00eatement id\u00e9al pour tous les usages du VTT<\/p>\n","protected":false},"excerpt":{"rendered":"<p>&#8211; Bermuda femme &#8211; Tissu nylon stretch DWR avec structure double armure gaufr\u00e9e, r\u00e9sistant \u00e0 la d\u00e9chirure et \u00e0 l&#8217;abrasion<\/p>\n","protected":false},"featured_media":88108,"template":"","meta":{"_seopress_robots_primary_cat":"","_seopress_titles_title":"","_seopress_titles_desc":"","_seopress_robots_index":""},"product_brand":[4462],"product_cat":[81,981,1387],"product_tag":[],"class_list":{"0":"post-595092","1":"product","2":"type-product","3":"status-publish","4":"has-post-thumbnail","6":"product_brand-montura-fr","7":"product_cat-vetements","8":"product_cat-vetements-de-loisirs","9":"product_cat-vetements-pour-femmes","11":"first","12":"instock","13":"shipping-taxable","14":"purchasable","15":"product-type-variable"},"_links":{"self":[{"href":"https:\/\/lucacastelli.com\/fr\/wp-json\/wp\/v2\/product\/595092","targetHints":{"allow":["GET"]}}],"collection":[{"href":"https:\/\/lucacastelli.com\/fr\/wp-json\/wp\/v2\/product"}],"about":[{"href":"https:\/\/lucacastelli.com\/fr\/wp-json\/wp\/v2\/types\/product"}],"wp:featuredmedia":[{"embeddable":true,"href":"https:\/\/lucacastelli.com\/fr\/wp-json\/wp\/v2\/media\/88108"}],"wp:attachment":[{"href":"https:\/\/lucacastelli.com\/fr\/wp-json\/wp\/v2\/media?parent=595092"}],"wp:term":[{"taxonomy":"product_brand","embeddable":true,"href":"https:\/\/lucacastelli.com\/fr\/wp-json\/wp\/v2\/product_brand?post=595092"},{"taxonomy":"product_cat","embeddable":true,"href":"https:\/\/lucacastelli.com\/fr\/wp-json\/wp\/v2\/product_cat?post=595092"},{"taxonomy":"product_tag","embeddable":true,"href":"https:\/\/lucacastelli.com\/fr\/wp-json\/wp\/v2\/product_tag?post=595092"}],"curies":[{"name":"wp","href":"https:\/\/api.w.org\/{rel}","templated":true}]}}