{"id":595062,"date":"2023-03-24T14:37:32","date_gmt":"2023-03-24T13:37:32","guid":{"rendered":"https:\/\/lucacastelli.com\/prodotto\/montura-eiger-light-jacket-woman\/"},"modified":"2026-03-01T00:24:41","modified_gmt":"2026-02-28T23:24:41","slug":"montura-eiger-light-jacket-woman","status":"publish","type":"product","link":"https:\/\/lucacastelli.com\/fr\/produit\/montura-eiger-light-jacket-woman\/","title":{"rendered":"MONTURA EIGER LIGHT JACKET WOMAN"},"content":{"rendered":"<p>&#8211; Veste \u00e0 capuche pour femme<br \/>\n&#8211; Tissu en nylon DWR avec micro-structure double-ripstop imperm\u00e9able et coupe-vent<br \/>\n&#8211; Doubl\u00e9e de tissu OCTA\u00ae 100 % polyester<br \/>\n&#8211; Fermeture \u00e0 glissi\u00e8re sur le devant, poches pour les mains avec fermeture \u00e0 glissi\u00e8re<br \/>\n&#8211; Poches int\u00e9rieures ouvertes<br \/>\n&#8211; Poche de rangement<br \/>\n&#8211; Finition \u00e9lastique \u00e0 l&#8217;ourlet<br \/>\n&#8211; V\u00eatement id\u00e9al pour le ski de randonn\u00e9e, l&#8217;alpinisme et les activit\u00e9s de plein air.<\/p>\n","protected":false},"excerpt":{"rendered":"<p>&#8211; Veste \u00e0 capuche pour femme &#8211; Tissu en nylon DWR avec micro-structure double-ripstop imperm\u00e9able et coupe-vent &#8211; Doubl\u00e9e de<\/p>\n","protected":false},"featured_media":87923,"template":"","meta":{"_seopress_robots_primary_cat":"","_seopress_titles_title":"","_seopress_titles_desc":"","_seopress_robots_index":""},"product_brand":[4462],"product_cat":[81,981,1387],"product_tag":[],"class_list":{"0":"post-595062","1":"product","2":"type-product","3":"status-publish","4":"has-post-thumbnail","6":"product_brand-montura-fr","7":"product_cat-vetements","8":"product_cat-vetements-de-loisirs","9":"product_cat-vetements-pour-femmes","10":"sws-gruppo-abb-libero-fr","11":"sws-categoria-sito-fr","12":"sws-conto-ricavi-merci-rivendita-abbigliamento-fr","13":"sws-gruppo-iva-iva81-fr","15":"first","16":"instock","17":"shipping-taxable","18":"purchasable","19":"product-type-variable"},"_links":{"self":[{"href":"https:\/\/lucacastelli.com\/fr\/wp-json\/wp\/v2\/product\/595062","targetHints":{"allow":["GET"]}}],"collection":[{"href":"https:\/\/lucacastelli.com\/fr\/wp-json\/wp\/v2\/product"}],"about":[{"href":"https:\/\/lucacastelli.com\/fr\/wp-json\/wp\/v2\/types\/product"}],"wp:featuredmedia":[{"embeddable":true,"href":"https:\/\/lucacastelli.com\/fr\/wp-json\/wp\/v2\/media\/87923"}],"wp:attachment":[{"href":"https:\/\/lucacastelli.com\/fr\/wp-json\/wp\/v2\/media?parent=595062"}],"wp:term":[{"taxonomy":"product_brand","embeddable":true,"href":"https:\/\/lucacastelli.com\/fr\/wp-json\/wp\/v2\/product_brand?post=595062"},{"taxonomy":"product_cat","embeddable":true,"href":"https:\/\/lucacastelli.com\/fr\/wp-json\/wp\/v2\/product_cat?post=595062"},{"taxonomy":"product_tag","embeddable":true,"href":"https:\/\/lucacastelli.com\/fr\/wp-json\/wp\/v2\/product_tag?post=595062"}],"curies":[{"name":"wp","href":"https:\/\/api.w.org\/{rel}","templated":true}]}}