{"id":595038,"date":"2023-11-14T15:32:00","date_gmt":"2023-11-14T14:32:00","guid":{"rendered":"https:\/\/lucacastelli.com\/prodotto\/montura-jersey-stretch-femme\/"},"modified":"2026-03-01T00:24:48","modified_gmt":"2026-02-28T23:24:48","slug":"montura-jersey-stretch-femme","status":"publish","type":"product","link":"https:\/\/lucacastelli.com\/fr\/produit\/montura-jersey-stretch-femme\/","title":{"rendered":"MONTURA JERSEY STRETCH FEMME"},"content":{"rendered":"<p>&#8211; Pull ouvert pour femmes<br \/>\n&#8211; Mati\u00e8re polaire thermique bi-stretch en polyester<br \/>\n&#8211; Partiellement doubl\u00e9 de tissu en maille<br \/>\n&#8211; Fermeture \u00e9clair au milieu du front, poches zipp\u00e9es pour les mains<br \/>\n&#8211; Poignets et ourlet \u00e9lastiqu\u00e9s<br \/>\n&#8211; V\u00eatement id\u00e9al pour diverses activit\u00e9s de plein air et de loisir<br \/>\n&#8211; Poids : 0,35 kg<\/p>\n","protected":false},"excerpt":{"rendered":"<p>&#8211; Pull ouvert pour femmes &#8211; Mati\u00e8re polaire thermique bi-stretch en polyester &#8211; Partiellement doubl\u00e9 de tissu en maille &#8211;<\/p>\n","protected":false},"featured_media":98924,"template":"","meta":{"_seopress_robots_primary_cat":"","_seopress_titles_title":"","_seopress_titles_desc":"","_seopress_robots_index":""},"product_brand":[4462],"product_cat":[81,981,1387],"product_tag":[],"class_list":{"0":"post-595038","1":"product","2":"type-product","3":"status-publish","4":"has-post-thumbnail","6":"product_brand-montura-fr","7":"product_cat-vetements","8":"product_cat-vetements-de-loisirs","9":"product_cat-vetements-pour-femmes","11":"first","12":"instock","13":"shipping-taxable","14":"purchasable","15":"product-type-variable"},"_links":{"self":[{"href":"https:\/\/lucacastelli.com\/fr\/wp-json\/wp\/v2\/product\/595038","targetHints":{"allow":["GET"]}}],"collection":[{"href":"https:\/\/lucacastelli.com\/fr\/wp-json\/wp\/v2\/product"}],"about":[{"href":"https:\/\/lucacastelli.com\/fr\/wp-json\/wp\/v2\/types\/product"}],"wp:featuredmedia":[{"embeddable":true,"href":"https:\/\/lucacastelli.com\/fr\/wp-json\/wp\/v2\/media\/98924"}],"wp:attachment":[{"href":"https:\/\/lucacastelli.com\/fr\/wp-json\/wp\/v2\/media?parent=595038"}],"wp:term":[{"taxonomy":"product_brand","embeddable":true,"href":"https:\/\/lucacastelli.com\/fr\/wp-json\/wp\/v2\/product_brand?post=595038"},{"taxonomy":"product_cat","embeddable":true,"href":"https:\/\/lucacastelli.com\/fr\/wp-json\/wp\/v2\/product_cat?post=595038"},{"taxonomy":"product_tag","embeddable":true,"href":"https:\/\/lucacastelli.com\/fr\/wp-json\/wp\/v2\/product_tag?post=595038"}],"curies":[{"name":"wp","href":"https:\/\/api.w.org\/{rel}","templated":true}]}}