{"id":595009,"date":"2023-11-12T07:55:17","date_gmt":"2023-11-12T06:55:17","guid":{"rendered":"https:\/\/lucacastelli.com\/prodotto\/maillot-montura-altitude-femme\/"},"modified":"2026-03-01T00:24:49","modified_gmt":"2026-02-28T23:24:49","slug":"maillot-montura-altitude-femme","status":"publish","type":"product","link":"https:\/\/lucacastelli.com\/fr\/produit\/maillot-montura-altitude-femme\/","title":{"rendered":"MAILLOT MONTURA ALTITUDE FEMME"},"content":{"rendered":"<p>&#8211; Maillot ouvert \u00e0 capuche pour femme<br \/>\n&#8211; Tissu polaire en polyester et nylon Polartec Power Stretch Pro hautement respirant<br \/>\n&#8211; Partiellement doubl\u00e9 de tissu en maille<br \/>\n&#8211; Fermeture \u00e0 glissi\u00e8re sur le devant, poches pour les mains avec fermeture \u00e0 glissi\u00e8re<br \/>\n&#8211; Capuche, poignets et ourlet termin\u00e9s par un \u00e9lastique<br \/>\n&#8211; V\u00eatement id\u00e9al pour l&#8217;escalade, l&#8217;alpinisme et diverses activit\u00e9s de plein air<br \/>\n&#8211; Poids : 0,37 kg<\/p>\n","protected":false},"excerpt":{"rendered":"<p>&#8211; Maillot ouvert \u00e0 capuche pour femme &#8211; Tissu polaire en polyester et nylon Polartec Power Stretch Pro hautement respirant<\/p>\n","protected":false},"featured_media":98863,"template":"","meta":{"_seopress_robots_primary_cat":"","_seopress_titles_title":"","_seopress_titles_desc":"","_seopress_robots_index":""},"product_brand":[4462],"product_cat":[81,981,1387],"product_tag":[],"class_list":{"0":"post-595009","1":"product","2":"type-product","3":"status-publish","4":"has-post-thumbnail","6":"product_brand-montura-fr","7":"product_cat-vetements","8":"product_cat-vetements-de-loisirs","9":"product_cat-vetements-pour-femmes","11":"first","12":"instock","13":"shipping-taxable","14":"purchasable","15":"product-type-variable"},"_links":{"self":[{"href":"https:\/\/lucacastelli.com\/fr\/wp-json\/wp\/v2\/product\/595009","targetHints":{"allow":["GET"]}}],"collection":[{"href":"https:\/\/lucacastelli.com\/fr\/wp-json\/wp\/v2\/product"}],"about":[{"href":"https:\/\/lucacastelli.com\/fr\/wp-json\/wp\/v2\/types\/product"}],"wp:featuredmedia":[{"embeddable":true,"href":"https:\/\/lucacastelli.com\/fr\/wp-json\/wp\/v2\/media\/98863"}],"wp:attachment":[{"href":"https:\/\/lucacastelli.com\/fr\/wp-json\/wp\/v2\/media?parent=595009"}],"wp:term":[{"taxonomy":"product_brand","embeddable":true,"href":"https:\/\/lucacastelli.com\/fr\/wp-json\/wp\/v2\/product_brand?post=595009"},{"taxonomy":"product_cat","embeddable":true,"href":"https:\/\/lucacastelli.com\/fr\/wp-json\/wp\/v2\/product_cat?post=595009"},{"taxonomy":"product_tag","embeddable":true,"href":"https:\/\/lucacastelli.com\/fr\/wp-json\/wp\/v2\/product_tag?post=595009"}],"curies":[{"name":"wp","href":"https:\/\/api.w.org\/{rel}","templated":true}]}}