{"id":594979,"date":"2023-10-13T19:01:39","date_gmt":"2023-10-13T17:01:39","guid":{"rendered":"https:\/\/lucacastelli.com\/prodotto\/montura-remind-fleece-jacket-woman\/"},"modified":"2026-03-01T00:24:49","modified_gmt":"2026-02-28T23:24:49","slug":"montura-remind-fleece-jacket-woman","status":"publish","type":"product","link":"https:\/\/lucacastelli.com\/fr\/produit\/montura-remind-fleece-jacket-woman\/","title":{"rendered":"MONTURA REMIND FLEECE JACKET WOMAN"},"content":{"rendered":"<p>&#8211; Veste femme<br \/>\n&#8211; Mati\u00e8re Polartec Thermal Pro polyester fleece<br \/>\n&#8211; Partiellement doubl\u00e9e en jersey<br \/>\n&#8211; Devant central avec zip, poches mains zipp\u00e9es<br \/>\n&#8211; Poignets et ourlet \u00e9lastiqu\u00e9s<br \/>\n&#8211; V\u00eatement id\u00e9al pour diverses activit\u00e9s de plein air et de loisirs par temps froid<br \/>\n&#8211; Poids : 0,34 kg<\/p>\n","protected":false},"excerpt":{"rendered":"<p>&#8211; Veste femme &#8211; Mati\u00e8re Polartec Thermal Pro polyester fleece &#8211; Partiellement doubl\u00e9e en jersey &#8211; Devant central avec zip,<\/p>\n","protected":false},"featured_media":98839,"template":"","meta":{"_seopress_robots_primary_cat":"","_seopress_titles_title":"","_seopress_titles_desc":"","_seopress_robots_index":""},"product_brand":[4462],"product_cat":[81,981,1387],"product_tag":[],"class_list":{"0":"post-594979","1":"product","2":"type-product","3":"status-publish","4":"has-post-thumbnail","6":"product_brand-montura-fr","7":"product_cat-vetements","8":"product_cat-vetements-de-loisirs","9":"product_cat-vetements-pour-femmes","10":"sws-gruppo-abb-libero","11":"sws-categoria-sito","12":"sws-conto-ricavi-merci-rivendita-abbigliamento","13":"sws-gruppo-iva-iva81","15":"first","16":"instock","17":"shipping-taxable","18":"purchasable","19":"product-type-variable"},"_links":{"self":[{"href":"https:\/\/lucacastelli.com\/fr\/wp-json\/wp\/v2\/product\/594979","targetHints":{"allow":["GET"]}}],"collection":[{"href":"https:\/\/lucacastelli.com\/fr\/wp-json\/wp\/v2\/product"}],"about":[{"href":"https:\/\/lucacastelli.com\/fr\/wp-json\/wp\/v2\/types\/product"}],"wp:featuredmedia":[{"embeddable":true,"href":"https:\/\/lucacastelli.com\/fr\/wp-json\/wp\/v2\/media\/98839"}],"wp:attachment":[{"href":"https:\/\/lucacastelli.com\/fr\/wp-json\/wp\/v2\/media?parent=594979"}],"wp:term":[{"taxonomy":"product_brand","embeddable":true,"href":"https:\/\/lucacastelli.com\/fr\/wp-json\/wp\/v2\/product_brand?post=594979"},{"taxonomy":"product_cat","embeddable":true,"href":"https:\/\/lucacastelli.com\/fr\/wp-json\/wp\/v2\/product_cat?post=594979"},{"taxonomy":"product_tag","embeddable":true,"href":"https:\/\/lucacastelli.com\/fr\/wp-json\/wp\/v2\/product_tag?post=594979"}],"curies":[{"name":"wp","href":"https:\/\/api.w.org\/{rel}","templated":true}]}}