{"id":594975,"date":"2023-10-02T19:08:35","date_gmt":"2023-10-02T17:08:35","guid":{"rendered":"https:\/\/lucacastelli.com\/prodotto\/maillot-montura-thermic-4-femme\/"},"modified":"2026-03-01T00:24:43","modified_gmt":"2026-02-28T23:24:43","slug":"maillot-montura-thermic-4-femme","status":"publish","type":"product","link":"https:\/\/lucacastelli.com\/fr\/produit\/maillot-montura-thermic-4-femme\/","title":{"rendered":"MAILLOT MONTURA THERMIC 4 FEMME"},"content":{"rendered":"<p>&#8211; Pull pour femmes<br \/>\n&#8211; Tissu polaire en polyester avec int\u00e9rieur bross\u00e9 et traitement antibact\u00e9rien Sanitized<br \/>\n&#8211; D\u00e9tail en polyester contrast\u00e9<br \/>\n&#8211; Fermeture \u00e9clair centrale<br \/>\n&#8211; Le v\u00eatement id\u00e9al pour le ski de montagne, l&#8217;alpinisme et les sports de plein air.<\/p>\n","protected":false},"excerpt":{"rendered":"<p>&#8211; Pull pour femmes &#8211; Tissu polaire en polyester avec int\u00e9rieur bross\u00e9 et traitement antibact\u00e9rien Sanitized &#8211; D\u00e9tail en polyester<\/p>\n","protected":false},"featured_media":98772,"template":"","meta":{"_seopress_robots_primary_cat":"","_seopress_titles_title":"","_seopress_titles_desc":"","_seopress_robots_index":""},"product_brand":[4462],"product_cat":[81,981,1387],"product_tag":[],"class_list":{"0":"post-594975","1":"product","2":"type-product","3":"status-publish","4":"has-post-thumbnail","6":"product_brand-montura-fr","7":"product_cat-vetements","8":"product_cat-vetements-de-loisirs","9":"product_cat-vetements-pour-femmes","11":"first","12":"instock","13":"shipping-taxable","14":"purchasable","15":"product-type-variable"},"_links":{"self":[{"href":"https:\/\/lucacastelli.com\/fr\/wp-json\/wp\/v2\/product\/594975","targetHints":{"allow":["GET"]}}],"collection":[{"href":"https:\/\/lucacastelli.com\/fr\/wp-json\/wp\/v2\/product"}],"about":[{"href":"https:\/\/lucacastelli.com\/fr\/wp-json\/wp\/v2\/types\/product"}],"wp:featuredmedia":[{"embeddable":true,"href":"https:\/\/lucacastelli.com\/fr\/wp-json\/wp\/v2\/media\/98772"}],"wp:attachment":[{"href":"https:\/\/lucacastelli.com\/fr\/wp-json\/wp\/v2\/media?parent=594975"}],"wp:term":[{"taxonomy":"product_brand","embeddable":true,"href":"https:\/\/lucacastelli.com\/fr\/wp-json\/wp\/v2\/product_brand?post=594975"},{"taxonomy":"product_cat","embeddable":true,"href":"https:\/\/lucacastelli.com\/fr\/wp-json\/wp\/v2\/product_cat?post=594975"},{"taxonomy":"product_tag","embeddable":true,"href":"https:\/\/lucacastelli.com\/fr\/wp-json\/wp\/v2\/product_tag?post=594975"}],"curies":[{"name":"wp","href":"https:\/\/api.w.org\/{rel}","templated":true}]}}