{"id":594949,"date":"2023-09-15T10:33:58","date_gmt":"2023-09-15T08:33:58","guid":{"rendered":"https:\/\/lucacastelli.com\/prodotto\/montura-destiny-couette-femme\/"},"modified":"2026-03-01T00:24:37","modified_gmt":"2026-02-28T23:24:37","slug":"montura-destiny-couette-femme","status":"publish","type":"product","link":"https:\/\/lucacastelli.com\/fr\/produit\/montura-destiny-couette-femme\/","title":{"rendered":"MONTURA DESTINY COUETTE FEMME"},"content":{"rendered":"<p>&#8211; Veste matelass\u00e9e \u00e0 capuche pour femme<br \/>\n&#8211; Tissu nylon DWR 2 couches avec membrane 15K\/15K<br \/>\n&#8211; Doublure en tissu nylon DWR<br \/>\n&#8211; Garnissage 100% polyester recycl\u00e9 Comfortemp Down feel<br \/>\n&#8211; Garnissage secondaire ultral\u00e9ger en polyester Comfortemp\u00ae 60gr<br \/>\n&#8211; Fermeture \u00e0 glissi\u00e8re au centre de la face avant, poches mains zipp\u00e9es<br \/>\n&#8211; Capuche avec bande frontale ajust\u00e9e termin\u00e9e par un \u00e9lastique<br \/>\n&#8211; Poignets et ourlet termin\u00e9s par un \u00e9lastique<br \/>\n&#8211; V\u00eatement id\u00e9al pour diverses activit\u00e9s de plein air et temps libre par temps froid<br \/>\n&#8211; Poids 0.5 kg<\/p>\n","protected":false},"excerpt":{"rendered":"<p>&#8211; Veste matelass\u00e9e \u00e0 capuche pour femme &#8211; Tissu nylon DWR 2 couches avec membrane 15K\/15K &#8211; Doublure en tissu<\/p>\n","protected":false},"featured_media":98721,"template":"","meta":{"_seopress_robots_primary_cat":"","_seopress_titles_title":"","_seopress_titles_desc":"","_seopress_robots_index":""},"product_brand":[4462],"product_cat":[81,981,1387],"product_tag":[],"class_list":{"0":"post-594949","1":"product","2":"type-product","3":"status-publish","4":"has-post-thumbnail","6":"product_brand-montura-fr","7":"product_cat-vetements","8":"product_cat-vetements-de-loisirs","9":"product_cat-vetements-pour-femmes","11":"first","12":"instock","13":"shipping-taxable","14":"purchasable","15":"product-type-variable"},"_links":{"self":[{"href":"https:\/\/lucacastelli.com\/fr\/wp-json\/wp\/v2\/product\/594949","targetHints":{"allow":["GET"]}}],"collection":[{"href":"https:\/\/lucacastelli.com\/fr\/wp-json\/wp\/v2\/product"}],"about":[{"href":"https:\/\/lucacastelli.com\/fr\/wp-json\/wp\/v2\/types\/product"}],"wp:featuredmedia":[{"embeddable":true,"href":"https:\/\/lucacastelli.com\/fr\/wp-json\/wp\/v2\/media\/98721"}],"wp:attachment":[{"href":"https:\/\/lucacastelli.com\/fr\/wp-json\/wp\/v2\/media?parent=594949"}],"wp:term":[{"taxonomy":"product_brand","embeddable":true,"href":"https:\/\/lucacastelli.com\/fr\/wp-json\/wp\/v2\/product_brand?post=594949"},{"taxonomy":"product_cat","embeddable":true,"href":"https:\/\/lucacastelli.com\/fr\/wp-json\/wp\/v2\/product_cat?post=594949"},{"taxonomy":"product_tag","embeddable":true,"href":"https:\/\/lucacastelli.com\/fr\/wp-json\/wp\/v2\/product_tag?post=594949"}],"curies":[{"name":"wp","href":"https:\/\/api.w.org\/{rel}","templated":true}]}}