{"id":594805,"date":"2023-01-31T11:27:59","date_gmt":"2023-01-31T10:27:59","guid":{"rendered":"https:\/\/lucacastelli.com\/prodotto\/metabo-powermaxx-bs-set\/"},"modified":"2023-01-31T11:27:59","modified_gmt":"2023-01-31T10:27:59","slug":"metabo-powermaxx-bs-set","status":"publish","type":"product","link":"https:\/\/lucacastelli.com\/fr\/produit\/metabo-powermaxx-bs-set\/","title":{"rendered":"METABO POWERMAXX BS SET"},"content":{"rendered":"<\/p>\n<h1><span class=\"tit001\">POWERMAXX BS SET (600079510) PERCEUSE-VISSEUSE SANS FIL<\/span><\/h1>\n<h2><span class=\"tit001\">10.8V 2X2AH LI-ION ; CHARGEUR DE BATTERIE LC 40 ; SAC \u00c0 OUTILS ; AVEC BO\u00ceTE D&#8217;INSERTION SP (15 PI\u00c8CES)<\/span><\/h2>\n<\/p>\n<ul>\n<li><span class=\"btext001\">Perceuse-visseuse l\u00e9g\u00e8re et compacte avec un design particuli\u00e8rement court pour une utilisation polyvalente<\/span><\/li>\n<li><span class=\"btext001\">Arbre avec douille hexagonale pour embouts de tournevis, pour travailler sans mandrin<\/span><\/li>\n<li><span class=\"btext001\">Lampe de travail int\u00e9gr\u00e9e pour \u00e9clairer la zone de travail<\/span><\/li>\n<li><span class=\"btext001\">Avec crochet de ceinture pratique, peut \u00eatre fix\u00e9 \u00e0 gauche ou \u00e0 droite sans outils.<\/span><\/li>\n<li><span class=\"btext001\">Indication pratique de l&#8217;autonomie restante<\/span><\/li>\n<li><span class=\"btext001\">Technologie Ultra-M : performances maximales, chargement s\u00e9curis\u00e9 et garantie de 3 ans sur la batterie<\/span><\/li>\n<\/ul>\n<p><span class=\"btext001\">Selon la configuration, l&#8217;\u00e9quipement et les d\u00e9tails techniques de la machine pr\u00e9sent\u00e9e peuvent varier.<br \/>Veuillez respecter l&#8217;\u00e9quipement et la description du produit.<br \/>Les accessoires sont uniquement inclus dans la livraison.<\/span><\/p>\n<\/p>\n<p><strong>Donn\u00e9es techniques<\/strong><\/p>\n<\/p>\n<p><span class=\"btext001\">Type de batterie Li-Ion<\/span><\/p>\n<p><span class=\"btext001\">Tension de la batterie 10,8 V<\/span><\/p>\n<p><span class=\"btext001\">Capacit\u00e9 de la batterie 2 x 2 Ah<\/span><\/p>\n<p><span class=\"btext001\">Couple max. (vissage doux) 17 Nm<\/span><\/p>\n<p><span class=\"btext001\">Couple max. (tournevis dur) 34 Nm<\/span><\/p>\n<p><span class=\"btext001\">Couple r\u00e9glable 0,5 &#8211; 5 Nm<\/span><\/p>\n<p><span class=\"btext001\">Diam\u00e8tre de per\u00e7age acier 10 mm<\/span><\/p>\n<p><span class=\"btext001\">Diam\u00e8tre de per\u00e7age bois tendre 18 mm<\/span><\/p>\n<p><span class=\"btext001\">Nombre de tours \u00e0 vide 0 &#8211; 360 \/ 0 &#8211; 1400 \/min <\/span><\/p>\n<p><span class=\"btext001\">Ouverture de la broche 1 &#8211; 10 mm<\/span><\/p>\n<p><span class=\"btext001\">Poids (avec batterie) 0,8 kg<\/span><\/p>\n<\/p>\n<p><span class=\"btext001\"><strong>Vibrations<\/strong><\/span><\/p>\n<\/p>\n<p>Per\u00e7age du m\u00e9tal 3 m\/s\u00b2<\/p>\n<p>Incertitude de mesure K 1,5 m\/s\u00b2<\/p>\n<p>Serrage sans impact 2,5 m\/s\u00b2.<\/p>\n<p>Incertitude de mesure K 1,5 m\/s\u00b2<\/p>\n<\/p>\n<p><span class=\"btext001\"><strong>\u00c9missions sonores<\/strong><\/span><\/p>\n<\/p>\n<p>Niveau de pression acoustique 64 dB(A)<\/p>\n<p>Niveau de puissance acoustique (LwA) 75 dB(A)<\/p>\n<p>Incertitude de mesure K 3 dB(A)<\/p>\n<\/p>\n<p><span class=\"btext001\"><strong>Equipement  <\/strong><\/span><\/p>\n<ul>\n<li><span class=\"btext001\">Chargeur de batterie LC 40<\/span><\/li>\n<li><span class=\"btext001\">Sac \u00e0 outils<\/span><\/li>\n<li><span class=\"btext001\">Bo\u00eete d&#8217;insertion (15 pi\u00e8ces)<\/span><\/li>\n<li><span class=\"btext001\">Mandrin sans cl\u00e9<\/span><\/li>\n<li><span class=\"btext001\">Crochet de ceinture<\/span><\/li>\n<li><span class=\"btext001\">2 batteries Li-Power (10,8 V\/2,0 Ah)<\/span><\/li>\n<\/ul>\n","protected":false},"excerpt":{"rendered":"<p>POWERMAXX BS SET (600079510) PERCEUSE-VISSEUSE SANS FIL 10.8V 2X2AH LI-ION ; CHARGEUR DE BATTERIE LC 40 ; SAC \u00c0 OUTILS<\/p>\n","protected":false},"featured_media":85713,"template":"","meta":{"_seopress_robots_primary_cat":"","_seopress_titles_title":"","_seopress_titles_desc":"","_seopress_robots_index":""},"product_brand":[5133],"product_cat":[1453,167,1552],"product_tag":[],"class_list":{"0":"post-594805","1":"product","2":"type-product","3":"status-publish","4":"has-post-thumbnail","6":"product_brand-metabo-fr","7":"product_cat-autres-appareils","8":"product_cat-machines","9":"product_cat-perceuses-et-tournevis","10":"sws-gruppo-macchinari-fr","11":"sws-conto-ricavi-merci-rivendita-macchinari-fr","12":"sws-gruppo-iva-iva81-fr","14":"first","15":"instock","16":"shipping-taxable","17":"purchasable","18":"product-type-simple"},"_links":{"self":[{"href":"https:\/\/lucacastelli.com\/fr\/wp-json\/wp\/v2\/product\/594805","targetHints":{"allow":["GET"]}}],"collection":[{"href":"https:\/\/lucacastelli.com\/fr\/wp-json\/wp\/v2\/product"}],"about":[{"href":"https:\/\/lucacastelli.com\/fr\/wp-json\/wp\/v2\/types\/product"}],"wp:featuredmedia":[{"embeddable":true,"href":"https:\/\/lucacastelli.com\/fr\/wp-json\/wp\/v2\/media\/85713"}],"wp:attachment":[{"href":"https:\/\/lucacastelli.com\/fr\/wp-json\/wp\/v2\/media?parent=594805"}],"wp:term":[{"taxonomy":"product_brand","embeddable":true,"href":"https:\/\/lucacastelli.com\/fr\/wp-json\/wp\/v2\/product_brand?post=594805"},{"taxonomy":"product_cat","embeddable":true,"href":"https:\/\/lucacastelli.com\/fr\/wp-json\/wp\/v2\/product_cat?post=594805"},{"taxonomy":"product_tag","embeddable":true,"href":"https:\/\/lucacastelli.com\/fr\/wp-json\/wp\/v2\/product_tag?post=594805"}],"curies":[{"name":"wp","href":"https:\/\/api.w.org\/{rel}","templated":true}]}}