{"id":594800,"date":"2023-03-02T13:12:54","date_gmt":"2023-03-02T12:12:54","guid":{"rendered":"https:\/\/lucacastelli.com\/prodotto\/empeigne-daim-45-pf\/"},"modified":"2023-03-02T13:12:54","modified_gmt":"2023-03-02T12:12:54","slug":"empeigne-daim-45-pf","status":"publish","type":"product","link":"https:\/\/lucacastelli.com\/fr\/produit\/empeigne-daim-45-pf\/","title":{"rendered":"Empeigne Daim 45 PF"},"content":{"rendered":"<p>Mat\u00e9riau Quiet SUEDE<br \/>\nDos en FREEDOM AIR MESH<br \/>\nSac int\u00e9rieur amovible, thermosoud\u00e9 et imperm\u00e9able<br \/>\n4 poches ext\u00e9rieures (1 frontale, 1 sur la capuche, 2 poches lat\u00e9rales, une pour le spektiv)<br \/>\nHousse de sac \u00e0 dos imperm\u00e9able<br \/>\nLED Plus Nature<\/p>\n<p>Le syst\u00e8me FREEDOM AIR assure une r\u00e9duction significative de la transpiration et une plus grande sensation de fra\u00eecheur. En plus d&#8217;\u00eatre l\u00e9g\u00e8re et \u00e9lastique, la structure en acier assure une excellente ventilation. La distance entre le dos en maille et le sac \u00e0 dos permet \u00e0 l&#8217;humidit\u00e9 de s&#8217;\u00e9chapper par les 3 c\u00f4t\u00e9s. Les bretelles anatomiques sont rembourr\u00e9es et confortables pour r\u00e9partir uniform\u00e9ment le poids.   <\/p>\n<p>Mati\u00e8re SUEDE<\/p>\n<p>Une nouveaut\u00e9 qui nous diff\u00e9rencie, elle est douce et surtout anti-bruit, id\u00e9ale pour la chasse. La microfibre innovante &#8220;SUEDE&#8221; est une fibre textile synth\u00e9tique aujourd&#8217;hui utilis\u00e9e dans de nombreux domaines : sacs \u00e0 dos, sacs, v\u00eatements, canap\u00e9s, chiffons de nettoyage. Elle provient de la transformation d&#8217;une fibre synth\u00e9tique (souvent du polyester) et sa composition la rend particuli\u00e8rement r\u00e9sistante et souple mais aussi 100% d\u00e9perlante et lavable gr\u00e2ce \u00e0 son tissage remarquablement dense.  <\/p>\n<table style=\"width: 430px\" border=\"0\" cellspacing=\"0\" cellpadding=\"0\">\n<tbody>\n<tr>\n<td width=\"229\" height=\"20\"><strong><span style=\"font-family: Calibri;font-size: medium\">Art.  <\/span><\/strong><\/td>\n<td width=\"201\"><strong><span style=\"font-family: Calibri;font-size: medium\">M210PF<\/span><\/strong><\/td>\n<\/tr>\n<tr>\n<td height=\"20\"><span style=\"font-family: Calibri;font-size: medium\">Volume (litres)<\/span><\/td>\n<td><span style=\"font-family: Calibri;font-size: medium\">45<\/span><\/td>\n<\/tr>\n<tr>\n<td height=\"20\"><span style=\"font-family: Calibri;font-size: medium\">Dimensions (cm)<\/span><\/td>\n<td><span style=\"font-family: Calibri;font-size: medium\">52 x 34 x 15<\/span><\/td>\n<\/tr>\n<tr>\n<td height=\"20\"><span style=\"font-family: Calibri;font-size: medium\">Mati\u00e8re<\/span><\/td>\n<td><span style=\"font-family: Calibri;font-size: medium\">SUEDE<\/span><\/td>\n<\/tr>\n<tr>\n<td height=\"20\"><span style=\"font-family: Calibri;font-size: medium\">Couleur<\/span><\/td>\n<td><span style=\"font-family: Calibri;font-size: medium\">vert<\/span><\/td>\n<\/tr>\n<tr>\n<td height=\"20\"><span style=\"font-family: Calibri;font-size: medium\">Poids<\/span><\/td>\n<td><span style=\"font-family: Calibri;font-size: medium\">1700 g<\/span><\/td>\n<\/tr>\n<tr>\n<td height=\"20\"><span style=\"font-family: Calibri;font-size: medium\">Prix<\/span><\/td>\n<td><span style=\"font-family: Calibri;font-size: medium\">278.00<\/span><\/td>\n<\/tr>\n<\/tbody>\n<\/table>\n","protected":false},"excerpt":{"rendered":"<p>Mat\u00e9riau Quiet SUEDE Dos en FREEDOM AIR MESH Sac int\u00e9rieur amovible, thermosoud\u00e9 et imperm\u00e9able 4 poches ext\u00e9rieures (1 frontale, 1<\/p>\n","protected":false},"featured_media":86881,"template":"","meta":{"_seopress_robots_primary_cat":"","_seopress_titles_title":"","_seopress_titles_desc":"","_seopress_robots_index":""},"product_brand":[4424],"product_cat":[33,211,212],"product_tag":[],"class_list":{"0":"post-594800","1":"product","2":"type-product","3":"status-publish","4":"has-post-thumbnail","6":"product_brand-marsupio","7":"product_cat-attrezzature","8":"product_cat-attrezzatura-per-il-tempo-libero","9":"product_cat-altro","10":"sws-gruppo-abb-libero","11":"sws-conto-ricavi-merci-rivendita-abbigliamento","13":"first","14":"onbackorder","15":"shipping-taxable","16":"purchasable","17":"product-type-simple"},"_links":{"self":[{"href":"https:\/\/lucacastelli.com\/fr\/wp-json\/wp\/v2\/product\/594800","targetHints":{"allow":["GET"]}}],"collection":[{"href":"https:\/\/lucacastelli.com\/fr\/wp-json\/wp\/v2\/product"}],"about":[{"href":"https:\/\/lucacastelli.com\/fr\/wp-json\/wp\/v2\/types\/product"}],"wp:featuredmedia":[{"embeddable":true,"href":"https:\/\/lucacastelli.com\/fr\/wp-json\/wp\/v2\/media\/86881"}],"wp:attachment":[{"href":"https:\/\/lucacastelli.com\/fr\/wp-json\/wp\/v2\/media?parent=594800"}],"wp:term":[{"taxonomy":"product_brand","embeddable":true,"href":"https:\/\/lucacastelli.com\/fr\/wp-json\/wp\/v2\/product_brand?post=594800"},{"taxonomy":"product_cat","embeddable":true,"href":"https:\/\/lucacastelli.com\/fr\/wp-json\/wp\/v2\/product_cat?post=594800"},{"taxonomy":"product_tag","embeddable":true,"href":"https:\/\/lucacastelli.com\/fr\/wp-json\/wp\/v2\/product_tag?post=594800"}],"curies":[{"name":"wp","href":"https:\/\/api.w.org\/{rel}","templated":true}]}}