{"id":594796,"date":"2022-06-15T00:51:55","date_gmt":"2022-06-14T22:51:55","guid":{"rendered":"https:\/\/lucacastelli.com\/prodotto\/foret-35-bis-upper\/"},"modified":"2022-06-15T00:51:55","modified_gmt":"2022-06-14T22:51:55","slug":"foret-35-bis-upper","status":"publish","type":"product","link":"https:\/\/lucacastelli.com\/fr\/produit\/foret-35-bis-upper\/","title":{"rendered":"For\u00eat 35 BIS UPPER"},"content":{"rendered":"<p>Sac \u00e0 dos pour la cueillette des champignons, compos\u00e9 d&#8217;une moiti\u00e9 de tissu et d&#8217;une moiti\u00e9 de filet. Le sac \u00e0 dos est<br \/>\nconforme \u00e0 la loi, avec dos rembourr\u00e9 de 4 coussinets, sangle de poitrine, bretelles r\u00e9glables et<br \/>\nsangle de taille. Il est \u00e9quip\u00e9 de deux poches lat\u00e9rales \u00e0 soufflet, dont l&#8217;une est un porte-bouteille aluminis\u00e9 pour garder les boissons au frais. Poches frontales pour carte d&#8217;identit\u00e9, couteau et poche \u00e0 soufflet pratique sur la capuche. Bandouli\u00e8re amovible et r\u00e9glable pour faciliter la cueillette des champignons.    <\/p>\n","protected":false},"excerpt":{"rendered":"<p>Sac \u00e0 dos pour la cueillette des champignons, compos\u00e9 d&#8217;une moiti\u00e9 de tissu et d&#8217;une moiti\u00e9 de filet. Le sac<\/p>\n","protected":false},"featured_media":69385,"template":"","meta":{"_seopress_robots_primary_cat":"","_seopress_titles_title":"","_seopress_titles_desc":"","_seopress_robots_index":""},"product_brand":[4424],"product_cat":[33,211,212],"product_tag":[],"class_list":{"0":"post-594796","1":"product","2":"type-product","3":"status-publish","4":"has-post-thumbnail","6":"product_brand-marsupio","7":"product_cat-attrezzature","8":"product_cat-attrezzatura-per-il-tempo-libero","9":"product_cat-altro","10":"sws-gruppo-abb-libero","11":"sws-conto-ricavi-merci-rivendita-abbigliamento","12":"sws-gruppo-iva-iva81","14":"first","15":"onbackorder","16":"shipping-taxable","17":"purchasable","18":"product-type-simple"},"_links":{"self":[{"href":"https:\/\/lucacastelli.com\/fr\/wp-json\/wp\/v2\/product\/594796","targetHints":{"allow":["GET"]}}],"collection":[{"href":"https:\/\/lucacastelli.com\/fr\/wp-json\/wp\/v2\/product"}],"about":[{"href":"https:\/\/lucacastelli.com\/fr\/wp-json\/wp\/v2\/types\/product"}],"wp:featuredmedia":[{"embeddable":true,"href":"https:\/\/lucacastelli.com\/fr\/wp-json\/wp\/v2\/media\/69385"}],"wp:attachment":[{"href":"https:\/\/lucacastelli.com\/fr\/wp-json\/wp\/v2\/media?parent=594796"}],"wp:term":[{"taxonomy":"product_brand","embeddable":true,"href":"https:\/\/lucacastelli.com\/fr\/wp-json\/wp\/v2\/product_brand?post=594796"},{"taxonomy":"product_cat","embeddable":true,"href":"https:\/\/lucacastelli.com\/fr\/wp-json\/wp\/v2\/product_cat?post=594796"},{"taxonomy":"product_tag","embeddable":true,"href":"https:\/\/lucacastelli.com\/fr\/wp-json\/wp\/v2\/product_tag?post=594796"}],"curies":[{"name":"wp","href":"https:\/\/api.w.org\/{rel}","templated":true}]}}