{"id":594746,"date":"2025-08-05T11:31:06","date_gmt":"2025-08-05T09:31:06","guid":{"rendered":"https:\/\/lucacastelli.com\/prodotto\/batterie-stihl-ap-20\/"},"modified":"2026-04-16T02:11:25","modified_gmt":"2026-04-16T00:11:25","slug":"batterie-stihl-ap-20","status":"publish","type":"product","link":"https:\/\/lucacastelli.com\/fr\/produit\/batterie-stihl-ap-20\/","title":{"rendered":"Batterie STIHL AP 20"},"content":{"rendered":"<h2 class=\"product-details__title\">Batterie puissante pour les mod\u00e8les de base du syst\u00e8me AP<\/h2>\n<div class=\"product-details__description richtexteditor\">\n<p>Le <a href=\"https:\/\/www.stihl.it\/it\/tecnologia-stihl\/carica-batteria-stihl\/stihl-sistema-ap\"><strong>syst\u00e8me STIHL AP<\/strong><\/a> vous soutient dans vos activit\u00e9s quotidiennes d\u2019entretien du jardin, du paysage et des arbres. Les batteries lithium-ion AP vous permettent d\u2019utiliser les produits \u00e0 batterie STIHL m\u00eame pour des travaux exigeants. Gr\u00e2ce \u00e0 4 LED, vous \u00eates toujours inform\u00e9 de l\u2019\u00e9tat de charge de la batterie.  <\/p>\n<p>La batterie STIHL AP 20, avec une tension nominale de 36 V, est polyvalente, r\u00e9sistante et durable. Elle vous permet d\u2019effectuer efficacement m\u00eame les travaux les plus exigeants. L\u2019AP 20 est compatible avec tous les appareils STIHL du syst\u00e8me AP, bien que sa puissance soit principalement con\u00e7ue pour les mod\u00e8les de base. Pour les appareils ayant des besoins \u00e9nerg\u00e9tiques plus \u00e9lev\u00e9s, il est conseill\u00e9 d\u2019utiliser des batteries plus puissantes du m\u00eame syst\u00e8me.   <\/p>\n<p>Vous pouvez recharger les batteries STIHL AP de 36 V avec n\u2019importe quel chargeur rapide STIHL ou avec le chargeur standard STIHL AL 101.<\/p>\n<p>Dans notre a<a href=\"https:\/\/www.stihl.it\/it\/tecnologia-stihl\/carica-batteria-stihl\/durata-batterie-stihl\"><strong>per\u00e7u des temps de fonctionnement <\/strong><\/a>et de charge des batteries STIHL, vous pouvez voir combien de temps vous pouvez travailler avec votre appareil \u00e0 batterie STIHL et combien de temps la batterie AP utilis\u00e9e met \u00e0 se recharger. Vous trouverez \u00e9galement quelle batterie AP est recommand\u00e9e pour votre appareil STIHL. <\/p>\n<\/div>\n<p>&nbsp;<\/p>\n<table data-test-id=\"pdp-spec-tech-table\">\n<tbody>\n<tr>\n<td>Tension nominale<\/td>\n<td>36 V<\/td>\n<\/tr>\n<tr>\n<td>Poids de la batterie<\/td>\n<td>1,29 kg<\/td>\n<\/tr>\n<tr>\n<td>Capacit\u00e9 \u00e9nerg\u00e9tique<\/td>\n<td>144 Wh<\/td>\n<\/tr>\n<tr>\n<td>Capacit\u00e9 nominale de la cellule (selon les donn\u00e9es du fabricant)<\/td>\n<td>2 Ah<\/td>\n<\/tr>\n<tr>\n<td>Nombre de LED<\/td>\n<td>4<\/td>\n<\/tr>\n<\/tbody>\n<\/table>\n","protected":false},"excerpt":{"rendered":"<p>Batterie puissante pour les mod\u00e8les de base du syst\u00e8me AP Le syst\u00e8me STIHL AP vous soutient dans vos activit\u00e9s quotidiennes<\/p>\n","protected":false},"featured_media":592566,"template":"","meta":{"_seopress_robots_primary_cat":"none","_seopress_titles_title":"","_seopress_titles_desc":"","_seopress_robots_index":""},"product_brand":[3366],"product_cat":[29,491],"product_tag":[],"class_list":{"0":"post-594746","1":"product","2":"type-product","3":"status-publish","4":"has-post-thumbnail","6":"product_brand-stihl","7":"product_cat-macchinari","8":"product_cat-accessori-sistemi-a-batteria","9":"sws-gruppo-macchinari-fr","10":"sws-conto-ricavi-merci-rivendita-macchinari-fr","11":"sws-gruppo-iva-iva81-fr","13":"first","14":"instock","15":"shipping-taxable","16":"purchasable","17":"product-type-simple"},"_links":{"self":[{"href":"https:\/\/lucacastelli.com\/fr\/wp-json\/wp\/v2\/product\/594746","targetHints":{"allow":["GET"]}}],"collection":[{"href":"https:\/\/lucacastelli.com\/fr\/wp-json\/wp\/v2\/product"}],"about":[{"href":"https:\/\/lucacastelli.com\/fr\/wp-json\/wp\/v2\/types\/product"}],"wp:featuredmedia":[{"embeddable":true,"href":"https:\/\/lucacastelli.com\/fr\/wp-json\/wp\/v2\/media\/592566"}],"wp:attachment":[{"href":"https:\/\/lucacastelli.com\/fr\/wp-json\/wp\/v2\/media?parent=594746"}],"wp:term":[{"taxonomy":"product_brand","embeddable":true,"href":"https:\/\/lucacastelli.com\/fr\/wp-json\/wp\/v2\/product_brand?post=594746"},{"taxonomy":"product_cat","embeddable":true,"href":"https:\/\/lucacastelli.com\/fr\/wp-json\/wp\/v2\/product_cat?post=594746"},{"taxonomy":"product_tag","embeddable":true,"href":"https:\/\/lucacastelli.com\/fr\/wp-json\/wp\/v2\/product_tag?post=594746"}],"curies":[{"name":"wp","href":"https:\/\/api.w.org\/{rel}","templated":true}]}}