{"id":594744,"date":"2025-06-01T02:41:33","date_gmt":"2025-06-01T00:41:33","guid":{"rendered":"https:\/\/lucacastelli.com\/prodotto\/jeu-de-casques-advance-stihl-a-ventilation\/"},"modified":"2026-03-02T11:23:36","modified_gmt":"2026-03-02T10:23:36","slug":"jeu-de-casques-advance-stihl-a-ventilation","status":"publish","type":"product","link":"https:\/\/lucacastelli.com\/fr\/produit\/jeu-de-casques-advance-stihl-a-ventilation\/","title":{"rendered":"Jeu de casques ADVANCE STIHL \u00e0 ventilation"},"content":{"rendered":"<p>pCasque professionnel avec visi\u00e8re et protections auditives avec un haut niveau de fonctionnalit\u00e9 pour satisfaire les pr\u00e9f\u00e9rences individuelles et parfait pour le b\u00fbcheron recherchant confort et ergonomie dans le travail quotidien. Couleur orange.nbsp;\/p<br \/>\n886661543175 <\/p>\n<p>Valeur d&#8217;isolation 28<br \/>\nValeur H Valeur H<\/p>\n<p>Valeur M Valeur M<br \/>\nValeur L 19<br \/>\nTransmission de la lumi\u00e8re 70<\/p>\n","protected":false},"excerpt":{"rendered":"<p>Jeu de casques ADVANCE Vent<\/p>\n","protected":false},"featured_media":425457,"template":"","meta":{"_seopress_robots_primary_cat":"","_seopress_titles_title":"","_seopress_titles_desc":"","_seopress_robots_index":""},"product_brand":[],"product_cat":[21],"product_tag":[3265],"class_list":{"0":"post-594744","1":"product","2":"type-product","3":"status-publish","4":"has-post-thumbnail","6":"product_cat-abbigliamento","7":"product_tag-import-stihl","8":"sws-gruppo-abb-libero-fr","9":"sws-conto-ricavi-merci-rivendita-abbigliamento-fr","10":"sws-gruppo-iva-iva81-fr","12":"first","13":"onbackorder","14":"purchasable","15":"product-type-simple"},"_links":{"self":[{"href":"https:\/\/lucacastelli.com\/fr\/wp-json\/wp\/v2\/product\/594744","targetHints":{"allow":["GET"]}}],"collection":[{"href":"https:\/\/lucacastelli.com\/fr\/wp-json\/wp\/v2\/product"}],"about":[{"href":"https:\/\/lucacastelli.com\/fr\/wp-json\/wp\/v2\/types\/product"}],"wp:featuredmedia":[{"embeddable":true,"href":"https:\/\/lucacastelli.com\/fr\/wp-json\/wp\/v2\/media\/425457"}],"wp:attachment":[{"href":"https:\/\/lucacastelli.com\/fr\/wp-json\/wp\/v2\/media?parent=594744"}],"wp:term":[{"taxonomy":"product_brand","embeddable":true,"href":"https:\/\/lucacastelli.com\/fr\/wp-json\/wp\/v2\/product_brand?post=594744"},{"taxonomy":"product_cat","embeddable":true,"href":"https:\/\/lucacastelli.com\/fr\/wp-json\/wp\/v2\/product_cat?post=594744"},{"taxonomy":"product_tag","embeddable":true,"href":"https:\/\/lucacastelli.com\/fr\/wp-json\/wp\/v2\/product_tag?post=594744"}],"curies":[{"name":"wp","href":"https:\/\/api.w.org\/{rel}","templated":true}]}}