{"id":594740,"date":"2025-08-05T11:23:22","date_gmt":"2025-08-05T09:23:22","guid":{"rendered":"https:\/\/lucacastelli.com\/prodotto\/batterie-stihl-ap-30\/"},"modified":"2025-08-05T11:23:22","modified_gmt":"2025-08-05T09:23:22","slug":"batterie-stihl-ap-30","status":"publish","type":"product","link":"https:\/\/lucacastelli.com\/fr\/produit\/batterie-stihl-ap-30\/","title":{"rendered":"Batterie STIHL AP 30"},"content":{"rendered":"<div class=\"product-details__grid--item\">\n<h2 class=\"product-details__title\">Batterie puissante pour les mod\u00e8les de syst\u00e8mes AP de base<\/h2>\n<div class=\"product-details__description richtexteditor\">\n<p>Le syst\u00e8me <a href=\"https:\/\/www.stihl.it\/it\/tecnologia-stihl\/carica-batteria-stihl\/stihl-sistema-ap\"><strong>syst\u00e8me STIHL AP <\/strong><\/a>vous aide dans vos t\u00e2ches quotidiennes de jardinage, d&#8217;am\u00e9nagement paysager et d&#8217;entretien des arbres. Les batteries lithium-ion AP vous permettent d&#8217;utiliser les produits sans fil STIHL m\u00eame pour les travaux difficiles. Gr\u00e2ce aux 4 LED, vous \u00eates toujours inform\u00e9 de l&#8217;\u00e9tat de charge de la batterie.  <\/p>\n<p>La batterie STIHL <strong>AP 30<\/strong> avec une tension nominale de 36 V est polyvalente, r\u00e9sistante et durable. Elle vous permet de vous attaquer efficacement aux travaux les plus exigeants. L&#8217;AP 30 est compatible avec tous les appareils du syst\u00e8me AP de STIHL, bien que sa puissance soit principalement con\u00e7ue pour les <strong>mod\u00e8les de base du syst\u00e8me AP<\/strong>. Pour les appareils ayant des besoins en puissance plus \u00e9lev\u00e9s, il est conseill\u00e9 d&#8217;utiliser des batteries plus puissantes du m\u00eame syst\u00e8me.   <\/p>\n<p>Les batteries STIHL AP 36 V peuvent \u00eatre charg\u00e9es avec n&#8217;importe quel chargeur rapide STIHL ou avec le chargeur standard STIHL AL 101.<\/p>\n<p>Dans notre <a href=\"https:\/\/www.stihl.it\/it\/tecnologia-stihl\/carica-batteria-stihl\/durata-batterie-stihl\"><strong>aper\u00e7u des dur\u00e9es d&#8217;utilisation<\/strong><\/a> et des temps de recharge des batteries STIHL, vous pouvez voir combien de temps vous pouvez travailler avec votre appareil sans fil STIHL et combien de temps la batterie AP met \u00e0 se recharger. Vous trouverez \u00e9galement quelle batterie AP est recommand\u00e9e pour votre appareil STIHL. <\/p>\n<\/div>\n<\/div>\n<div class=\"product-details__image\">\n<div class=\"product-image product-image--product-details\"><picture class=\"product-image__picture\"><source srcset=\"\/content\/dam\/stihl\/media\/pim\/126734.jpg.transform\/ProductDetailsSectionView-mq1\/img.jpg 1x, \/content\/dam\/stihl\/media\/pim\/126734.jpg.transform\/ProductDetailsSectionView-mq1-dpr2\/img.jpg 2x\" media=\"(max-width: 569px)\"><\/source><source srcset=\"\/content\/dam\/stihl\/media\/pim\/126734.jpg.transform\/ProductDetailsSectionView-mq2\/img.jpg 1x, \/content\/dam\/stihl\/media\/pim\/126734.jpg.transform\/ProductDetailsSectionView-mq2-dpr2\/img.jpg 2x\" media=\"(max-width: 767px)\"><\/source><source srcset=\"\/content\/dam\/stihl\/media\/pim\/126734.jpg.transform\/ProductDetailsSectionView-mq3\/img.jpg 1x, \/content\/dam\/stihl\/media\/pim\/126734.jpg.transform\/ProductDetailsSectionView-mq3-dpr2\/img.jpg 2x\" media=\"(max-width: 1023px)\"><\/source><\/picture><\/div>\n<\/div>\n<div><\/div>\n<div><\/div>\n<table data-test-id=\"pdp-spec-tech-table\">\n<tbody>\n<tr>\n<td>Tension nominale<\/td>\n<td>36 V<\/td>\n<\/tr>\n<tr>\n<td>Poids de la batterie<\/td>\n<td>1,73 kg<\/td>\n<\/tr>\n<tr>\n<td>Contenu \u00e9nerg\u00e9tique<\/td>\n<td>270 Wh<\/td>\n<\/tr>\n<tr>\n<td>Capacit\u00e9 nominale des cellules (selon les donn\u00e9es du fabricant)<\/td>\n<td>2,50 Ah<\/td>\n<\/tr>\n<tr>\n<td>Nombre de LED<\/td>\n<td>4<\/td>\n<\/tr>\n<\/tbody>\n<\/table>\n","protected":false},"excerpt":{"rendered":"<p>Batterie puissante pour les mod\u00e8les de syst\u00e8mes AP de base Le syst\u00e8me syst\u00e8me STIHL AP vous aide dans vos t\u00e2ches<\/p>\n","protected":false},"featured_media":592441,"template":"","meta":{"_seopress_robots_primary_cat":"","_seopress_titles_title":"","_seopress_titles_desc":"","_seopress_robots_index":""},"product_brand":[3366],"product_cat":[29,491],"product_tag":[],"class_list":{"0":"post-594740","1":"product","2":"type-product","3":"status-publish","4":"has-post-thumbnail","6":"product_brand-stihl","7":"product_cat-macchinari","8":"product_cat-accessori-sistemi-a-batteria","9":"sws-gruppo-macchinari-fr","10":"sws-conto-ricavi-merci-rivendita-macchinari-fr","11":"sws-gruppo-iva-iva81-fr","13":"first","14":"instock","15":"shipping-taxable","16":"purchasable","17":"product-type-simple"},"_links":{"self":[{"href":"https:\/\/lucacastelli.com\/fr\/wp-json\/wp\/v2\/product\/594740","targetHints":{"allow":["GET"]}}],"collection":[{"href":"https:\/\/lucacastelli.com\/fr\/wp-json\/wp\/v2\/product"}],"about":[{"href":"https:\/\/lucacastelli.com\/fr\/wp-json\/wp\/v2\/types\/product"}],"wp:featuredmedia":[{"embeddable":true,"href":"https:\/\/lucacastelli.com\/fr\/wp-json\/wp\/v2\/media\/592441"}],"wp:attachment":[{"href":"https:\/\/lucacastelli.com\/fr\/wp-json\/wp\/v2\/media?parent=594740"}],"wp:term":[{"taxonomy":"product_brand","embeddable":true,"href":"https:\/\/lucacastelli.com\/fr\/wp-json\/wp\/v2\/product_brand?post=594740"},{"taxonomy":"product_cat","embeddable":true,"href":"https:\/\/lucacastelli.com\/fr\/wp-json\/wp\/v2\/product_cat?post=594740"},{"taxonomy":"product_tag","embeddable":true,"href":"https:\/\/lucacastelli.com\/fr\/wp-json\/wp\/v2\/product_tag?post=594740"}],"curies":[{"name":"wp","href":"https:\/\/api.w.org\/{rel}","templated":true}]}}