{"id":594737,"date":"2025-08-05T12:14:47","date_gmt":"2025-08-05T10:14:47","guid":{"rendered":"https:\/\/lucacastelli.com\/prodotto\/stihl-support-de-batterie\/"},"modified":"2025-08-05T12:14:47","modified_gmt":"2025-08-05T10:14:47","slug":"stihl-support-de-batterie","status":"publish","type":"product","link":"https:\/\/lucacastelli.com\/fr\/produit\/stihl-support-de-batterie\/","title":{"rendered":"STIHL Support de batterie"},"content":{"rendered":"<h2>Support de batterie : jusqu&#8217;\u00e0 6 batteries STIHL AP pour un transport pratique et peu encombrant<\/h2>\n<p>Avec le porte-batterie STIHL, les <b>utilisateurs professionnels<\/b>, par exemple dans l&#8217;entretien des communes et des paysages ou dans les petites entreprises, assurent un <b>transport s\u00fbr et un stockage peu encombrant de jusqu&#8217;\u00e0 6 batteries<\/b> <b>STIHL AP.<\/b> Gr\u00e2ce \u00e0 la<b>poign\u00e9e ergonomique<\/b>, les bo\u00eetes en plastique <b>particuli\u00e8rement l\u00e9g\u00e8res<\/b> et les batteries STIHL qu&#8217;elles contiennent peuvent \u00eatre transport\u00e9es confortablement \u00e0 tout moment. <b>2 poign\u00e9es suppl\u00e9mentaires sur le dessous<\/b> facilitent le transport \u00e0 deux mains. Lors du transport dans un v\u00e9hicule, il <b>est possible d&#8217;empiler jusqu&#8217;\u00e0 3 porte-batteries STIHL<\/b>. Pour un transport en toute s\u00e9curit\u00e9, les caisses de batteries empilables peuvent \u00eatre fix\u00e9es \u00e0 l&#8217;aide de sangles.   <\/p>\n","protected":false},"excerpt":{"rendered":"<p>Support de batterie : jusqu&#8217;\u00e0 6 batteries STIHL AP pour un transport pratique et peu encombrant Avec le porte-batterie STIHL,<\/p>\n","protected":false},"featured_media":593670,"template":"","meta":{"_seopress_robots_primary_cat":"","_seopress_titles_title":"","_seopress_titles_desc":"","_seopress_robots_index":""},"product_brand":[3366],"product_cat":[29,491],"product_tag":[],"class_list":{"0":"post-594737","1":"product","2":"type-product","3":"status-publish","4":"has-post-thumbnail","6":"product_brand-stihl","7":"product_cat-macchinari","8":"product_cat-accessori-sistemi-a-batteria","9":"sws-gruppo-macchinari-fr","10":"sws-conto-ricavi-merci-rivendita-macchinari-fr","11":"sws-gruppo-iva-iva81-fr","13":"first","14":"instock","15":"shipping-taxable","16":"purchasable","17":"product-type-simple"},"_links":{"self":[{"href":"https:\/\/lucacastelli.com\/fr\/wp-json\/wp\/v2\/product\/594737","targetHints":{"allow":["GET"]}}],"collection":[{"href":"https:\/\/lucacastelli.com\/fr\/wp-json\/wp\/v2\/product"}],"about":[{"href":"https:\/\/lucacastelli.com\/fr\/wp-json\/wp\/v2\/types\/product"}],"wp:featuredmedia":[{"embeddable":true,"href":"https:\/\/lucacastelli.com\/fr\/wp-json\/wp\/v2\/media\/593670"}],"wp:attachment":[{"href":"https:\/\/lucacastelli.com\/fr\/wp-json\/wp\/v2\/media?parent=594737"}],"wp:term":[{"taxonomy":"product_brand","embeddable":true,"href":"https:\/\/lucacastelli.com\/fr\/wp-json\/wp\/v2\/product_brand?post=594737"},{"taxonomy":"product_cat","embeddable":true,"href":"https:\/\/lucacastelli.com\/fr\/wp-json\/wp\/v2\/product_cat?post=594737"},{"taxonomy":"product_tag","embeddable":true,"href":"https:\/\/lucacastelli.com\/fr\/wp-json\/wp\/v2\/product_tag?post=594737"}],"curies":[{"name":"wp","href":"https:\/\/api.w.org\/{rel}","templated":true}]}}