{"id":594708,"date":"2025-06-01T03:18:57","date_gmt":"2025-06-01T01:18:57","guid":{"rendered":"https:\/\/lucacastelli.com\/prodotto\/protecteur-de-bras-stihl-protect-ms\/"},"modified":"2025-06-01T03:18:57","modified_gmt":"2025-06-01T01:18:57","slug":"protecteur-de-bras-stihl-protect-ms","status":"publish","type":"product","link":"https:\/\/lucacastelli.com\/fr\/produit\/protecteur-de-bras-stihl-protect-ms\/","title":{"rendered":"Protecteur de bras STIHL, Protect MS"},"content":{"rendered":"<p>Pour les op\u00e9rations de Tron\u00e7onneuses. Orange de signalisation, 100 % polyester Confort maximal, des inserts en mat\u00e9riaux sp\u00e9ciaux assurent la respirabilit\u00e9. Bande confortable, trous de pouce int\u00e9gr\u00e9s pour un meilleur ajustement, EN 381, classe de protection 1 (=20 m\/s)<br \/>\n886661771462  <\/p>\n<p>Classe de protection contre les coupures 1<br \/>\nPoids<\/p>\n","protected":false},"excerpt":{"rendered":"<p>Protection des bras, PROTECT MS<\/p>\n","protected":false},"featured_media":426900,"template":"","meta":{"_seopress_robots_primary_cat":"","_seopress_titles_title":"","_seopress_titles_desc":"","_seopress_robots_index":""},"product_brand":[3366],"product_cat":[21,284],"product_tag":[3265],"class_list":{"0":"post-594708","1":"product","2":"type-product","3":"status-publish","4":"has-post-thumbnail","6":"product_brand-stihl","7":"product_cat-abbigliamento","8":"product_cat-abbigliamento-da-lavoro","9":"product_tag-import-stihl","10":"sws-gruppo-abb-libero-fr","11":"sws-conto-ricavi-merci-rivendita-abbigliamento-fr","12":"sws-gruppo-iva-iva81-fr","14":"first","15":"onbackorder","16":"sale","17":"purchasable","18":"product-type-simple"},"_links":{"self":[{"href":"https:\/\/lucacastelli.com\/fr\/wp-json\/wp\/v2\/product\/594708","targetHints":{"allow":["GET"]}}],"collection":[{"href":"https:\/\/lucacastelli.com\/fr\/wp-json\/wp\/v2\/product"}],"about":[{"href":"https:\/\/lucacastelli.com\/fr\/wp-json\/wp\/v2\/types\/product"}],"wp:featuredmedia":[{"embeddable":true,"href":"https:\/\/lucacastelli.com\/fr\/wp-json\/wp\/v2\/media\/426900"}],"wp:attachment":[{"href":"https:\/\/lucacastelli.com\/fr\/wp-json\/wp\/v2\/media?parent=594708"}],"wp:term":[{"taxonomy":"product_brand","embeddable":true,"href":"https:\/\/lucacastelli.com\/fr\/wp-json\/wp\/v2\/product_brand?post=594708"},{"taxonomy":"product_cat","embeddable":true,"href":"https:\/\/lucacastelli.com\/fr\/wp-json\/wp\/v2\/product_cat?post=594708"},{"taxonomy":"product_tag","embeddable":true,"href":"https:\/\/lucacastelli.com\/fr\/wp-json\/wp\/v2\/product_tag?post=594708"}],"curies":[{"name":"wp","href":"https:\/\/api.w.org\/{rel}","templated":true}]}}