{"id":594707,"date":"2025-06-01T02:46:50","date_gmt":"2025-06-01T00:46:50","guid":{"rendered":"https:\/\/lucacastelli.com\/prodotto\/fs-leggings\/"},"modified":"2025-06-01T02:46:50","modified_gmt":"2025-06-01T00:46:50","slug":"fs-leggings","status":"publish","type":"product","link":"https:\/\/lucacastelli.com\/fr\/produit\/fs-leggings\/","title":{"rendered":"FS leggings"},"content":{"rendered":"<p>Colour , 65 % polyester, 35 % coton, longueur 50 cm, protection antichoc suppl\u00e9mentaire respirante brevet\u00e9e, pour les utilisations extr\u00eamement exigeantes, \u00e0 glisser dans la poche int\u00e9rieure de la jambe.<br \/>\n886661931132<\/p>\n","protected":false},"excerpt":{"rendered":"<p>FS leggings<\/p>\n","protected":false},"featured_media":482161,"template":"","meta":{"_seopress_robots_primary_cat":"","_seopress_titles_title":"","_seopress_titles_desc":"","_seopress_robots_index":""},"product_brand":[3555],"product_cat":[81,1381],"product_tag":[3267],"class_list":{"0":"post-594707","1":"product","2":"type-product","3":"status-publish","4":"has-post-thumbnail","6":"product_brand-stihl-fr","7":"product_cat-vetements","8":"product_cat-vetements-de-travail","9":"product_tag-import-stihl-fr","10":"sws-gruppo-abb-libero-fr","11":"sws-conto-ricavi-merci-rivendita-abbigliamento-fr","12":"sws-gruppo-iva-iva81-fr","14":"first","15":"onbackorder","16":"purchasable","17":"product-type-simple"},"_links":{"self":[{"href":"https:\/\/lucacastelli.com\/fr\/wp-json\/wp\/v2\/product\/594707","targetHints":{"allow":["GET"]}}],"collection":[{"href":"https:\/\/lucacastelli.com\/fr\/wp-json\/wp\/v2\/product"}],"about":[{"href":"https:\/\/lucacastelli.com\/fr\/wp-json\/wp\/v2\/types\/product"}],"wp:featuredmedia":[{"embeddable":true,"href":"https:\/\/lucacastelli.com\/fr\/wp-json\/wp\/v2\/media\/482161"}],"wp:attachment":[{"href":"https:\/\/lucacastelli.com\/fr\/wp-json\/wp\/v2\/media?parent=594707"}],"wp:term":[{"taxonomy":"product_brand","embeddable":true,"href":"https:\/\/lucacastelli.com\/fr\/wp-json\/wp\/v2\/product_brand?post=594707"},{"taxonomy":"product_cat","embeddable":true,"href":"https:\/\/lucacastelli.com\/fr\/wp-json\/wp\/v2\/product_cat?post=594707"},{"taxonomy":"product_tag","embeddable":true,"href":"https:\/\/lucacastelli.com\/fr\/wp-json\/wp\/v2\/product_tag?post=594707"}],"curies":[{"name":"wp","href":"https:\/\/api.w.org\/{rel}","templated":true}]}}