{"id":594702,"date":"2025-06-01T02:46:54","date_gmt":"2025-06-01T00:46:54","guid":{"rendered":"https:\/\/lucacastelli.com\/prodotto\/protege-pantalon-stihl-hs\/"},"modified":"2025-06-01T02:46:54","modified_gmt":"2025-06-01T00:46:54","slug":"protege-pantalon-stihl-hs","status":"publish","type":"product","link":"https:\/\/lucacastelli.com\/fr\/produit\/protege-pantalon-stihl-hs\/","title":{"rendered":"Prot\u00e8ge-pantalon STIHL HS"},"content":{"rendered":"<p>Brevet en cours. D&#8217;une longueur de 65 cm, ils prot\u00e8gent \u00e0 la fois contre les blessures par coupure et par accrochage r\u00e9sultant de l&#8217;utilisation d&#8217;un taille-haie.<br \/>\n886661931194 <\/p>\n","protected":false},"excerpt":{"rendered":"<p>Protection du pantalon HS<\/p>\n","protected":false},"featured_media":425694,"template":"","meta":{"_seopress_robots_primary_cat":"","_seopress_titles_title":"","_seopress_titles_desc":"","_seopress_robots_index":""},"product_brand":[3366],"product_cat":[21,284],"product_tag":[3265],"class_list":{"0":"post-594702","1":"product","2":"type-product","3":"status-publish","4":"has-post-thumbnail","6":"product_brand-stihl","7":"product_cat-abbigliamento","8":"product_cat-abbigliamento-da-lavoro","9":"product_tag-import-stihl","10":"sws-gruppo-abb-libero-fr","11":"sws-conto-ricavi-merci-rivendita-abbigliamento-fr","12":"sws-gruppo-iva-iva81-fr","14":"first","15":"onbackorder","16":"purchasable","17":"product-type-simple"},"_links":{"self":[{"href":"https:\/\/lucacastelli.com\/fr\/wp-json\/wp\/v2\/product\/594702","targetHints":{"allow":["GET"]}}],"collection":[{"href":"https:\/\/lucacastelli.com\/fr\/wp-json\/wp\/v2\/product"}],"about":[{"href":"https:\/\/lucacastelli.com\/fr\/wp-json\/wp\/v2\/types\/product"}],"wp:featuredmedia":[{"embeddable":true,"href":"https:\/\/lucacastelli.com\/fr\/wp-json\/wp\/v2\/media\/425694"}],"wp:attachment":[{"href":"https:\/\/lucacastelli.com\/fr\/wp-json\/wp\/v2\/media?parent=594702"}],"wp:term":[{"taxonomy":"product_brand","embeddable":true,"href":"https:\/\/lucacastelli.com\/fr\/wp-json\/wp\/v2\/product_brand?post=594702"},{"taxonomy":"product_cat","embeddable":true,"href":"https:\/\/lucacastelli.com\/fr\/wp-json\/wp\/v2\/product_cat?post=594702"},{"taxonomy":"product_tag","embeddable":true,"href":"https:\/\/lucacastelli.com\/fr\/wp-json\/wp\/v2\/product_tag?post=594702"}],"curies":[{"name":"wp","href":"https:\/\/api.w.org\/{rel}","templated":true}]}}