{"id":594701,"date":"2025-06-01T02:55:37","date_gmt":"2025-06-01T00:55:37","guid":{"rendered":"https:\/\/lucacastelli.com\/prodotto\/pantalon-de-securite-stihl-fs-protect-taille-3xl\/"},"modified":"2025-12-01T14:46:05","modified_gmt":"2025-12-01T13:46:05","slug":"pantalon-de-securite-stihl-fs-protect-taille-3xl","status":"publish","type":"product","link":"https:\/\/lucacastelli.com\/fr\/produit\/pantalon-de-securite-stihl-fs-protect-taille-3xl\/","title":{"rendered":"Pantalon de s\u00e9curit\u00e9 STIHL, FS PROTECT, taille 3XL"},"content":{"rendered":"<p>Pantalon de protection contre les chocs r\u00e9sistant \u00e0 l&#8217;usure et respirant, avec de longues ouvertures d&#8217;a\u00e9ration dans le dos et des boucles de bretelles FS. Les chaps FS pour usage extr\u00eame, en instance de brevet, peuvent \u00eatre ins\u00e9r\u00e9es dans la poche int\u00e9rieure. Nombreuses poches pratiques.<br \/>\n886661925117 <\/p>\n<p>Taille 3XL<\/p>\n","protected":false},"excerpt":{"rendered":"<p>Pantalon de s\u00e9curit\u00e9, FS PROTECT, taille 3XL<\/p>\n","protected":false},"featured_media":453773,"template":"","meta":{"_seopress_robots_primary_cat":"","_seopress_titles_title":"","_seopress_titles_desc":"","_seopress_robots_index":""},"product_brand":[3555],"product_cat":[81,1381],"product_tag":[3267],"class_list":{"0":"post-594701","1":"product","2":"type-product","3":"status-publish","4":"has-post-thumbnail","6":"product_brand-stihl-fr","7":"product_cat-vetements","8":"product_cat-vetements-de-travail","9":"product_tag-import-stihl-fr","10":"sws-gruppo-abb-libero-fr","11":"sws-conto-ricavi-merci-rivendita-abbigliamento-fr","12":"sws-gruppo-iva-iva81-fr","14":"first","15":"onbackorder","16":"purchasable","17":"product-type-simple"},"_links":{"self":[{"href":"https:\/\/lucacastelli.com\/fr\/wp-json\/wp\/v2\/product\/594701","targetHints":{"allow":["GET"]}}],"collection":[{"href":"https:\/\/lucacastelli.com\/fr\/wp-json\/wp\/v2\/product"}],"about":[{"href":"https:\/\/lucacastelli.com\/fr\/wp-json\/wp\/v2\/types\/product"}],"wp:featuredmedia":[{"embeddable":true,"href":"https:\/\/lucacastelli.com\/fr\/wp-json\/wp\/v2\/media\/453773"}],"wp:attachment":[{"href":"https:\/\/lucacastelli.com\/fr\/wp-json\/wp\/v2\/media?parent=594701"}],"wp:term":[{"taxonomy":"product_brand","embeddable":true,"href":"https:\/\/lucacastelli.com\/fr\/wp-json\/wp\/v2\/product_brand?post=594701"},{"taxonomy":"product_cat","embeddable":true,"href":"https:\/\/lucacastelli.com\/fr\/wp-json\/wp\/v2\/product_cat?post=594701"},{"taxonomy":"product_tag","embeddable":true,"href":"https:\/\/lucacastelli.com\/fr\/wp-json\/wp\/v2\/product_tag?post=594701"}],"curies":[{"name":"wp","href":"https:\/\/api.w.org\/{rel}","templated":true}]}}