{"id":594695,"date":"2025-06-01T03:08:23","date_gmt":"2025-06-01T01:08:23","guid":{"rendered":"https:\/\/lucacastelli.com\/prodotto\/bavoir-stihl-ms-protect-taille-unique\/"},"modified":"2025-06-01T03:08:23","modified_gmt":"2025-06-01T01:08:23","slug":"bavoir-stihl-ms-protect-taille-unique","status":"publish","type":"product","link":"https:\/\/lucacastelli.com\/fr\/produit\/bavoir-stihl-ms-protect-taille-unique\/","title":{"rendered":"Bavoir STIHL, MS Protect, taille unique"},"content":{"rendered":"<p>Protection de poitrine d\u00e9boutonnable avec poche de poitrine et prot\u00e8ge-reins sur\u00e9lev\u00e9 pour le pantalon PROTECT MS. Couleur orange de signalisation, jaune de signalisation et noir. Tissu ext\u00e9rieur et doublure : 100% polyester.<br \/>\n886661777457 <\/p>\n","protected":false},"excerpt":{"rendered":"<p>Bavoir, MS Protect, taille unique<\/p>\n","protected":false},"featured_media":426497,"template":"","meta":{"_seopress_robots_primary_cat":"","_seopress_titles_title":"","_seopress_titles_desc":"","_seopress_robots_index":""},"product_brand":[3366],"product_cat":[21,284],"product_tag":[3265],"class_list":{"0":"post-594695","1":"product","2":"type-product","3":"status-publish","4":"has-post-thumbnail","6":"product_brand-stihl","7":"product_cat-abbigliamento","8":"product_cat-abbigliamento-da-lavoro","9":"product_tag-import-stihl","10":"sws-gruppo-abb-libero-fr","11":"sws-conto-ricavi-merci-rivendita-abbigliamento-fr","12":"sws-gruppo-iva-iva81-fr","14":"first","15":"onbackorder","16":"sale","17":"purchasable","18":"product-type-simple"},"_links":{"self":[{"href":"https:\/\/lucacastelli.com\/fr\/wp-json\/wp\/v2\/product\/594695","targetHints":{"allow":["GET"]}}],"collection":[{"href":"https:\/\/lucacastelli.com\/fr\/wp-json\/wp\/v2\/product"}],"about":[{"href":"https:\/\/lucacastelli.com\/fr\/wp-json\/wp\/v2\/types\/product"}],"wp:featuredmedia":[{"embeddable":true,"href":"https:\/\/lucacastelli.com\/fr\/wp-json\/wp\/v2\/media\/426497"}],"wp:attachment":[{"href":"https:\/\/lucacastelli.com\/fr\/wp-json\/wp\/v2\/media?parent=594695"}],"wp:term":[{"taxonomy":"product_brand","embeddable":true,"href":"https:\/\/lucacastelli.com\/fr\/wp-json\/wp\/v2\/product_brand?post=594695"},{"taxonomy":"product_cat","embeddable":true,"href":"https:\/\/lucacastelli.com\/fr\/wp-json\/wp\/v2\/product_cat?post=594695"},{"taxonomy":"product_tag","embeddable":true,"href":"https:\/\/lucacastelli.com\/fr\/wp-json\/wp\/v2\/product_tag?post=594695"}],"curies":[{"name":"wp","href":"https:\/\/api.w.org\/{rel}","templated":true}]}}