{"id":594694,"date":"2025-06-01T02:41:03","date_gmt":"2025-06-01T00:41:03","guid":{"rendered":"https:\/\/lucacastelli.com\/prodotto\/genouilleres-stihl\/"},"modified":"2025-06-01T02:41:03","modified_gmt":"2025-06-01T00:41:03","slug":"genouilleres-stihl","status":"publish","type":"product","link":"https:\/\/lucacastelli.com\/fr\/produit\/genouilleres-stihl\/","title":{"rendered":"Genouill\u00e8res STIHL"},"content":{"rendered":"<p>A ins\u00e9rer dans la poche de la genouill\u00e8re, conforme \u00e0 la norme DIN EN 14404.<br \/>\n795711878436<\/p>\n","protected":false},"excerpt":{"rendered":"<p>Genouill\u00e8res<\/p>\n","protected":false},"featured_media":425418,"template":"","meta":{"_seopress_robots_primary_cat":"","_seopress_titles_title":"","_seopress_titles_desc":"","_seopress_robots_index":""},"product_brand":[3366],"product_cat":[21,284,186],"product_tag":[3265],"class_list":{"0":"post-594694","1":"product","2":"type-product","3":"status-publish","4":"has-post-thumbnail","6":"product_brand-stihl","7":"product_cat-abbigliamento","8":"product_cat-abbigliamento-da-lavoro","9":"product_cat-accessori-per-labbigliamento","10":"product_tag-import-stihl","11":"sws-gruppo-abb-libero-fr","12":"sws-conto-ricavi-merci-rivendita-abbigliamento-fr","13":"sws-gruppo-iva-iva81-fr","15":"first","16":"onbackorder","17":"purchasable","18":"product-type-simple"},"_links":{"self":[{"href":"https:\/\/lucacastelli.com\/fr\/wp-json\/wp\/v2\/product\/594694","targetHints":{"allow":["GET"]}}],"collection":[{"href":"https:\/\/lucacastelli.com\/fr\/wp-json\/wp\/v2\/product"}],"about":[{"href":"https:\/\/lucacastelli.com\/fr\/wp-json\/wp\/v2\/types\/product"}],"wp:featuredmedia":[{"embeddable":true,"href":"https:\/\/lucacastelli.com\/fr\/wp-json\/wp\/v2\/media\/425418"}],"wp:attachment":[{"href":"https:\/\/lucacastelli.com\/fr\/wp-json\/wp\/v2\/media?parent=594694"}],"wp:term":[{"taxonomy":"product_brand","embeddable":true,"href":"https:\/\/lucacastelli.com\/fr\/wp-json\/wp\/v2\/product_brand?post=594694"},{"taxonomy":"product_cat","embeddable":true,"href":"https:\/\/lucacastelli.com\/fr\/wp-json\/wp\/v2\/product_cat?post=594694"},{"taxonomy":"product_tag","embeddable":true,"href":"https:\/\/lucacastelli.com\/fr\/wp-json\/wp\/v2\/product_tag?post=594694"}],"curies":[{"name":"wp","href":"https:\/\/api.w.org\/{rel}","templated":true}]}}