{"id":594690,"date":"2025-06-01T03:28:23","date_gmt":"2025-06-01T01:28:23","guid":{"rendered":"https:\/\/lucacastelli.com\/prodotto\/stihl-function-gants-de-travail-universels\/"},"modified":"2025-06-01T03:28:23","modified_gmt":"2025-06-01T01:28:23","slug":"stihl-function-gants-de-travail-universels","status":"publish","type":"product","link":"https:\/\/lucacastelli.com\/fr\/produit\/stihl-function-gants-de-travail-universels\/","title":{"rendered":"STIHL FUNCTION Gants de travail universels"},"content":{"rendered":"<p>La s\u00e9curit\u00e9 passive commence par une prise en main s\u00fbre de la machine \u00e0 l&#8217;aide de gants. Tous les gants STIHL sont dot\u00e9s d&#8217;un rembourrage thermique et prot\u00e8gent contre l&#8217;humidit\u00e9 et la salet\u00e9. Cuir de b\u0153uf\/coton (Canvas), avec protection des articulations, doubl\u00e9s.<br \/>\n886661916054  <\/p>\n<p>Taille Einheitsgr\u00f6\u00dfe<\/p>\n","protected":false},"excerpt":{"rendered":"<p>FUNCTION Gants de travail universels<\/p>\n","protected":false},"featured_media":439330,"template":"","meta":{"_seopress_robots_primary_cat":"","_seopress_titles_title":"","_seopress_titles_desc":"","_seopress_robots_index":""},"product_brand":[3366],"product_cat":[21,284],"product_tag":[3265],"class_list":{"0":"post-594690","1":"product","2":"type-product","3":"status-publish","4":"has-post-thumbnail","6":"product_brand-stihl","7":"product_cat-abbigliamento","8":"product_cat-abbigliamento-da-lavoro","9":"product_tag-import-stihl","10":"sws-gruppo-abb-libero-fr","11":"sws-conto-ricavi-merci-rivendita-abbigliamento-fr","12":"sws-gruppo-iva-iva81-fr","14":"first","15":"onbackorder","16":"purchasable","17":"product-type-simple"},"_links":{"self":[{"href":"https:\/\/lucacastelli.com\/fr\/wp-json\/wp\/v2\/product\/594690","targetHints":{"allow":["GET"]}}],"collection":[{"href":"https:\/\/lucacastelli.com\/fr\/wp-json\/wp\/v2\/product"}],"about":[{"href":"https:\/\/lucacastelli.com\/fr\/wp-json\/wp\/v2\/types\/product"}],"wp:featuredmedia":[{"embeddable":true,"href":"https:\/\/lucacastelli.com\/fr\/wp-json\/wp\/v2\/media\/439330"}],"wp:attachment":[{"href":"https:\/\/lucacastelli.com\/fr\/wp-json\/wp\/v2\/media?parent=594690"}],"wp:term":[{"taxonomy":"product_brand","embeddable":true,"href":"https:\/\/lucacastelli.com\/fr\/wp-json\/wp\/v2\/product_brand?post=594690"},{"taxonomy":"product_cat","embeddable":true,"href":"https:\/\/lucacastelli.com\/fr\/wp-json\/wp\/v2\/product_cat?post=594690"},{"taxonomy":"product_tag","embeddable":true,"href":"https:\/\/lucacastelli.com\/fr\/wp-json\/wp\/v2\/product_tag?post=594690"}],"curies":[{"name":"wp","href":"https:\/\/api.w.org\/{rel}","templated":true}]}}