{"id":594687,"date":"2025-06-01T02:41:08","date_gmt":"2025-06-01T00:41:08","guid":{"rendered":"https:\/\/lucacastelli.com\/prodotto\/protection-du-visage-et-des-oreilles-stihl-advance-gpa-28\/"},"modified":"2025-06-01T02:41:08","modified_gmt":"2025-06-01T00:41:08","slug":"protection-du-visage-et-des-oreilles-stihl-advance-gpa-28","status":"publish","type":"product","link":"https:\/\/lucacastelli.com\/fr\/produit\/protection-du-visage-et-des-oreilles-stihl-advance-gpa-28\/","title":{"rendered":"Protection du visage et des oreilles STIHL ADVANCE GPA 28"},"content":{"rendered":"<p>Combinaison professionnelle et \u00e9quilibre optimal. Bandeaux largement r\u00e9glables, avec bouton d&#8217;ajustement au tour de t\u00eate. Casquettes amovibles pour l&#8217;\u00e9t\u00e9. Protection frontale avec fentes d&#8217;a\u00e9ration.<br \/>\n886661927579   <\/p>\n<p>Valeur d&#8217;isolation 28<br \/>\nValeur H<\/p>\n<p>M Valeur<br \/>\nL Valeur 16<br \/>\nTransmission de la lumi\u00e8re 45<\/p>\n","protected":false},"excerpt":{"rendered":"<p>ADVANCE GPA 28 protection du visage et de l&#8217;ou\u00efe<\/p>\n","protected":false},"featured_media":425422,"template":"","meta":{"_seopress_robots_primary_cat":"","_seopress_titles_title":"","_seopress_titles_desc":"","_seopress_robots_index":""},"product_brand":[3554],"product_cat":[150,1396,1404,1411],"product_tag":[3266],"class_list":{"0":"post-594687","1":"product","2":"type-product","3":"status-publish","4":"has-post-thumbnail","6":"product_brand-stihl-de","7":"product_cat-ausrustung","8":"product_cat-arbeitsausrustung","9":"product_cat-helme","10":"product_cat-visiere-und-schutzbrillen","11":"product_tag-import-stihl-de","12":"sws-gruppo-abb-libero-fr","13":"sws-conto-ricavi-merci-rivendita-abbigliamento-fr","14":"sws-gruppo-iva-iva81-fr","16":"first","17":"onbackorder","18":"purchasable","19":"product-type-simple"},"_links":{"self":[{"href":"https:\/\/lucacastelli.com\/fr\/wp-json\/wp\/v2\/product\/594687","targetHints":{"allow":["GET"]}}],"collection":[{"href":"https:\/\/lucacastelli.com\/fr\/wp-json\/wp\/v2\/product"}],"about":[{"href":"https:\/\/lucacastelli.com\/fr\/wp-json\/wp\/v2\/types\/product"}],"wp:featuredmedia":[{"embeddable":true,"href":"https:\/\/lucacastelli.com\/fr\/wp-json\/wp\/v2\/media\/425422"}],"wp:attachment":[{"href":"https:\/\/lucacastelli.com\/fr\/wp-json\/wp\/v2\/media?parent=594687"}],"wp:term":[{"taxonomy":"product_brand","embeddable":true,"href":"https:\/\/lucacastelli.com\/fr\/wp-json\/wp\/v2\/product_brand?post=594687"},{"taxonomy":"product_cat","embeddable":true,"href":"https:\/\/lucacastelli.com\/fr\/wp-json\/wp\/v2\/product_cat?post=594687"},{"taxonomy":"product_tag","embeddable":true,"href":"https:\/\/lucacastelli.com\/fr\/wp-json\/wp\/v2\/product_tag?post=594687"}],"curies":[{"name":"wp","href":"https:\/\/api.w.org\/{rel}","templated":true}]}}