{"id":594686,"date":"2025-06-01T02:41:17","date_gmt":"2025-06-01T00:41:17","guid":{"rendered":"https:\/\/lucacastelli.com\/prodotto\/visiere-courte-stihl-function-gss-pa-filet-en-nylon-double-bandeau\/"},"modified":"2025-06-01T02:41:17","modified_gmt":"2025-06-01T00:41:17","slug":"visiere-courte-stihl-function-gss-pa-filet-en-nylon-double-bandeau","status":"publish","type":"product","link":"https:\/\/lucacastelli.com\/fr\/produit\/visiere-courte-stihl-function-gss-pa-filet-en-nylon-double-bandeau\/","title":{"rendered":"Visi\u00e8re courte STIHL FUNCTION GSS PA, filet en nylon, double bandeau"},"content":{"rendered":"<p>Sp\u00e9cialement con\u00e7u pour prot\u00e9ger le visage, il comprend une bo\u00eete de bouchons d&#8217;oreille, mais pour une utilisation avec des d\u00e9broussailleuses, des coupe-bordures, des souffleurs\/atomiseurs et des tondeuses, une protection oculaire doit \u00eatre utilis\u00e9e en plus. Filet en nylon, deux sangles avant r\u00e9glables. Poids approx. 156g.\/p<br \/>\n886661927739<\/p>\n<p>Transmission de la lumi\u00e8re 61<br \/>\nValeur d&#8217;isolation Valeur d&#8217;isolation<\/p>\n<p>Valeur H<br \/>\nValeur M 31<br \/>\nValeur L 28<\/p>\n","protected":false},"excerpt":{"rendered":"<p>FUNCTION Visi\u00e8re courte GSS PA, filet en nylon, double bandeau<\/p>\n","protected":false},"featured_media":425431,"template":"","meta":{"_seopress_robots_primary_cat":"","_seopress_titles_title":"","_seopress_titles_desc":"","_seopress_robots_index":""},"product_brand":[3366],"product_cat":[33,537,815],"product_tag":[3265],"class_list":{"0":"post-594686","1":"product","2":"type-product","3":"status-publish","4":"has-post-thumbnail","6":"product_brand-stihl","7":"product_cat-attrezzature","8":"product_cat-attrezzatura-da-lavoro","9":"product_cat-caschi","10":"product_tag-import-stihl","11":"sws-gruppo-abb-libero-fr","12":"sws-conto-ricavi-merci-rivendita-abbigliamento-fr","13":"sws-gruppo-iva-iva81-fr","15":"first","16":"onbackorder","17":"purchasable","18":"product-type-simple"},"_links":{"self":[{"href":"https:\/\/lucacastelli.com\/fr\/wp-json\/wp\/v2\/product\/594686","targetHints":{"allow":["GET"]}}],"collection":[{"href":"https:\/\/lucacastelli.com\/fr\/wp-json\/wp\/v2\/product"}],"about":[{"href":"https:\/\/lucacastelli.com\/fr\/wp-json\/wp\/v2\/types\/product"}],"wp:featuredmedia":[{"embeddable":true,"href":"https:\/\/lucacastelli.com\/fr\/wp-json\/wp\/v2\/media\/425431"}],"wp:attachment":[{"href":"https:\/\/lucacastelli.com\/fr\/wp-json\/wp\/v2\/media?parent=594686"}],"wp:term":[{"taxonomy":"product_brand","embeddable":true,"href":"https:\/\/lucacastelli.com\/fr\/wp-json\/wp\/v2\/product_brand?post=594686"},{"taxonomy":"product_cat","embeddable":true,"href":"https:\/\/lucacastelli.com\/fr\/wp-json\/wp\/v2\/product_cat?post=594686"},{"taxonomy":"product_tag","embeddable":true,"href":"https:\/\/lucacastelli.com\/fr\/wp-json\/wp\/v2\/product_tag?post=594686"}],"curies":[{"name":"wp","href":"https:\/\/api.w.org\/{rel}","templated":true}]}}