{"id":594681,"date":"2025-06-01T02:41:09","date_gmt":"2025-06-01T00:41:09","guid":{"rendered":"https:\/\/lucacastelli.com\/prodotto\/protection-courte-stihl-function-gpa-24-avec-filet-en-nylon\/"},"modified":"2025-09-24T07:34:14","modified_gmt":"2025-09-24T05:34:14","slug":"protection-courte-stihl-function-gpa-24-avec-filet-en-nylon","status":"publish","type":"product","link":"https:\/\/lucacastelli.com\/fr\/produit\/protection-courte-stihl-function-gpa-24-avec-filet-en-nylon\/","title":{"rendered":"Protection courte STIHL FUNCTION GPA 24, avec filet en nylon"},"content":{"rendered":"<p>pLa combinaison d&#8217;une protection faciale et d&#8217;une protection auditive permet aux utilisateurs occasionnels et aux particuliers de b\u00e9n\u00e9ficier d&#8217;une protection efficace lors de travaux exigeants. La combinaison l\u00e9g\u00e8re avec un bandeau r\u00e9glable offre un grand confort et s&#8217;adapte bien \u00e0 la forme de la t\u00eate. La protection auditive du STIHL FUNCTION GPA se compose d&#8217;embouts auriculaires qui offrent une bonne isolation acoustique. Une visi\u00e8re rotative en nylon (polyamide PA) offre une bonne protection du visage tout en permettant un travail flexible.\/ppPour tous les travaux avec des d\u00e9broussailleuses, des taille-haies, des souffleurs, des pulv\u00e9risateurs et des tondeuses, le port d&#8217;une protection oculaire (lunettes de protection conformes aux exigences de s\u00e9curit\u00e9 de la norme EN 166) est \u00e9galement obligatoire.\/Informations compl\u00e9mentaires:\/pulliExigences de s\u00e9curit\u00e9 : EN 352, EN 1731\/liliProtection de l&#8217;ou\u00efe : SNR 25 (H : 27, M : 22, L : 16)\/li\/ul<br \/>\n886661927616<\/p>\n<p>Valeur d&#8217;isolation 25<br \/>\nValeur H<\/p>\n<p>M Valeur<br \/>\nL Valeur 16<br \/>\nTransmission de la lumi\u00e8re 61<\/p>\n","protected":false},"excerpt":{"rendered":"<p>FUNCTION GPA 24 protection courte, avec filet en nylon<\/p>\n","protected":false},"featured_media":437986,"template":"","meta":{"_seopress_robots_primary_cat":"","_seopress_titles_title":"","_seopress_titles_desc":"","_seopress_robots_index":""},"product_brand":[3366],"product_cat":[33,537,815],"product_tag":[3265],"class_list":{"0":"post-594681","1":"product","2":"type-product","3":"status-publish","4":"has-post-thumbnail","6":"product_brand-stihl","7":"product_cat-attrezzature","8":"product_cat-attrezzatura-da-lavoro","9":"product_cat-caschi","10":"product_tag-import-stihl","11":"sws-gruppo-macchinari-fr","12":"sws-conto-ricavi-merci-rivendita-macchinari-fr","13":"sws-gruppo-iva-iva81-fr","15":"first","16":"onbackorder","17":"sale","18":"purchasable","19":"product-type-simple"},"_links":{"self":[{"href":"https:\/\/lucacastelli.com\/fr\/wp-json\/wp\/v2\/product\/594681","targetHints":{"allow":["GET"]}}],"collection":[{"href":"https:\/\/lucacastelli.com\/fr\/wp-json\/wp\/v2\/product"}],"about":[{"href":"https:\/\/lucacastelli.com\/fr\/wp-json\/wp\/v2\/types\/product"}],"wp:featuredmedia":[{"embeddable":true,"href":"https:\/\/lucacastelli.com\/fr\/wp-json\/wp\/v2\/media\/437986"}],"wp:attachment":[{"href":"https:\/\/lucacastelli.com\/fr\/wp-json\/wp\/v2\/media?parent=594681"}],"wp:term":[{"taxonomy":"product_brand","embeddable":true,"href":"https:\/\/lucacastelli.com\/fr\/wp-json\/wp\/v2\/product_brand?post=594681"},{"taxonomy":"product_cat","embeddable":true,"href":"https:\/\/lucacastelli.com\/fr\/wp-json\/wp\/v2\/product_cat?post=594681"},{"taxonomy":"product_tag","embeddable":true,"href":"https:\/\/lucacastelli.com\/fr\/wp-json\/wp\/v2\/product_tag?post=594681"}],"curies":[{"name":"wp","href":"https:\/\/api.w.org\/{rel}","templated":true}]}}