{"id":594673,"date":"2025-06-01T02:41:23","date_gmt":"2025-06-01T00:41:23","guid":{"rendered":"https:\/\/lucacastelli.com\/prodotto\/stihl-visiere-courte-en-plastique-avec-double-bandeau-function-gss-pc\/"},"modified":"2025-06-01T02:41:23","modified_gmt":"2025-06-01T00:41:23","slug":"stihl-visiere-courte-en-plastique-avec-double-bandeau-function-gss-pc","status":"publish","type":"product","link":"https:\/\/lucacastelli.com\/fr\/produit\/stihl-visiere-courte-en-plastique-avec-double-bandeau-function-gss-pc\/","title":{"rendered":"STIHL Visi\u00e8re courte en plastique avec double bandeau FUNCTION GSS PC"},"content":{"rendered":"<p>pLe protecteur facial et auditif FUNCTION GSS PC de STIHL vous prot\u00e8ge lors de travaux exigeants. Ce protecteur est dot\u00e9 d&#8217;un double bandeau qui s&#8217;enroule autour de l&#8217;arri\u00e8re de la t\u00eate, \u00e9vitant ainsi tout glissement. L&#8217;ajustement est r\u00e9glable individuellement pour s&#8217;adapter \u00e0 la forme de votre t\u00eate. Ce protecteur facial et auditif est livr\u00e9 avec 4 bouchons d&#8217;oreille.\/ppLe protecteur facial STIHL FUNCTION GSS PC est dot\u00e9 d&#8217;une visi\u00e8re en plastique qui offre une protection \u00e0 100 % contre les rayons UV, ce qui le rend adapt\u00e9 aux travaux en plein soleil.\/ppPour tous les travaux avec des d\u00e9broussailleuses, des taille-haies, des souffleurs, des pulv\u00e9risateurs et des tondeuses, il faut \u00e9galement porter une protection oculaire (lunettes de protection conformes aux exigences de s\u00e9curit\u00e9 de la norme EN 166).\/ppInformations compl\u00e9mentaires:\/pullsProtection auditive : SNR 34 (H : 33, M : 31, L : 28)\/liliExigences de s\u00e9curit\u00e9 : EN 166, EN 352\/li\/ul<br \/>\n886661927760<\/p>\n<p>Valeur d&#8217;isolation 34<br \/>\nValeur H<\/p>\n<p>Valeur M<br \/>\nValeur L 28<\/p>\n","protected":false},"excerpt":{"rendered":"<p>FUNCTION Visi\u00e8re courte en plastique GSS PC avec double bandeau<\/p>\n","protected":false},"featured_media":425443,"template":"","meta":{"_seopress_robots_primary_cat":"","_seopress_titles_title":"","_seopress_titles_desc":"","_seopress_robots_index":""},"product_brand":[3366],"product_cat":[33,537,815,816],"product_tag":[3265],"class_list":{"0":"post-594673","1":"product","2":"type-product","3":"status-publish","4":"has-post-thumbnail","6":"product_brand-stihl","7":"product_cat-attrezzature","8":"product_cat-attrezzatura-da-lavoro","9":"product_cat-caschi","10":"product_cat-visiere-e-occhiali-protettivi","11":"product_tag-import-stihl","12":"sws-gruppo-abb-libero-fr","13":"sws-conto-ricavi-merci-rivendita-abbigliamento-fr","14":"sws-gruppo-iva-iva81-fr","16":"first","17":"onbackorder","18":"purchasable","19":"product-type-simple"},"_links":{"self":[{"href":"https:\/\/lucacastelli.com\/fr\/wp-json\/wp\/v2\/product\/594673","targetHints":{"allow":["GET"]}}],"collection":[{"href":"https:\/\/lucacastelli.com\/fr\/wp-json\/wp\/v2\/product"}],"about":[{"href":"https:\/\/lucacastelli.com\/fr\/wp-json\/wp\/v2\/types\/product"}],"wp:featuredmedia":[{"embeddable":true,"href":"https:\/\/lucacastelli.com\/fr\/wp-json\/wp\/v2\/media\/425443"}],"wp:attachment":[{"href":"https:\/\/lucacastelli.com\/fr\/wp-json\/wp\/v2\/media?parent=594673"}],"wp:term":[{"taxonomy":"product_brand","embeddable":true,"href":"https:\/\/lucacastelli.com\/fr\/wp-json\/wp\/v2\/product_brand?post=594673"},{"taxonomy":"product_cat","embeddable":true,"href":"https:\/\/lucacastelli.com\/fr\/wp-json\/wp\/v2\/product_cat?post=594673"},{"taxonomy":"product_tag","embeddable":true,"href":"https:\/\/lucacastelli.com\/fr\/wp-json\/wp\/v2\/product_tag?post=594673"}],"curies":[{"name":"wp","href":"https:\/\/api.w.org\/{rel}","templated":true}]}}