{"id":594672,"date":"2025-06-01T02:41:31","date_gmt":"2025-06-01T00:41:31","guid":{"rendered":"https:\/\/lucacastelli.com\/prodotto\/protection-du-visage-et-des-oreilles-stihl-advance-gpc-28\/"},"modified":"2026-03-06T16:58:37","modified_gmt":"2026-03-06T15:58:37","slug":"protection-du-visage-et-des-oreilles-stihl-advance-gpc-28","status":"publish","type":"product","link":"https:\/\/lucacastelli.com\/fr\/produit\/protection-du-visage-et-des-oreilles-stihl-advance-gpc-28\/","title":{"rendered":"Protection du visage et des oreilles STIHL ADVANCE GPC 28"},"content":{"rendered":"<p>Combinaison professionnelle. \u00c9quilibrage optimal. Bandeaux multir\u00e9glables, adaptables \u00e0 la circonf\u00e9rence de la t\u00eate gr\u00e2ce \u00e0 une molette. Casquettes amovibles pour l&#8217;\u00e9t\u00e9. Protection frontale avec fentes d&#8217;a\u00e9ration. Avec visi\u00e8re en polycarbonate.<br \/>\n886661928248     <\/p>\n<p>Valeur d&#8217;isolation 28<br \/>\nValeur H<\/p>\n<p>Valeur M<br \/>\nValeur L 16<\/p>\n","protected":false},"excerpt":{"rendered":"<p>ADVANCE GPC 28 protection du visage et de l&#8217;ou\u00efe<\/p>\n","protected":false},"featured_media":425451,"template":"","meta":{"_seopress_robots_primary_cat":"","_seopress_titles_title":"","_seopress_titles_desc":"","_seopress_robots_index":""},"product_brand":[3366],"product_cat":[33,537,815,816],"product_tag":[3265],"class_list":{"0":"post-594672","1":"product","2":"type-product","3":"status-publish","4":"has-post-thumbnail","6":"product_brand-stihl","7":"product_cat-attrezzature","8":"product_cat-attrezzatura-da-lavoro","9":"product_cat-caschi","10":"product_cat-visiere-e-occhiali-protettivi","11":"product_tag-import-stihl","12":"sws-gruppo-abb-libero-fr","13":"sws-conto-ricavi-merci-rivendita-abbigliamento-fr","14":"sws-gruppo-iva-iva81-fr","16":"first","17":"onbackorder","18":"purchasable","19":"product-type-simple"},"_links":{"self":[{"href":"https:\/\/lucacastelli.com\/fr\/wp-json\/wp\/v2\/product\/594672","targetHints":{"allow":["GET"]}}],"collection":[{"href":"https:\/\/lucacastelli.com\/fr\/wp-json\/wp\/v2\/product"}],"about":[{"href":"https:\/\/lucacastelli.com\/fr\/wp-json\/wp\/v2\/types\/product"}],"wp:featuredmedia":[{"embeddable":true,"href":"https:\/\/lucacastelli.com\/fr\/wp-json\/wp\/v2\/media\/425451"}],"wp:attachment":[{"href":"https:\/\/lucacastelli.com\/fr\/wp-json\/wp\/v2\/media?parent=594672"}],"wp:term":[{"taxonomy":"product_brand","embeddable":true,"href":"https:\/\/lucacastelli.com\/fr\/wp-json\/wp\/v2\/product_brand?post=594672"},{"taxonomy":"product_cat","embeddable":true,"href":"https:\/\/lucacastelli.com\/fr\/wp-json\/wp\/v2\/product_cat?post=594672"},{"taxonomy":"product_tag","embeddable":true,"href":"https:\/\/lucacastelli.com\/fr\/wp-json\/wp\/v2\/product_tag?post=594672"}],"curies":[{"name":"wp","href":"https:\/\/api.w.org\/{rel}","templated":true}]}}