{"id":593889,"date":"2023-05-19T19:45:49","date_gmt":"2023-05-19T17:45:49","guid":{"rendered":"https:\/\/lucacastelli.com\/prodotto\/stema-rotex-75-2\/"},"modified":"2023-05-19T19:45:49","modified_gmt":"2023-05-19T17:45:49","slug":"stema-rotex-75-2","status":"publish","type":"product","link":"https:\/\/lucacastelli.com\/fr\/produit\/stema-rotex-75-2\/","title":{"rendered":"STEMA ROTEX 75"},"content":{"rendered":"<p>Hochgrasmulcher \/ Mower  <\/p>\n<p>Cette tondeuse robuste peut tondre avec la lame sp\u00e9ciale Hochgraswiesen et Wildwuchs m\u00fchelos<br \/>\nm\u00eame avec une seule lame et peut \u00eatre utilis\u00e9e dans toutes les zones de travail. Gr\u00e2ce \u00e0 la r\u00e9novation des points de connexion et de<br \/>\ngauche, la machine est l\u00e9g\u00e8rement rallong\u00e9e. La structure stable de la machine, les messagers et les<br \/>\nAntriebes font de cette machine un v\u00e9ritable profit.    <\/p>\n<p>Cette tondeuse robuste, dot\u00e9e d&#8217;une lame sp\u00e9ciale, r\u00e9alise des coupes fines dans les herbes hautes et les broussailles, garantissant des r\u00e9sultats optimaux m\u00eame dans l&#8217;herbe mouill\u00e9e. Elle r\u00e9partit la mati\u00e8re coup\u00e9e sur toute la surface de travail.<br \/>\ntoute la surface de travail. Gr\u00e2ce au dispositif de d\u00e9connexion des roues droite et gauche, la machine peut \u00eatre conduite facilement sur<br \/>\n. La construction solide du carter et de l&#8217;unit\u00e9 de coupe, ainsi que la robustesse du moteur, en font une machine professionnelle.<br \/>\nprofessionnelle.     <\/p>\n<p>Moteur \/ Engine HONDA GXV390 13 PS OHV \/ hp<br \/>\nG\u00e4nge \/ Speed 2 Vor- und 1 R\u00fcckw\u00e4rtsgang \/ 2 forward and 1 reverse<br \/>\nVitesse V 2,5 \/ 4,2 km\/h, R 1,5 km\/h<br \/>\nGetriebe \/ Transmission Zahnradgetriebe im Oelbad \/ with closed gears in oil bath<br \/>\nBremse \/ Brakes automatische Getriebebremse \/ with automatic transmission<br \/>\nKupplung \/ Clutch f\u00fcr Radantrieb und M\u00e4hwerk unabh\u00e4ngig \/ independent for wheels and cutting element<br \/>\nBereifung \/ Breitreifen Roues 16&#215;6.50-8 \/ pneus larges<br \/>\nAchse \/ Differential on Handhebel schaltbar \/ switchable with hand<br \/>\nlever Handholmen \/ Mancheron h\u00f6hen- und seitenverstellbar, schwingungsged\u00e4mpft \/ r\u00e9glable en hauteur et lat\u00e9ralement, \u00e9quip\u00e9 d&#8217;un dispositif anti-vibration<br \/>\nMulchgeh\u00e4use \/ Carter mit Heckauswurf und freischwingenden Messern \/ with rear ejection and movable<br \/>\nknives M\u00e4hbreite \/ Cutting width 75 cm<br \/>\nGewicht \/ Weight approx. 120 kg \/ approx.<br \/>\nAbmessung \/ Dimensions L 175 cm, L 77 cm, H 95\/60 cm <\/p>\n","protected":false},"excerpt":{"rendered":"<p>Hochgrasmulcher \/ Mower Cette tondeuse robuste peut tondre avec la lame sp\u00e9ciale Hochgraswiesen et Wildwuchs m\u00fchelos m\u00eame avec une seule<\/p>\n","protected":false},"featured_media":512995,"template":"","meta":{"_seopress_robots_primary_cat":"","_seopress_titles_title":"","_seopress_titles_desc":"","_seopress_robots_index":""},"product_brand":[4390],"product_cat":[21],"product_tag":[],"class_list":{"0":"post-593889","1":"product","2":"type-product","3":"status-publish","4":"has-post-thumbnail","6":"product_brand-stema","7":"product_cat-abbigliamento","9":"first","10":"instock","11":"shipping-taxable","12":"product-type-simple"},"_links":{"self":[{"href":"https:\/\/lucacastelli.com\/fr\/wp-json\/wp\/v2\/product\/593889","targetHints":{"allow":["GET"]}}],"collection":[{"href":"https:\/\/lucacastelli.com\/fr\/wp-json\/wp\/v2\/product"}],"about":[{"href":"https:\/\/lucacastelli.com\/fr\/wp-json\/wp\/v2\/types\/product"}],"wp:featuredmedia":[{"embeddable":true,"href":"https:\/\/lucacastelli.com\/fr\/wp-json\/wp\/v2\/media\/512995"}],"wp:attachment":[{"href":"https:\/\/lucacastelli.com\/fr\/wp-json\/wp\/v2\/media?parent=593889"}],"wp:term":[{"taxonomy":"product_brand","embeddable":true,"href":"https:\/\/lucacastelli.com\/fr\/wp-json\/wp\/v2\/product_brand?post=593889"},{"taxonomy":"product_cat","embeddable":true,"href":"https:\/\/lucacastelli.com\/fr\/wp-json\/wp\/v2\/product_cat?post=593889"},{"taxonomy":"product_tag","embeddable":true,"href":"https:\/\/lucacastelli.com\/fr\/wp-json\/wp\/v2\/product_tag?post=593889"}],"curies":[{"name":"wp","href":"https:\/\/api.w.org\/{rel}","templated":true}]}}