{"id":593886,"date":"2022-07-07T17:51:16","date_gmt":"2022-07-07T15:51:16","guid":{"rendered":"https:\/\/lucacastelli.com\/prodotto\/steiner-observateur\/"},"modified":"2022-07-07T17:51:16","modified_gmt":"2022-07-07T15:51:16","slug":"steiner-observateur","status":"publish","type":"product","link":"https:\/\/lucacastelli.com\/fr\/produit\/steiner-observateur\/","title":{"rendered":"STEINER Observateur"},"content":{"rendered":"<p>Grossissement 10x et images lumineuses, parfaites pour capturer chaque d\u00e9tail de pr\u00e8s ou de loin, offrant une puissance visuelle pour un poids r\u00e9duit.<\/p>\n<p>L&#8217;optique \u00e0 contraste \u00e9lev\u00e9 offre une vue claire et lumineuse, des couleurs exactes et des images pr\u00e9cises avec une grande nettet\u00e9 des contours pour des performances exceptionnelles jusqu&#8217;\u00e0 une distance de 2 m.<br \/>\nExtr\u00eamement robuste avec le bo\u00eetier en polycarbonate Makrolon, plage de temp\u00e9rature de -15\u00b0C \u00e0 +55\u00b0C. Le rev\u00eatement antid\u00e9rapant en caoutchouc NBR Longlife r\u00e9siste aux huiles, aux acides et aux intemp\u00e9ries.<br \/>\nFast-Close-Focus Avec la bague centrale de mise au point Fast-Close-Focus \u00e0 r\u00e9glage continu, une rotation minimale, rapide et facile suffit pour obtenir une mise au point nette, de pr\u00e8s \u00e0 l&#8217;infini.<br \/>\nConception l\u00e9g\u00e8re Moins d&#8217;espace requis pour tenir dans un sac \u00e0 dos et pour une maniabilit\u00e9 maximale lors de l&#8217;observation.<br \/>\nOculaires cylindriques \u00e0 visser Les oculaires ergonomiques en silicone durable et hypoallerg\u00e9nique offrent un confort d&#8217;observation et une protection contre la lumi\u00e8re indirecte. Facilement repliables pour une utilisation avec des lunettes.<br \/>\nLarge gamme d&#8217;accessoires Avec \u00e9tui, sangle de transport, housses de protection contre la pluie et capuchon d&#8217;objectif.  <\/p>\n","protected":false},"excerpt":{"rendered":"<p>Grossissement 10x et images lumineuses, parfaites pour capturer chaque d\u00e9tail de pr\u00e8s ou de loin, offrant une puissance visuelle pour<\/p>\n","protected":false},"featured_media":75069,"template":"","meta":{"_seopress_robots_primary_cat":"","_seopress_titles_title":"","_seopress_titles_desc":"","_seopress_robots_index":""},"product_brand":[5051],"product_cat":[33,211,212],"product_tag":[],"class_list":{"0":"post-593886","1":"product","2":"type-product","3":"status-publish","4":"has-post-thumbnail","6":"product_brand-steiner","7":"product_cat-attrezzature","8":"product_cat-attrezzatura-per-il-tempo-libero","9":"product_cat-altro","10":"sws-gruppo-macchinari-fr","11":"sws-conto-ricavi-merci-rivendita-macchinari-fr","12":"sws-gruppo-iva-iva81-fr","14":"first","15":"onbackorder","16":"shipping-taxable","17":"purchasable","18":"product-type-simple"},"_links":{"self":[{"href":"https:\/\/lucacastelli.com\/fr\/wp-json\/wp\/v2\/product\/593886","targetHints":{"allow":["GET"]}}],"collection":[{"href":"https:\/\/lucacastelli.com\/fr\/wp-json\/wp\/v2\/product"}],"about":[{"href":"https:\/\/lucacastelli.com\/fr\/wp-json\/wp\/v2\/types\/product"}],"wp:featuredmedia":[{"embeddable":true,"href":"https:\/\/lucacastelli.com\/fr\/wp-json\/wp\/v2\/media\/75069"}],"wp:attachment":[{"href":"https:\/\/lucacastelli.com\/fr\/wp-json\/wp\/v2\/media?parent=593886"}],"wp:term":[{"taxonomy":"product_brand","embeddable":true,"href":"https:\/\/lucacastelli.com\/fr\/wp-json\/wp\/v2\/product_brand?post=593886"},{"taxonomy":"product_cat","embeddable":true,"href":"https:\/\/lucacastelli.com\/fr\/wp-json\/wp\/v2\/product_cat?post=593886"},{"taxonomy":"product_tag","embeddable":true,"href":"https:\/\/lucacastelli.com\/fr\/wp-json\/wp\/v2\/product_tag?post=593886"}],"curies":[{"name":"wp","href":"https:\/\/api.w.org\/{rel}","templated":true}]}}