{"id":593883,"date":"2023-03-03T15:56:14","date_gmt":"2023-03-03T14:56:14","guid":{"rendered":"https:\/\/lucacastelli.com\/prodotto\/oxtovox-traverse-light-15\/"},"modified":"2023-03-03T15:56:14","modified_gmt":"2023-03-03T14:56:14","slug":"oxtovox-traverse-light-15","status":"publish","type":"product","link":"https:\/\/lucacastelli.com\/fr\/produit\/oxtovox-traverse-light-15\/","title":{"rendered":"OXTOVOX TRAVERSE LIGHT 15"},"content":{"rendered":"<p>L\u00e9g\u00e8re, flexible et fonctionnelle : avec seulement 380 g, la TRAVERSE LIGHT 15 est faite pour les ascensions rapides et longues.<\/p>\n<p>Avec une seule poign\u00e9e, le sac \u00e0 dos alpin ultral\u00e9ger peut \u00eatre comprim\u00e9 sur les bretelles et \u00e9pouse parfaitement le corps. Une Ceinture de hanche amovible et une seconde sangle de poitrine, \u00e9galement amovible, assurent une bonne adaptation au corps, m\u00eame en cas de forte charge. L&#8217;AIRVENT BACK SYSTEM assure une bonne circulation de l&#8217;air et un grand confort pendant le transport, gr\u00e2ce \u00e0 la maille nervur\u00e9e et \u00e0 la mousse perfor\u00e9e. Dans le m\u00eame temps, les bretelles ergonomiques et perm\u00e9ables \u00e0 l&#8217;air r\u00e9partissent le poids uniform\u00e9ment sur le corps.   <\/p>\n<p>Sur le plan technique \u00e9galement, le TRAVERSE LIGHT 15 est vraiment sup\u00e9rieur : sur les bretelles, il y a de la place pour une bouteille d&#8217;eau de 500 ml, un t\u00e9l\u00e9phone portable et une barre dans les trois poches. Le casque et les b\u00e2tons peuvent \u00eatre attach\u00e9s au sac \u00e0 dos en un rien de temps. Dans un esprit de durabilit\u00e9, le mat\u00e9riau ext\u00e9rieur est compos\u00e9 de 72 % de polyamide recycl\u00e9, ce qui rend le TRAVERSE LIGHT extr\u00eamement robuste et durable.  <\/p>\n<p>Plus haut, plus vite, plus loin : la TRAVERSE LIGHT 15 convainc par son faible poids et sa grande fonctionnalit\u00e9. Le compagnon id\u00e9al pour les randonn\u00e9es en montagne rapides et transpirantes. <\/p>\n<p>CARACT\u00c9RISTIQUES DU PRODUIT<br \/>\nAcc\u00e8s au compartiment principal : Dessus<br \/>\nCompartiment \u00e0 cartes<br \/>\nFixation pour b\u00e2tons de trekking<br \/>\nFixation pour casque<br \/>\nCompatible avec un syst\u00e8me d&#8217;hydratation<br \/>\nPorte-bouteille<br \/>\n2 sangles de poitrine amovibles<br \/>\nSifflet de signalisation<br \/>\nCarte d&#8217;urgence<br \/>\nCeinture amovible<br \/>\nInt\u00e9rieur lumineux<br \/>\nAIRVENT DORSAL SYSTEM<\/p>\n<p>MATI\u00c8RE :<br \/>\nPolyamide 210 D ROBIC : 72% polyamide recycl\u00e9 + 28% polyamide<\/p>\n","protected":false},"excerpt":{"rendered":"<p>L\u00e9g\u00e8re, flexible et fonctionnelle : avec seulement 380 g, la TRAVERSE LIGHT 15 est faite pour les ascensions rapides et<\/p>\n","protected":false},"featured_media":86894,"template":"","meta":{"_seopress_robots_primary_cat":"","_seopress_titles_title":"","_seopress_titles_desc":"","_seopress_robots_index":""},"product_brand":[3664],"product_cat":[1702,144,1408],"product_tag":[],"class_list":{"0":"post-593883","1":"product","2":"type-product","3":"status-publish","4":"has-post-thumbnail","6":"product_brand-ortovox-fr","7":"product_cat-autres","8":"product_cat-equipement","9":"product_cat-equipements-de-loisirs","10":"sws-gruppo-abb-libero-fr","11":"sws-conto-ricavi-merci-rivendita-abbigliamento-fr","12":"sws-gruppo-iva-iva81-fr","14":"first","15":"instock","16":"shipping-taxable","17":"purchasable","18":"product-type-variable"},"_links":{"self":[{"href":"https:\/\/lucacastelli.com\/fr\/wp-json\/wp\/v2\/product\/593883","targetHints":{"allow":["GET"]}}],"collection":[{"href":"https:\/\/lucacastelli.com\/fr\/wp-json\/wp\/v2\/product"}],"about":[{"href":"https:\/\/lucacastelli.com\/fr\/wp-json\/wp\/v2\/types\/product"}],"wp:featuredmedia":[{"embeddable":true,"href":"https:\/\/lucacastelli.com\/fr\/wp-json\/wp\/v2\/media\/86894"}],"wp:attachment":[{"href":"https:\/\/lucacastelli.com\/fr\/wp-json\/wp\/v2\/media?parent=593883"}],"wp:term":[{"taxonomy":"product_brand","embeddable":true,"href":"https:\/\/lucacastelli.com\/fr\/wp-json\/wp\/v2\/product_brand?post=593883"},{"taxonomy":"product_cat","embeddable":true,"href":"https:\/\/lucacastelli.com\/fr\/wp-json\/wp\/v2\/product_cat?post=593883"},{"taxonomy":"product_tag","embeddable":true,"href":"https:\/\/lucacastelli.com\/fr\/wp-json\/wp\/v2\/product_tag?post=593883"}],"curies":[{"name":"wp","href":"https:\/\/api.w.org\/{rel}","templated":true}]}}