{"id":593875,"date":"2022-07-11T05:06:14","date_gmt":"2022-07-11T03:06:14","guid":{"rendered":"https:\/\/lucacastelli.com\/prodotto\/camp-sawer\/"},"modified":"2022-07-11T05:06:14","modified_gmt":"2022-07-11T03:06:14","slug":"camp-sawer","status":"publish","type":"product","link":"https:\/\/lucacastelli.com\/fr\/produit\/camp-sawer\/","title":{"rendered":"CAMP Sawer"},"content":{"rendered":"<p>Longe de transport d&#8217;outils en sangle \u00e9lastique (longueur 90-135 cm).<\/p>\n<p>Id\u00e9ale pour s\u00e9curiser une Tron\u00e7onneuses ou d&#8217;autres outils (max. 10 kg) lors de travaux en hauteur.<\/p>\n<p>Boucle m\u00e9tallique pour accrocher l&#8217;outil \u00e0 un mousqueton fix\u00e9 au harnais.<\/p>\n<p>AVERTISSEMENT : La Tron\u00e7onneuse ne doit jamais \u00eatre utilis\u00e9e comme une longe de s\u00e9curit\u00e9.<\/p>\n","protected":false},"excerpt":{"rendered":"<p>Longe de transport d&#8217;outils en sangle \u00e9lastique (longueur 90-135 cm). Id\u00e9ale pour s\u00e9curiser une Tron\u00e7onneuses ou d&#8217;autres outils (max. 10<\/p>\n","protected":false},"featured_media":75475,"template":"","meta":{"_seopress_robots_primary_cat":"","_seopress_titles_title":"","_seopress_titles_desc":"","_seopress_robots_index":""},"product_brand":[4947],"product_cat":[144,1397,1402],"product_tag":[],"class_list":{"0":"post-593875","1":"product","2":"type-product","3":"status-publish","4":"has-post-thumbnail","6":"product_brand-camp-fr","7":"product_cat-equipement","8":"product_cat-equipement-de-travail","9":"product_cat-harnais-et-equipements-de-securite","10":"sws-gruppo-abb-libero-fr","11":"sws-gruppo-macchinari-fr","12":"sws-conto-ricavi-merci-rivendita-abbigliamento-fr","13":"sws-conto-ricavi-merci-rivendita-macchinari-fr","14":"sws-gruppo-iva-iva81-fr","16":"first","17":"instock","18":"shipping-taxable","19":"purchasable","20":"product-type-simple"},"_links":{"self":[{"href":"https:\/\/lucacastelli.com\/fr\/wp-json\/wp\/v2\/product\/593875","targetHints":{"allow":["GET"]}}],"collection":[{"href":"https:\/\/lucacastelli.com\/fr\/wp-json\/wp\/v2\/product"}],"about":[{"href":"https:\/\/lucacastelli.com\/fr\/wp-json\/wp\/v2\/types\/product"}],"wp:featuredmedia":[{"embeddable":true,"href":"https:\/\/lucacastelli.com\/fr\/wp-json\/wp\/v2\/media\/75475"}],"wp:attachment":[{"href":"https:\/\/lucacastelli.com\/fr\/wp-json\/wp\/v2\/media?parent=593875"}],"wp:term":[{"taxonomy":"product_brand","embeddable":true,"href":"https:\/\/lucacastelli.com\/fr\/wp-json\/wp\/v2\/product_brand?post=593875"},{"taxonomy":"product_cat","embeddable":true,"href":"https:\/\/lucacastelli.com\/fr\/wp-json\/wp\/v2\/product_cat?post=593875"},{"taxonomy":"product_tag","embeddable":true,"href":"https:\/\/lucacastelli.com\/fr\/wp-json\/wp\/v2\/product_tag?post=593875"}],"curies":[{"name":"wp","href":"https:\/\/api.w.org\/{rel}","templated":true}]}}