{"id":593873,"date":"2022-07-28T15:10:20","date_gmt":"2022-07-28T13:10:20","guid":{"rendered":"https:\/\/lucacastelli.com\/prodotto\/conteneur-empilable-plano-xxl\/"},"modified":"2022-07-28T15:10:20","modified_gmt":"2022-07-28T13:10:20","slug":"conteneur-empilable-plano-xxl","status":"publish","type":"product","link":"https:\/\/lucacastelli.com\/fr\/produit\/conteneur-empilable-plano-xxl\/","title":{"rendered":"Conteneur empilable PLANO XXL"},"content":{"rendered":"<p>Possibilit\u00e9 d&#8217;installer un cadenas<br \/>\nAvec roues<br \/>\nDimensions ext\u00e9rieures (cm) 96 x 36 x 46<br \/>\nDimensions int\u00e9rieures (cm) 88 x 34 x 41<br \/>\nPoids (kg) 4,5<\/p>\n","protected":false},"excerpt":{"rendered":"<p>Possibilit\u00e9 d&#8217;installer un cadenas Avec roues Dimensions ext\u00e9rieures (cm) 96 x 36 x 46 Dimensions int\u00e9rieures (cm) 88 x 34<\/p>\n","protected":false},"featured_media":76972,"template":"","meta":{"_seopress_robots_primary_cat":"","_seopress_titles_title":"","_seopress_titles_desc":"","_seopress_robots_index":""},"product_brand":[5050],"product_cat":[33,211,212],"product_tag":[],"class_list":{"0":"post-593873","1":"product","2":"type-product","3":"status-publish","4":"has-post-thumbnail","6":"product_brand-plano","7":"product_cat-attrezzature","8":"product_cat-attrezzatura-per-il-tempo-libero","9":"product_cat-altro","10":"sws-gruppo-macchinari","11":"sws-conto-ricavi-merci-rivendita-macchinari","12":"sws-gruppo-iva-iva81","14":"first","15":"instock","16":"shipping-taxable","17":"purchasable","18":"product-type-simple"},"_links":{"self":[{"href":"https:\/\/lucacastelli.com\/fr\/wp-json\/wp\/v2\/product\/593873","targetHints":{"allow":["GET"]}}],"collection":[{"href":"https:\/\/lucacastelli.com\/fr\/wp-json\/wp\/v2\/product"}],"about":[{"href":"https:\/\/lucacastelli.com\/fr\/wp-json\/wp\/v2\/types\/product"}],"wp:featuredmedia":[{"embeddable":true,"href":"https:\/\/lucacastelli.com\/fr\/wp-json\/wp\/v2\/media\/76972"}],"wp:attachment":[{"href":"https:\/\/lucacastelli.com\/fr\/wp-json\/wp\/v2\/media?parent=593873"}],"wp:term":[{"taxonomy":"product_brand","embeddable":true,"href":"https:\/\/lucacastelli.com\/fr\/wp-json\/wp\/v2\/product_brand?post=593873"},{"taxonomy":"product_cat","embeddable":true,"href":"https:\/\/lucacastelli.com\/fr\/wp-json\/wp\/v2\/product_cat?post=593873"},{"taxonomy":"product_tag","embeddable":true,"href":"https:\/\/lucacastelli.com\/fr\/wp-json\/wp\/v2\/product_tag?post=593873"}],"curies":[{"name":"wp","href":"https:\/\/api.w.org\/{rel}","templated":true}]}}