{"id":593678,"date":"2025-08-06T09:36:38","date_gmt":"2025-08-06T07:36:38","guid":{"rendered":"https:\/\/lucacastelli.com\/?post_type=product&#038;p=593678"},"modified":"2025-12-23T12:12:28","modified_gmt":"2025-12-23T11:12:28","slug":"milwaukee-punte-sds-plus-mx4-4-taglienti-86","status":"publish","type":"product","link":"https:\/\/lucacastelli.com\/fr\/produit\/milwaukee-punte-sds-plus-mx4-4-taglienti-86\/","title":{"rendered":"MILWAUKEE Punte SDS-Plus MX4 4 taglienti"},"content":{"rendered":"<p>Punte SDS-Plus MX4 4 taglienti<br \/>\nSDS+ MX4 3.5x165mm-1pc<br \/>\nUnico blocco a 4 taglienti al carburo (4 x 90 gradi). Per fori perfettamente rotondi e un ancoraggio ottimale;Geometria a 4 scanalature, assicura la massima estrazione di polveri e detriti;Punta di centraggio per una facile centratura e la massima precisione del foro;Maggior quantit\u00e0 di Carburo porta ad avere una maggiore durata;4 denti demolitori producono micro fratture nel cemento che aumentano la velocit\u00e0. Polverizzano il materiale pi\u00f9 efficentemente. 20 % pi\u00f9 veloce rispetto ai concorrenti;Smussatura laterale del tagliente per una maggiore resistenza in cemento armato. Queste punte sono 4 volte pi\u00f9 durature vs le punte a 2 taglienti;Nuovo design della spalla che si assottiglia con l\u2019avvicinarsi al tagliente per una migliore estrazione polveri, velocit\u00e0 e minimizzare l&#8217;attrito. Fino a 20 % pi\u00f9 fori per carica vs concorrenti;Made in Germany;Certificate PGM;Made in Germany<\/p>\n<p>4932500057<br \/>\n4058546572211<\/p>\n","protected":false},"excerpt":{"rendered":"<p>SDS+ MX4 3.5x165mm-1pc<\/p>\n","protected":false},"featured_media":491434,"template":"","meta":{"_seopress_robots_primary_cat":"","_seopress_titles_title":"","_seopress_titles_desc":"","_seopress_robots_index":""},"product_brand":[3407],"product_cat":[29,514,549],"product_tag":[3270],"class_list":{"0":"post-593678","1":"product","2":"type-product","3":"status-publish","4":"has-post-thumbnail","6":"product_brand-milwaukee","7":"product_cat-macchinari","8":"product_cat-altri-dispositivi","9":"product_cat-trapani-e-avvitatori","10":"product_tag-import-milwau","11":"sws-conto-ricavi-merci-rivendita-macchinari","12":"sws-gruppo-iva-iva81","14":"first","15":"onbackorder","16":"sale","17":"shipping-taxable","18":"purchasable","19":"product-type-simple"},"_links":{"self":[{"href":"https:\/\/lucacastelli.com\/fr\/wp-json\/wp\/v2\/product\/593678","targetHints":{"allow":["GET"]}}],"collection":[{"href":"https:\/\/lucacastelli.com\/fr\/wp-json\/wp\/v2\/product"}],"about":[{"href":"https:\/\/lucacastelli.com\/fr\/wp-json\/wp\/v2\/types\/product"}],"wp:featuredmedia":[{"embeddable":true,"href":"https:\/\/lucacastelli.com\/fr\/wp-json\/wp\/v2\/media\/491434"}],"wp:attachment":[{"href":"https:\/\/lucacastelli.com\/fr\/wp-json\/wp\/v2\/media?parent=593678"}],"wp:term":[{"taxonomy":"product_brand","embeddable":true,"href":"https:\/\/lucacastelli.com\/fr\/wp-json\/wp\/v2\/product_brand?post=593678"},{"taxonomy":"product_cat","embeddable":true,"href":"https:\/\/lucacastelli.com\/fr\/wp-json\/wp\/v2\/product_cat?post=593678"},{"taxonomy":"product_tag","embeddable":true,"href":"https:\/\/lucacastelli.com\/fr\/wp-json\/wp\/v2\/product_tag?post=593678"}],"curies":[{"name":"wp","href":"https:\/\/api.w.org\/{rel}","templated":true}]}}