{"id":589734,"date":"2025-08-06T11:28:10","date_gmt":"2025-08-06T09:28:10","guid":{"rendered":"https:\/\/lucacastelli.com\/?post_type=product&#038;p=589734"},"modified":"2025-12-23T13:03:56","modified_gmt":"2025-12-23T12:03:56","slug":"milwaukee-avvitatore-ad-impulsi","status":"publish","type":"product","link":"https:\/\/lucacastelli.com\/fr\/produit\/milwaukee-avvitatore-ad-impulsi\/","title":{"rendered":"MILWAUKEE Avvitatore ad impulsi"},"content":{"rendered":"<p>M18 ONEFHIWF1-802X \/ AVV IMPULSI IN1<br \/>\nIl primo avvitatore ad impulsi ad alta coppia M18 FUEL\u2122 ONE-KEY\u2122 con attacco da 1 pollici, sostituisce gli utensili a filo, a benzina o pneumatici;Sistema con 4 modalit\u00e0 DRIVE CONTROL che permette di scegliere tra quattro diverse impostazioni di velocit\u00e0 e coppia, per la massima flessibilit\u00e0 in diverse applicazioni;2033 Nm di coppia e fino a 2400 Nm in fase di svitatura;Personalizzazione ONE-KEY\u2122: Possibilit\u00e0 di regolare la velocit\u00e0 del&#8217;utensile e il range di coppia desiderato (da 1 a 10);Con la tecnologia ONE-KEY\u2122 \u00e8 possibile monitorare da remoto i propri utensili dell&#8217;inventario, sapere sempre dove si trovano e prevenire manomissioni;Il sistema ONE-KEY\u2122 Tracking &amp; Security offre gratuitamente un servizio di tracciamento e gestione dell&#8217;inventario basata su cloud, disponendo anche di funzionalit\u00e0 di blocco a distanza e di personalizzazione delle prestazioni dell&#8217;utensile;Sistema HIGH OUTPUT\u2122, eleva prestazioni e autonomia della tecnologia M18 FUEL\u2122;Funziona con tutte le batterie M18\u2122 MILWAUKEE\u00ae<\/p>\n<p>4933499254<br \/>\n4058546564186<\/p>\n","protected":false},"excerpt":{"rendered":"<p>M18 ONEFHIWF1-802X \/ AVV IMPULSI IN1<\/p>\n","protected":false},"featured_media":453977,"template":"","meta":{"_seopress_robots_primary_cat":"","_seopress_titles_title":"","_seopress_titles_desc":"","_seopress_robots_index":""},"product_brand":[3407],"product_cat":[29,549],"product_tag":[3270],"class_list":{"0":"post-589734","1":"product","2":"type-product","3":"status-publish","4":"has-post-thumbnail","6":"product_brand-milwaukee","7":"product_cat-macchinari","8":"product_cat-trapani-e-avvitatori","9":"product_tag-import-milwau","10":"sws-conto-ricavi-merci-rivendita-macchinari-fr","11":"sws-gruppo-iva-iva81-fr","13":"first","14":"onbackorder","15":"sale","16":"shipping-taxable","17":"purchasable","18":"product-type-simple"},"_links":{"self":[{"href":"https:\/\/lucacastelli.com\/fr\/wp-json\/wp\/v2\/product\/589734","targetHints":{"allow":["GET"]}}],"collection":[{"href":"https:\/\/lucacastelli.com\/fr\/wp-json\/wp\/v2\/product"}],"about":[{"href":"https:\/\/lucacastelli.com\/fr\/wp-json\/wp\/v2\/types\/product"}],"wp:featuredmedia":[{"embeddable":true,"href":"https:\/\/lucacastelli.com\/fr\/wp-json\/wp\/v2\/media\/453977"}],"wp:attachment":[{"href":"https:\/\/lucacastelli.com\/fr\/wp-json\/wp\/v2\/media?parent=589734"}],"wp:term":[{"taxonomy":"product_brand","embeddable":true,"href":"https:\/\/lucacastelli.com\/fr\/wp-json\/wp\/v2\/product_brand?post=589734"},{"taxonomy":"product_cat","embeddable":true,"href":"https:\/\/lucacastelli.com\/fr\/wp-json\/wp\/v2\/product_cat?post=589734"},{"taxonomy":"product_tag","embeddable":true,"href":"https:\/\/lucacastelli.com\/fr\/wp-json\/wp\/v2\/product_tag?post=589734"}],"curies":[{"name":"wp","href":"https:\/\/api.w.org\/{rel}","templated":true}]}}