{"id":586866,"date":"2025-08-06T11:28:04","date_gmt":"2025-08-06T09:28:04","guid":{"rendered":"https:\/\/lucacastelli.com\/?post_type=product&#038;p=586866"},"modified":"2025-12-25T20:20:46","modified_gmt":"2025-12-25T19:20:46","slug":"milwaukee-avvitatore-ad-impulsi-%c2%bc%e2%80%b3-esagonale-m18-fuel","status":"publish","type":"product","link":"https:\/\/lucacastelli.com\/fr\/produit\/milwaukee-avvitatore-ad-impulsi-%c2%bc%e2%80%b3-esagonale-m18-fuel\/","title":{"rendered":"MILWAUKEE AVVITATORE AD IMPULSI \u00bc\u2033 ESAGONALE M18 FUEL\u2122"},"content":{"rendered":"<p>M18FID3-0 AV.TATRIC-ELETT.BAT<br \/>\n226 Nm di coppia;Pi\u00f9 veloce rispetto alla precedente versione, fino a 3900 giri\/min e 4400 impulsi\/min;Lungo solo 113 mm, permette di accedere anche negli spazi pi\u00f9 stretti;La funzione DRIVE CONTROL permette all&#8217;utilizzatore di selezionare quattro differenti modalit\u00e0 di velocit\u00e0 e coppia per massimizzare le applicazioni;Velocit\u00e0 1 per lavori di precisione;Velocit\u00e0 2 previene la rottura di inserti e materiale;Velocit\u00e0 3 garantisce le massime performance per le applicazioni pi\u00f9 gravose;Modalit\u00e0 4 regola automaticamente la velocit\u00e0, gli impulsi e la coppia in base alla resistenza;Elettronica ottimizzata per massima autonomia;Attacco esagonale 1\/4 pollici per inserimento \/ sgancio rapido degli inserti;La tecnologia FUEL\u2122 ridefinisce gli elettroutensili a batteria. Il motore brushless, l&#8217;elettronica REDLINK PLUS\u2122 e il pacco batterie REDLITHIUM\u2122 offrono prestazioni e durata superiori;Funziona con tutte le batterie M18\u2122 MILWAUKEE\u00ae<\/p>\n<p>4933498061<br \/>\n4058546512217<\/p>\n","protected":false},"excerpt":{"rendered":"<p>M18FID3-0 AV.TATRIC-ELETT.BAT<\/p>\n","protected":false},"featured_media":586867,"template":"","meta":{"_seopress_robots_primary_cat":"","_seopress_titles_title":"","_seopress_titles_desc":"","_seopress_robots_index":""},"product_brand":[3407],"product_cat":[29,549],"product_tag":[3270],"class_list":{"0":"post-586866","1":"product","2":"type-product","3":"status-publish","4":"has-post-thumbnail","6":"product_brand-milwaukee","7":"product_cat-macchinari","8":"product_cat-trapani-e-avvitatori","9":"product_tag-import-milwau","10":"sws-conto-ricavi-merci-rivendita-macchinari-fr","11":"sws-gruppo-iva-iva81-fr","13":"first","14":"onbackorder","15":"sale","16":"shipping-taxable","17":"purchasable","18":"product-type-simple"},"_links":{"self":[{"href":"https:\/\/lucacastelli.com\/fr\/wp-json\/wp\/v2\/product\/586866","targetHints":{"allow":["GET"]}}],"collection":[{"href":"https:\/\/lucacastelli.com\/fr\/wp-json\/wp\/v2\/product"}],"about":[{"href":"https:\/\/lucacastelli.com\/fr\/wp-json\/wp\/v2\/types\/product"}],"wp:featuredmedia":[{"embeddable":true,"href":"https:\/\/lucacastelli.com\/fr\/wp-json\/wp\/v2\/media\/586867"}],"wp:attachment":[{"href":"https:\/\/lucacastelli.com\/fr\/wp-json\/wp\/v2\/media?parent=586866"}],"wp:term":[{"taxonomy":"product_brand","embeddable":true,"href":"https:\/\/lucacastelli.com\/fr\/wp-json\/wp\/v2\/product_brand?post=586866"},{"taxonomy":"product_cat","embeddable":true,"href":"https:\/\/lucacastelli.com\/fr\/wp-json\/wp\/v2\/product_cat?post=586866"},{"taxonomy":"product_tag","embeddable":true,"href":"https:\/\/lucacastelli.com\/fr\/wp-json\/wp\/v2\/product_tag?post=586866"}],"curies":[{"name":"wp","href":"https:\/\/api.w.org\/{rel}","templated":true}]}}