{"id":586752,"date":"2025-08-06T11:27:58","date_gmt":"2025-08-06T09:27:58","guid":{"rendered":"https:\/\/lucacastelli.com\/?post_type=product&#038;p=586752"},"modified":"2025-12-25T19:56:53","modified_gmt":"2025-12-25T18:56:53","slug":"milwaukee-avvitatore-ad-impulsi-alta-coppia-%c2%bd%e2%80%b3-m18-fuel-con-anello-di-frizione-3","status":"publish","type":"product","link":"https:\/\/lucacastelli.com\/fr\/produit\/milwaukee-avvitatore-ad-impulsi-alta-coppia-%c2%bd%e2%80%b3-m18-fuel-con-anello-di-frizione-3\/","title":{"rendered":"MILWAUKEE Avvitatore ad impulsi alta coppia \u00bd\u2033 M18 FUEL\u2122 con anello di frizione"},"content":{"rendered":"<p>M18FHIW2F12-0 AVVITATRI.ELETTRICA<br \/>\nGrande potenza: l&#8217;avvitatore ad impulsi ad alta coppia M18 FUEL\u2122 eroga una coppia di serraggio di 1491 Nm e una coppia di svitatura di 2034 Nm in un utensile davvero compatto, solo 193 mm;2000 giri\/minuto a vuoto, una velocit\u00e0 superiore del 35% rispetto alla generazione precedente;Sistema che protegge la batteria dalle elevate vibrazioni;Scocca molto robusta per garantire un&#8217;elevata resistenza agli urti;I 3 LED situati nella parte frontale garantiscono un&#8217;eccellente illuminazione della zona di lavoro;4 modalit\u00e0 DRIVE CONTROL permettono di selezionare in modo veloce differenti velocit\u00e0 e coppie di serraggio;La quarta modalit\u00e0 &#8220;bolt removal&#8221; eroga il massimo della coppia in fase di svitatura per poi diminuire a 750 giri\/min evitando di perdere il controllo del bullone;La tecnologia FUEL\u2122 ridefinisce gli elettroutensili a batteria. Il motore brushless, l&#8217;elettronica REDLINK PLUS\u2122 e il pacco batterie REDLITHIUM\u2122 offrono prestazioni e durata superiori;Funziona con tutte le batterie M18\u2122 MILWAUKEE\u00ae<\/p>\n<p>4933498056<br \/>\n4058546512163<\/p>\n","protected":false},"excerpt":{"rendered":"<p>M18FHIW2F12-0 AVVITATRI.ELETTRICA<\/p>\n","protected":false},"featured_media":586753,"template":"","meta":{"_seopress_robots_primary_cat":"none","_seopress_titles_title":"","_seopress_titles_desc":"","_seopress_robots_index":""},"product_brand":[3407],"product_cat":[29,549],"product_tag":[3270],"class_list":{"0":"post-586752","1":"product","2":"type-product","3":"status-publish","4":"has-post-thumbnail","6":"product_brand-milwaukee","7":"product_cat-macchinari","8":"product_cat-trapani-e-avvitatori","9":"product_tag-import-milwau","10":"sws-gruppo-macchinari","11":"sws-conto-ricavi-merci-rivendita-macchinari","12":"sws-gruppo-iva-iva81","14":"first","15":"instock","16":"sale","17":"shipping-taxable","18":"purchasable","19":"product-type-simple"},"_links":{"self":[{"href":"https:\/\/lucacastelli.com\/fr\/wp-json\/wp\/v2\/product\/586752","targetHints":{"allow":["GET"]}}],"collection":[{"href":"https:\/\/lucacastelli.com\/fr\/wp-json\/wp\/v2\/product"}],"about":[{"href":"https:\/\/lucacastelli.com\/fr\/wp-json\/wp\/v2\/types\/product"}],"wp:featuredmedia":[{"embeddable":true,"href":"https:\/\/lucacastelli.com\/fr\/wp-json\/wp\/v2\/media\/586753"}],"wp:attachment":[{"href":"https:\/\/lucacastelli.com\/fr\/wp-json\/wp\/v2\/media?parent=586752"}],"wp:term":[{"taxonomy":"product_brand","embeddable":true,"href":"https:\/\/lucacastelli.com\/fr\/wp-json\/wp\/v2\/product_brand?post=586752"},{"taxonomy":"product_cat","embeddable":true,"href":"https:\/\/lucacastelli.com\/fr\/wp-json\/wp\/v2\/product_cat?post=586752"},{"taxonomy":"product_tag","embeddable":true,"href":"https:\/\/lucacastelli.com\/fr\/wp-json\/wp\/v2\/product_tag?post=586752"}],"curies":[{"name":"wp","href":"https:\/\/api.w.org\/{rel}","templated":true}]}}