{"id":580540,"date":"2025-12-03T13:00:26","date_gmt":"2025-12-03T12:00:26","guid":{"rendered":"https:\/\/lucacastelli.com\/prodotto\/stihl-bga-200-set-ar-2000-l-2\/"},"modified":"2026-01-02T18:53:50","modified_gmt":"2026-01-02T17:53:50","slug":"stihl-bga-200-set-ar-2000-l-2","status":"publish","type":"product","link":"https:\/\/lucacastelli.com\/fr\/produit\/stihl-bga-200-set-ar-2000-l-2\/","title":{"rendered":"STIHL BGA 200 set AR 2000 L"},"content":{"rendered":"<p>SOUFFLEUR \u00c0 BATTERIE PARTICULI\u00c8REMENT FLEXIBLE ET CONFORTABLE<br \/>\nSouffleur haut de gamme \u00e0 batterie professionnelle STIHL. Nettoyage rapide gr\u00e2ce \u00e0 la force de soufflage \u00e9lev\u00e9e et \u00e0 la haute vitesse de l&#8217;air. Deuxi\u00e8me poign\u00e9e et blocage de l&#8217;acc\u00e9l\u00e9rateur, r\u00e9glage rapide du tube soufflant, effort r\u00e9duit sur le poignet. Port\u00e9 \u00e0 la main lors de l&#8217;utilisation dans des zones restreintes, avec syst\u00e8me de transport pour les grandes surfaces. Les applications sont l&#8217;enl\u00e8vement des feuilles et des d\u00e9chets, et la collecte de fruits.    <\/p>\n<p>Donn\u00e9es Techniques :<br \/>\nTension nominale : 36 V<br \/>\nPoids 3,2 kg<br \/>\nVitesse de l \u00ab &#8216;air max 84 m\/s<br \/>\nVitesse de l \u00bb&#8217;air max 187 mph<br \/>\nAutonomie de la batterie avec AR 2000 : de 53 jusqu&#8217;\u00e0 315 minutes<\/p>\n<p>Set compos\u00e9 de :<\/p>\n<p>1 pce STIHL BGA 200<br \/>\n1 pce AR 2000 L Set<br \/>\n1 pce AL 501<br \/>\n1 pce syst\u00e8me de support AR L<\/p>\n","protected":false},"excerpt":{"rendered":"<p>SOUFFLEUR \u00c0 BATTERIE PARTICULI\u00c8REMENT FLEXIBLE ET CONFORTABLE Souffleur haut de gamme \u00e0 batterie professionnelle STIHL. Nettoyage rapide gr\u00e2ce \u00e0 la<\/p>\n","protected":false},"featured_media":580534,"template":"","meta":{"_seopress_robots_primary_cat":"none","_seopress_titles_title":"","_seopress_titles_desc":"","_seopress_robots_index":""},"product_brand":[3555],"product_cat":[167,1651,1643],"product_tag":[],"class_list":{"0":"post-580540","1":"product","2":"type-product","3":"status-publish","4":"has-post-thumbnail","6":"product_brand-stihl-fr","7":"product_cat-machines","8":"product_cat-souffleurs-a-batterie","9":"product_cat-souffleurs-et-aspirateurs","10":"sws-gruppo-macchinari-fr","11":"sws-conto-ricavi-merci-rivendita-macchinari-fr","12":"sws-gruppo-iva-iva81-fr","14":"first","15":"instock","16":"sale","17":"shipping-taxable","18":"purchasable","19":"product-type-simple"},"_links":{"self":[{"href":"https:\/\/lucacastelli.com\/fr\/wp-json\/wp\/v2\/product\/580540","targetHints":{"allow":["GET"]}}],"collection":[{"href":"https:\/\/lucacastelli.com\/fr\/wp-json\/wp\/v2\/product"}],"about":[{"href":"https:\/\/lucacastelli.com\/fr\/wp-json\/wp\/v2\/types\/product"}],"wp:featuredmedia":[{"embeddable":true,"href":"https:\/\/lucacastelli.com\/fr\/wp-json\/wp\/v2\/media\/580534"}],"wp:attachment":[{"href":"https:\/\/lucacastelli.com\/fr\/wp-json\/wp\/v2\/media?parent=580540"}],"wp:term":[{"taxonomy":"product_brand","embeddable":true,"href":"https:\/\/lucacastelli.com\/fr\/wp-json\/wp\/v2\/product_brand?post=580540"},{"taxonomy":"product_cat","embeddable":true,"href":"https:\/\/lucacastelli.com\/fr\/wp-json\/wp\/v2\/product_cat?post=580540"},{"taxonomy":"product_tag","embeddable":true,"href":"https:\/\/lucacastelli.com\/fr\/wp-json\/wp\/v2\/product_tag?post=580540"}],"curies":[{"name":"wp","href":"https:\/\/api.w.org\/{rel}","templated":true}]}}