{"id":580514,"date":"2025-12-03T14:00:59","date_gmt":"2025-12-03T13:00:59","guid":{"rendered":"https:\/\/lucacastelli.com\/prodotto\/stihl-hsa-100-con-1-al-301-e-2-pz-ap-200-s-2\/"},"modified":"2026-01-15T16:50:00","modified_gmt":"2026-01-15T15:50:00","slug":"stihl-hsa-100-con-1-al-301-e-2-pz-ap-200-s-2","status":"publish","type":"product","link":"https:\/\/lucacastelli.com\/fr\/produit\/stihl-hsa-100-con-1-al-301-e-2-pz-ap-200-s-2\/","title":{"rendered":"STIHL HSA 100 avec AL 1 301 et 2 AP 200 S"},"content":{"rendered":"<p>TAILLE-HAIE PUISSANT POUR UNE UTILISATION DANS LES ZONES SENSIBLES AU BRUIT<\/p>\n<p>Taille-haie universel puissant pour une utilisation dans les zones sensibles au bruit. Lames durables \u00e0 double lame avec un espacement des dents de 34 mm pour d&#8217;excellentes performances de coupe et un travail rapide. Utilisation ergonomique et confortable, m\u00eame sur de longues p\u00e9riodes d&#8217;utilisation, gr\u00e2ce \u00e0 l&#8217;excellent \u00e9quilibre de l&#8217;outil, \u00e0 la poign\u00e9e multifonction pivotante, \u00e0 la poign\u00e9e en arc avec interrupteur interne et au syst\u00e8me anti-vibrations STIHL. Syst\u00e8me anti-blocage pour changer facilement le sens de rotation du couteau en cas de blocage. Moteur \u00e9lectrique pour des performances constantes et une longue dur\u00e9e de vie. Prot\u00e8ge-couteau boulonn\u00e9, protection du guide-couteau pour les travaux \u00e0 faible usure pr\u00e8s du sol ou le long des murs.     <\/p>\n<p>DONN\u00c9ES TECHNIQUES<br \/>\nLongueur de coupe : 60 cm<br \/>\nTension nominale : 36 V<br \/>\nPoids : 3,7 kg<br \/>\nNiveau de pression acoustique (Norm 2022) : 76 dB(A)<br \/>\nNiveau de puissance acoustique : 84 dB(A)<br \/>\nLongueur totale : 116 cm<br \/>\nNombre de coups : 300 U\/Min (UM)<br \/>\nDistance entre les dents : 34 min<br \/>\nAutonomie avec AP 200 : jusqu&#8217;\u00e0 150 min.<\/p>\n<p>Ensemble compos\u00e9 de :<\/p>\n<p>1 pc STIHL HSA 100<br \/>\n2 pc AP 200 S batterie<br \/>\n1 pc AL 301 chargeur<\/p>\n","protected":false},"excerpt":{"rendered":"<p>TAILLE-HAIE PUISSANT POUR UNE UTILISATION DANS LES ZONES SENSIBLES AU BRUIT Taille-haie universel puissant pour une utilisation dans les zones<\/p>\n","protected":false},"featured_media":580509,"template":"","meta":{"_seopress_robots_primary_cat":"none","_seopress_titles_title":"","_seopress_titles_desc":"","_seopress_robots_index":""},"product_brand":[3366],"product_cat":[29,282,267],"product_tag":[],"class_list":{"0":"post-580514","1":"product","2":"type-product","3":"status-publish","4":"has-post-thumbnail","6":"product_brand-stihl","7":"product_cat-macchinari","8":"product_cat-tosasiepi-e-potatori-a-batteria","9":"product_cat-tosasiepi-e-potatori","10":"sws-gruppo-macchinari-fr","11":"sws-conto-ricavi-merci-rivendita-macchinari-fr","12":"sws-gruppo-iva-iva81-fr","14":"first","15":"instock","16":"sale","17":"shipping-taxable","18":"purchasable","19":"product-type-simple"},"_links":{"self":[{"href":"https:\/\/lucacastelli.com\/fr\/wp-json\/wp\/v2\/product\/580514","targetHints":{"allow":["GET"]}}],"collection":[{"href":"https:\/\/lucacastelli.com\/fr\/wp-json\/wp\/v2\/product"}],"about":[{"href":"https:\/\/lucacastelli.com\/fr\/wp-json\/wp\/v2\/types\/product"}],"wp:featuredmedia":[{"embeddable":true,"href":"https:\/\/lucacastelli.com\/fr\/wp-json\/wp\/v2\/media\/580509"}],"wp:attachment":[{"href":"https:\/\/lucacastelli.com\/fr\/wp-json\/wp\/v2\/media?parent=580514"}],"wp:term":[{"taxonomy":"product_brand","embeddable":true,"href":"https:\/\/lucacastelli.com\/fr\/wp-json\/wp\/v2\/product_brand?post=580514"},{"taxonomy":"product_cat","embeddable":true,"href":"https:\/\/lucacastelli.com\/fr\/wp-json\/wp\/v2\/product_cat?post=580514"},{"taxonomy":"product_tag","embeddable":true,"href":"https:\/\/lucacastelli.com\/fr\/wp-json\/wp\/v2\/product_tag?post=580514"}],"curies":[{"name":"wp","href":"https:\/\/api.w.org\/{rel}","templated":true}]}}