{"id":580502,"date":"2025-12-03T14:00:48","date_gmt":"2025-12-03T13:00:48","guid":{"rendered":"https:\/\/lucacastelli.com\/prodotto\/stihl-rma-756-v-con-2-ap-500-s-e-al-301-2\/"},"modified":"2025-08-13T10:41:14","modified_gmt":"2025-08-13T08:41:14","slug":"stihl-rma-756-v-con-2-ap-500-s-e-al-301-2","status":"publish","type":"product","link":"https:\/\/lucacastelli.com\/fr\/produit\/stihl-rma-756-v-con-2-ap-500-s-e-al-301-2\/","title":{"rendered":"STIHL RMA 756 V avec 2 AP 500 S et AL 301"},"content":{"rendered":"<p>Tondeuse professionnelle sans fil RMA 756 V : tondre et broyer efficacement et confortablement les surfaces de taille moyenne<br \/>\nLa tondeuse sans fil STIHL RMA 756 V avec entra\u00eenement des roues Vario est particuli\u00e8rement adapt\u00e9e \u00e0 la tonte et au broyage professionnels de grandes surfaces avec des pentes allant jusqu&#8217;\u00e0 25\u00b0. La robuste tondeuse professionnelle sans fil 4 en 1 avec coin mulching, \u00e9jection lat\u00e9rale et arri\u00e8re et bac de ramassage de 80 litres allie un grand confort de travail \u00e0 des performances \u00e9lev\u00e9es et est tr\u00e8s silencieuse. Elle peut donc \u00e9galement \u00eatre utilis\u00e9e dans les zones sensibles au bruit telles que les quartiers r\u00e9sidentiels, les \u00e9coles ou les jardins d&#8217;h\u00f4pitaux.  <\/p>\n<p>La STIHL RMA 756 V poss\u00e8de un carter hybride compos\u00e9 d&#8217;un robuste carter ext\u00e9rieur en aluminium et d&#8217;un carter int\u00e9rieur en polym\u00e8re r\u00e9sistant aux chocs. La protection contre les collisions \u00e0 l&#8217;avant et les plaques m\u00e9talliques lat\u00e9rales rempla\u00e7ables contribuent \u00e9galement \u00e0 une longue dur\u00e9e de vie. Gr\u00e2ce \u00e0 son moteur \u00e9lectrique sans balais, aliment\u00e9 par deux batteries du syst\u00e8me STIHL AP, la STIHL RMA 756 V tond et broie m\u00eame les grandes surfaces de mani\u00e8re particuli\u00e8rement efficace.  <\/p>\n<p>De plus, le guidon confort rabattable et r\u00e9glable en hauteur avec unit\u00e9 de commande num\u00e9rique et fonction connect\u00e9e STIHL int\u00e9gr\u00e9e garantit un travail efficace et un grand confort d&#8217;utilisation. La vitesse de l&#8217;entra\u00eenement Vario peut \u00eatre r\u00e9gl\u00e9e en 5 \u00e9tapes sur le guidon confort, par exemple en r\u00e9duisant la vitesse sur les pentes et en l&#8217;augmentant sur les surfaces planes. Pour un meilleur d\u00e9roulement du travail, tu peux \u00e9galement choisir entre 3 modes de tonte : Eco, Standard et Auto-Boost. Lorsque le mode Eco est activ\u00e9, le r\u00e9gime moteur de la tondeuse s&#8217;adapte automatiquement \u00e0 la puissance r\u00e9ellement n\u00e9cessaire. Ainsi, la tondeuse aliment\u00e9e par batterie consomme moins d&#8217;\u00e9nergie et peut couvrir une plus grande surface.    <\/p>\n<p>Avec sa lame multiple au d\u00e9bit optimis\u00e9 et sa largeur de coupe de 54 cm, la STIHL RMA 756 V te permet de travailler de mani\u00e8re particuli\u00e8rement efficace. Gr\u00e2ce au r\u00e9glage de la hauteur de coupe par molette, tu peux r\u00e9gler avec pr\u00e9cision la longueur de pelouse souhait\u00e9e en 6 \u00e9tapes, de 25 mm \u00e0 100 mm. Le bac de ramassage en tissu de 80 litres de la STIHL RMA 756 V est facile \u00e0 retirer et \u00e0 vider gr\u00e2ce \u00e0 son unique guidon confort. <\/p>\n<p>Ensemble compos\u00e9 de :<br \/>\n1 tondeuse STIHL RMA 756 V<br \/>\n2 batteries AP 500 S<br \/>\n1 chargeur AL 301<\/p>\n","protected":false},"excerpt":{"rendered":"<p>Tondeuse professionnelle sans fil RMA 756 V : tondre et broyer efficacement et confortablement les surfaces de taille moyenne La<\/p>\n","protected":false},"featured_media":580497,"template":"","meta":{"_seopress_robots_primary_cat":"none","_seopress_titles_title":"","_seopress_titles_desc":"","_seopress_robots_index":""},"product_brand":[3366],"product_cat":[29,262,488],"product_tag":[],"class_list":{"0":"post-580502","1":"product","2":"type-product","3":"status-publish","4":"has-post-thumbnail","6":"product_brand-stihl","7":"product_cat-macchinari","8":"product_cat-tosaerba-e-robot","9":"product_cat-tosaerba-a-batteria","10":"sws-gruppo-macchinari-fr","11":"sws-conto-ricavi-merci-rivendita-macchinari-fr","12":"sws-gruppo-iva-iva81-fr","14":"first","15":"onbackorder","16":"sale","17":"shipping-taxable","18":"purchasable","19":"product-type-simple"},"_links":{"self":[{"href":"https:\/\/lucacastelli.com\/fr\/wp-json\/wp\/v2\/product\/580502","targetHints":{"allow":["GET"]}}],"collection":[{"href":"https:\/\/lucacastelli.com\/fr\/wp-json\/wp\/v2\/product"}],"about":[{"href":"https:\/\/lucacastelli.com\/fr\/wp-json\/wp\/v2\/types\/product"}],"wp:featuredmedia":[{"embeddable":true,"href":"https:\/\/lucacastelli.com\/fr\/wp-json\/wp\/v2\/media\/580497"}],"wp:attachment":[{"href":"https:\/\/lucacastelli.com\/fr\/wp-json\/wp\/v2\/media?parent=580502"}],"wp:term":[{"taxonomy":"product_brand","embeddable":true,"href":"https:\/\/lucacastelli.com\/fr\/wp-json\/wp\/v2\/product_brand?post=580502"},{"taxonomy":"product_cat","embeddable":true,"href":"https:\/\/lucacastelli.com\/fr\/wp-json\/wp\/v2\/product_cat?post=580502"},{"taxonomy":"product_tag","embeddable":true,"href":"https:\/\/lucacastelli.com\/fr\/wp-json\/wp\/v2\/product_tag?post=580502"}],"curies":[{"name":"wp","href":"https:\/\/api.w.org\/{rel}","templated":true}]}}