{"id":580490,"date":"2025-12-03T14:00:37","date_gmt":"2025-12-03T13:00:37","guid":{"rendered":"https:\/\/lucacastelli.com\/prodotto\/stihl-msa-220-tc-o-35-cm-con-2-ap-300-s-e-al-301-2\/"},"modified":"2025-10-20T08:20:59","modified_gmt":"2025-10-20T06:20:59","slug":"stihl-msa-220-tc-o-35-cm-con-2-ap-300-s-e-al-301-2","status":"publish","type":"product","link":"https:\/\/lucacastelli.com\/fr\/produit\/stihl-msa-220-tc-o-35-cm-con-2-ap-300-s-e-al-301-2\/","title":{"rendered":"STIHL MSA 220 TC-O 35 cm avec 2 AP 300 S et AL 301"},"content":{"rendered":"<p>Tron\u00e7onneuse sans fil STIHL pour l&#8217;entretien des arbres.<\/p>\n<p>La STIHL MSA 220 TC-O est la Tron\u00e7onneuse sans fil la plus puissante de STIHL pour l&#8217;entretien des arbres. Une capacit\u00e9 de ramassage \u00e9lev\u00e9e et une vitesse de cha\u00eene de 23 m\/s garantissent d&#8217;excellentes performances de coupe. Un filtre molletonn\u00e9 lavable isole la sciure et la poussi\u00e8re du flux d&#8217;air de refroidissement, ce qui prolonge la dur\u00e9e de vie du moteur et de l&#8217;\u00e9lectronique. La tron\u00e7onneuse d&#8217;entretien des arbres sans fil STIHL MSA 220 TC-O se distingue par ses performances et sa taille compacte, ce qui en fait un outil id\u00e9al pour l&#8217;arboriculture professionnelle.   <\/p>\n<p>Ensemble compos\u00e9 de :<\/p>\n<p>1 pc MSA 220 TC-O avec 35 cm<br \/>\n2 pc AP 300 S batterie<br \/>\n1 pc AL 301 chargeur<\/p>\n<p>Fourni sans batterie ni chargeur<\/p>\n<table class=\"technical_data\">\n<thead>\n<tr>\n<th class=\"col1\">Donn\u00e9es techniques<\/th>\n<th class=\"col2\">Valeur<\/th>\n<\/tr>\n<\/thead>\n<tbody>\n<tr class=\"\">\n<td class=\"col1\">Pesokg<br \/>\n 1<sup>)<\/sup><\/td>\n<td class=\"col2\">3,3<\/td>\n<\/tr>\n<tr class=\"odd\">\n<td class=\"col1\">Valeur vibratoire gauche\/droiteram\/s\u00b2<br \/>\n 2<sup>)<\/sup><\/td>\n<td class=\"col2\">3\/3,4<\/td>\n<\/tr>\n<tr class=\"\">\n<td class=\"col1\">Niveau de pression acoustiqueadB(A)<br \/>\n 3)<\/td>\n<td class=\"col2\">94<\/td>\n<\/tr>\n<tr class=\"odd\">\n<td class=\"col1\">Longueur sprangacm<\/td>\n<td class=\"col2\">30-35<\/td>\n<\/tr>\n<tr class=\"\">\n<td class=\"col1\">Niveau de puissance sonoreadB(A)<br \/>\n 3)<\/td>\n<td class=\"col2\">104<\/td>\n<\/tr>\n<tr class=\"odd\">\n<td class=\"col1\">Dur\u00e9e de fonctionnement avec AR 3000 Lmin<br \/>\n 4<sup>)<\/sup><\/td>\n<td class=\"col2\">jusqu&#8217;\u00e0 174<\/td>\n<\/tr>\n<tr class=\"\">\n<td class=\"col1\">Dur\u00e9e de fonctionnement avec AP 100min<br \/>\n 4<sup>)<\/sup><\/td>\n<td class=\"col2\">jusqu&#8217;\u00e0 8<\/td>\n<\/tr>\n<tr class=\"odd\">\n<td class=\"col1\">Dur\u00e9e de fonctionnement avec AR 2000min<br \/>\n 4<sup>)<\/sup><\/td>\n<td class=\"col2\">jusqu&#8217;\u00e0 112<\/td>\n<\/tr>\n<tr class=\"\">\n<td class=\"col1\">Dur\u00e9e de fonctionnement avec AP 300min<br \/>\n 4<sup>)<\/sup><\/td>\n<td class=\"col2\">jusqu&#8217;\u00e0 25<\/td>\n<\/tr>\n<tr class=\"odd\">\n<td class=\"col1\">Dur\u00e9e de fonctionnement avec AR 1000min<br \/>\n 4<sup>)<\/sup><\/td>\n<td class=\"col2\">jusqu&#8217;\u00e0 80<\/td>\n<\/tr>\n<tr class=\"\">\n<td class=\"col1\">Tension nominaleV<\/td>\n<td class=\"col2\">36<\/td>\n<\/tr>\n<tr class=\"odd\">\n<td class=\"col1\">Dur\u00e9e de fonctionnement avec AP 200min<br \/>\n 4<sup>)<\/sup><\/td>\n<td class=\"col2\">jusqu&#8217;\u00e0 16<\/td>\n<\/tr>\n<tr class=\"\">\n<td class=\"col1\">Dur\u00e9e de fonctionnement avec AR 2000 Lmin<br \/>\n 4<sup>)<\/sup><\/td>\n<td class=\"col2\">jusqu&#8217;\u00e0 109<\/td>\n<\/tr>\n<tr class=\"odd\">\n<td class=\"col1\">Dur\u00e9e d&#8217;utilisation avec AP 300 Smin<br \/>\n 4<sup>)<\/sup><\/td>\n<td class=\"col2\">jusqu&#8217;\u00e0 29<\/td>\n<\/tr>\n<tr class=\"\">\n<td class=\"col1\">Dur\u00e9e de fonctionnement avec AR 3000min<br \/>\n 4<sup>)<\/sup><\/td>\n<td class=\"col2\">jusqu&#8217;\u00e0 140<\/td>\n<\/tr>\n<\/tbody>\n<\/table>\n","protected":false},"excerpt":{"rendered":"<p>Tron\u00e7onneuse sans fil STIHL pour l&#8217;entretien des arbres. La STIHL MSA 220 TC-O est la Tron\u00e7onneuse sans fil la plus<\/p>\n","protected":false},"featured_media":580485,"template":"","meta":{"_seopress_robots_primary_cat":"none","_seopress_titles_title":"","_seopress_titles_desc":"","_seopress_robots_index":""},"product_brand":[3366],"product_cat":[29,268,528],"product_tag":[],"class_list":{"0":"post-580490","1":"product","2":"type-product","3":"status-publish","4":"has-post-thumbnail","6":"product_brand-stihl","7":"product_cat-macchinari","8":"product_cat-motoseghe","9":"product_cat-motoseghe-a-batteria","10":"sws-gruppo-macchinari-fr","11":"sws-conto-ricavi-merci-rivendita-macchinari-fr","12":"sws-gruppo-iva-iva81-fr","14":"first","15":"onbackorder","16":"sale","17":"shipping-taxable","18":"purchasable","19":"product-type-simple"},"_links":{"self":[{"href":"https:\/\/lucacastelli.com\/fr\/wp-json\/wp\/v2\/product\/580490","targetHints":{"allow":["GET"]}}],"collection":[{"href":"https:\/\/lucacastelli.com\/fr\/wp-json\/wp\/v2\/product"}],"about":[{"href":"https:\/\/lucacastelli.com\/fr\/wp-json\/wp\/v2\/types\/product"}],"wp:featuredmedia":[{"embeddable":true,"href":"https:\/\/lucacastelli.com\/fr\/wp-json\/wp\/v2\/media\/580485"}],"wp:attachment":[{"href":"https:\/\/lucacastelli.com\/fr\/wp-json\/wp\/v2\/media?parent=580490"}],"wp:term":[{"taxonomy":"product_brand","embeddable":true,"href":"https:\/\/lucacastelli.com\/fr\/wp-json\/wp\/v2\/product_brand?post=580490"},{"taxonomy":"product_cat","embeddable":true,"href":"https:\/\/lucacastelli.com\/fr\/wp-json\/wp\/v2\/product_cat?post=580490"},{"taxonomy":"product_tag","embeddable":true,"href":"https:\/\/lucacastelli.com\/fr\/wp-json\/wp\/v2\/product_tag?post=580490"}],"curies":[{"name":"wp","href":"https:\/\/api.w.org\/{rel}","templated":true}]}}