{"id":580478,"date":"2025-12-03T14:00:25","date_gmt":"2025-12-03T13:00:25","guid":{"rendered":"https:\/\/lucacastelli.com\/prodotto\/stihl-bga-86-con-2-ap-300-s-e-1-pz-al-301-2\/"},"modified":"2025-08-13T10:22:35","modified_gmt":"2025-08-13T08:22:35","slug":"stihl-bga-86-con-2-ap-300-s-e-1-pz-al-301-2","status":"publish","type":"product","link":"https:\/\/lucacastelli.com\/fr\/produit\/stihl-bga-86-con-2-ap-300-s-e-1-pz-al-301-2\/","title":{"rendered":"STIHL BGA 86 avec 2 AP 300 S et 1 pce AL 301"},"content":{"rendered":"<p>Souffleur tr\u00e8s puissant aliment\u00e9 par batterie<\/p>\n<p>Souffleur \u00e0 batterie confortable et tr\u00e8s puissant pour usage professionnel, sp\u00e9cialement dans les zones urbaines int\u00e9rieures comme les terrains de jeu et les parkings. Pour enlever les feuilles, les d\u00e9chets verts et la salet\u00e9. 40 % de performances de soufflage en plus par rapport au BGA 85 avec un poids r\u00e9duit. Buse ronde, poign\u00e9e souple, tube de soufflage r\u00e9glable en trois \u00e9tapes. Buse plate pour une vitesse d&#8217;air plus \u00e9lev\u00e9e disponible dans les accessoires. Livr\u00e9 en standard avec batterie AP 300 et chargeur AL 300.     <\/p>\n<p>Set compos\u00e9 de :<br \/>\n1 souffleur BGA 86<br \/>\n2 batteries AP 300 S<br \/>\n1 chargeur rapide AL 301<\/p>\n<p>DONN\u00c9ES TECHNIQUES<br \/>\ntension nominale 36 V<br \/>\nNiveau de pression sonore 1) 79 dB (A)<br \/>\nNiveau de puissance sonore 1) 90 dB (A)<br \/>\nForce de soufflage 2) 15 N<br \/>\nValeur de vibration \u00e0 droite 3) 0,5 m\/s\u00b2<br \/>\nvitesse 58 m\/s<br \/>\ntechnologie batterie Syst\u00e8me AP aux ions lithium<br \/>\nVitesse maximale de l \u00ab air 154 m\/s<br \/>\nD\u00e9bit d \u00bb air 4) 780 m\u00b3\/h<br \/>\nMax. D\u00e9bit d&#8217;air 5) 940 m\u00b3\/h<br \/>\nAutonomie de la batterie avec AP 100 6) jusqu&#8217;\u00e0 11 min<br \/>\nAutonomie de la batterie avec AP 200 6) jusqu&#8217;\u00e0 17 min<br \/>\nAutonomie de la batterie avec AP 300 jusqu&#8217;\u00e0 21 min<br \/>\nAutonomie de la batterie avec AP 300 S jusqu&#8217;\u00e0 26 min<br \/>\nAutonomie de la batterie avec AR 1000 6) jusqu&#8217;\u00e0 57 min<br \/>\nAutonomie de la batterie avec AR 2000 6) jusqu&#8217;\u00e0 84 min<br \/>\nAutonomie de la batterie avec AR 3000 6) jusqu&#8217;\u00e0 105 min<\/p>\n","protected":false},"excerpt":{"rendered":"<p>Souffleur tr\u00e8s puissant aliment\u00e9 par batterie Souffleur \u00e0 batterie confortable et tr\u00e8s puissant pour usage professionnel, sp\u00e9cialement dans les zones<\/p>\n","protected":false},"featured_media":580467,"template":"","meta":{"_seopress_robots_primary_cat":"none","_seopress_titles_title":"","_seopress_titles_desc":"","_seopress_robots_index":""},"product_brand":[3366],"product_cat":[29,485,489],"product_tag":[],"class_list":{"0":"post-580478","1":"product","2":"type-product","3":"status-publish","4":"has-post-thumbnail","6":"product_brand-stihl","7":"product_cat-macchinari","8":"product_cat-soffiatori-e-aspiratori","9":"product_cat-soffiatori-a-batteria","10":"sws-gruppo-macchinari-fr","11":"sws-conto-ricavi-merci-rivendita-macchinari-fr","12":"sws-gruppo-iva-iva81-fr","14":"first","15":"onbackorder","16":"sale","17":"shipping-taxable","18":"purchasable","19":"product-type-simple"},"_links":{"self":[{"href":"https:\/\/lucacastelli.com\/fr\/wp-json\/wp\/v2\/product\/580478","targetHints":{"allow":["GET"]}}],"collection":[{"href":"https:\/\/lucacastelli.com\/fr\/wp-json\/wp\/v2\/product"}],"about":[{"href":"https:\/\/lucacastelli.com\/fr\/wp-json\/wp\/v2\/types\/product"}],"wp:featuredmedia":[{"embeddable":true,"href":"https:\/\/lucacastelli.com\/fr\/wp-json\/wp\/v2\/media\/580467"}],"wp:attachment":[{"href":"https:\/\/lucacastelli.com\/fr\/wp-json\/wp\/v2\/media?parent=580478"}],"wp:term":[{"taxonomy":"product_brand","embeddable":true,"href":"https:\/\/lucacastelli.com\/fr\/wp-json\/wp\/v2\/product_brand?post=580478"},{"taxonomy":"product_cat","embeddable":true,"href":"https:\/\/lucacastelli.com\/fr\/wp-json\/wp\/v2\/product_cat?post=580478"},{"taxonomy":"product_tag","embeddable":true,"href":"https:\/\/lucacastelli.com\/fr\/wp-json\/wp\/v2\/product_tag?post=580478"}],"curies":[{"name":"wp","href":"https:\/\/api.w.org\/{rel}","templated":true}]}}