{"id":580471,"date":"2025-08-04T14:40:24","date_gmt":"2025-08-04T12:40:24","guid":{"rendered":"https:\/\/lucacastelli.com\/?post_type=product&#038;p=580471"},"modified":"2025-08-04T16:25:07","modified_gmt":"2025-08-04T14:25:07","slug":"stihl-ms-881-avec-90-cm-copia","status":"publish","type":"product","link":"https:\/\/lucacastelli.com\/fr\/produit\/stihl-ms-881-avec-90-cm-copia\/","title":{"rendered":"STIHL MS 881 avec 105 cm"},"content":{"rendered":"<p>Super puissant pour les exigences les plus \u00e9lev\u00e9es<\/p>\n<p>Mod\u00e8le haut de gamme pour les exigences et les contraintes les plus \u00e9lev\u00e9es. Con\u00e7u pour \u00eatre utilis\u00e9 dans les conditions les plus exigeantes. Excellent rapport poids\/puissance. \u00c9quip\u00e9e de s\u00e9rie d&#8217;une cha\u00eene haute performance et d&#8217;un bouchon de r\u00e9servoir d&#8217;huile et de carburant qui s&#8217;ouvre et se ferme sans outil. Technologie optimale pour la coupe du bois dur.    <\/p>\n<p>Caract\u00e9ristiques techniques<\/p>\n<p>Cylindr\u00e9e cm\u00b3 121,6<br \/>\nPuissance kW\/HP 6,4\/8,7<br \/>\nPoids kg 1) 10<br \/>\nRapport poids\/puissance kg\/kW 1,5<br \/>\nPoids total kg 2) 12,29 \/ 12,67<br \/>\nPas de la cha\u00eene 0,404&#8243;.<\/p>\n<p>1) sans carburant, avec guide et cha\u00eene<br \/>\n2) sans carburant, avec guide et cha\u00eene<\/p>\n","protected":false},"excerpt":{"rendered":"<p>Super puissant pour les exigences les plus \u00e9lev\u00e9es Mod\u00e8le haut de gamme pour les exigences et les contraintes les plus<\/p>\n","protected":false},"featured_media":580651,"template":"","meta":{"_seopress_robots_primary_cat":"none","_seopress_titles_title":"","_seopress_titles_desc":"","_seopress_robots_index":""},"product_brand":[3555],"product_cat":[167,1604,1608],"product_tag":[],"class_list":{"0":"post-580471","1":"product","2":"type-product","3":"status-publish","4":"has-post-thumbnail","6":"product_brand-stihl-fr","7":"product_cat-machines","8":"product_cat-tronconneuses","9":"product_cat-tronconneuses-a-moteur","10":"sws-gruppo-macchinari-fr","11":"sws-conto-ricavi-merci-rivendita-macchinari-fr","12":"sws-gruppo-iva-iva81-fr","14":"first","15":"onbackorder","16":"shipping-taxable","17":"purchasable","18":"product-type-simple"},"_links":{"self":[{"href":"https:\/\/lucacastelli.com\/fr\/wp-json\/wp\/v2\/product\/580471","targetHints":{"allow":["GET"]}}],"collection":[{"href":"https:\/\/lucacastelli.com\/fr\/wp-json\/wp\/v2\/product"}],"about":[{"href":"https:\/\/lucacastelli.com\/fr\/wp-json\/wp\/v2\/types\/product"}],"wp:featuredmedia":[{"embeddable":true,"href":"https:\/\/lucacastelli.com\/fr\/wp-json\/wp\/v2\/media\/580651"}],"wp:attachment":[{"href":"https:\/\/lucacastelli.com\/fr\/wp-json\/wp\/v2\/media?parent=580471"}],"wp:term":[{"taxonomy":"product_brand","embeddable":true,"href":"https:\/\/lucacastelli.com\/fr\/wp-json\/wp\/v2\/product_brand?post=580471"},{"taxonomy":"product_cat","embeddable":true,"href":"https:\/\/lucacastelli.com\/fr\/wp-json\/wp\/v2\/product_cat?post=580471"},{"taxonomy":"product_tag","embeddable":true,"href":"https:\/\/lucacastelli.com\/fr\/wp-json\/wp\/v2\/product_tag?post=580471"}],"curies":[{"name":"wp","href":"https:\/\/api.w.org\/{rel}","templated":true}]}}