{"id":580209,"date":"2025-12-03T14:00:36","date_gmt":"2025-12-03T13:00:36","guid":{"rendered":"https:\/\/lucacastelli.com\/prodotto\/stihl-bga-250-con-2-ap-300-s-2\/"},"modified":"2026-01-01T10:32:02","modified_gmt":"2026-01-01T09:32:02","slug":"stihl-bga-250-con-2-ap-300-s-2","status":"publish","type":"product","link":"https:\/\/lucacastelli.com\/fr\/produit\/stihl-bga-250-con-2-ap-300-s-2\/","title":{"rendered":"STIHL BGA 250 avec 2 AP 300 S"},"content":{"rendered":"<p>SOUFFLEUR SANS FIL BGA 250 : LE SOUFFLEUR PORTABLE LE PLUS PUISSANT AU<br \/>\nMONDE Le souffleur sans fil STIHL BGA 250 est le souffleur portable le plus puissant au monde sur toute la dur\u00e9e de vie de la batterie &#8211; id\u00e9al pour les applications professionnelles dans les jardins et les jardins. Les performances de soufflage du STIHL BGA 250 restent \u00e9lev\u00e9es tout au long de la dur\u00e9e de vie de la batterie et ne diminuent pas avec l\u2019utilisation. Ce souffleur portable est id\u00e9al pour les travaux rapides et courts, par exemple apr\u00e8s la taille des haies ou l\u2019enl\u00e8vement des feuilles mortes, mais aussi pour les travaux de nettoyage dans la gestion des b\u00e2timents. Le souffleur est extr\u00eamement maniable et agr\u00e9ablement silencieux, ce qui vous permet d\u2019\u00e9liminer rapidement et efficacement les feuilles mortes, les d\u00e9chets verts et autres salet\u00e9s, m\u00eame dans les zones sensibles au bruit.   <\/p>\n<p>Le BGA 250 est court et compact, ce qui le rend facile \u00e0 manipuler. Les \u00e9l\u00e9ments les plus lourds, comme la batterie, se trouvent sous la poign\u00e9e. Vous pouvez donc tourner et d\u00e9placer le souffleur portatif avec une facilit\u00e9 d\u00e9concertante. Cette excellente maniabilit\u00e9 rend le travail moins fatigant. Le tuyau de soufflage \u00e9tant inclin\u00e9, il n&#8217;y a pas de torsion du poignet, m\u00eame au d\u00e9marrage, ce qui facilite le travail et vous permet de travailler plus longtemps.    <\/p>\n<p>STIHL a \u00e9galement fait tout son possible pour que le bruit de fonctionnement du BGA 250 soit aussi respectueux de l\u2019environnement que possible. Les fr\u00e9quences d\u00e9sagr\u00e9ables ont \u00e9t\u00e9 consid\u00e9rablement r\u00e9duites, ce qui est \u00e9galement un avantage pour vous lorsque vous travaillez avec le souffleur \u00e0 main STIHL. <\/p>\n<p>Et gr\u00e2ce au Smart Connector 2 A, le souffleur sans fil STIHL BGA 250 peut \u00eatre mis en r\u00e9seau via STIHL connected.<\/p>\n<p>Notre aper\u00e7u des temps de fonctionnement et de charge des batteries STIHL vous permettra de savoir combien de temps vous pouvez travailler avec votre souffleur de feuilles sans fil STIHL BGA 250 et combien de temps il faut pour recharger la batterie en cours d\u2019utilisation.<\/p>\n<p>Toutes les machines aliment\u00e9es par batterie du syst\u00e8me STIHL AP sont con\u00e7ues pour un usage professionnel ainsi que pour un usage quotidien, m\u00eame dans des conditions m\u00e9t\u00e9orologiques d\u00e9favorables. Pour cette raison, ils sont \u00e9quip\u00e9s d\u2019une protection test\u00e9e contre les \u00e9claboussures d\u2019eau. Leur efficacit\u00e9 est confirm\u00e9e par des contr\u00f4les internes stricts. En particulier, le test d\u2019\u00e9claboussures d\u2019eau est bas\u00e9 sur la norme IPX4. Le STIHL BGA 250 peut \u00e9galement \u00eatre utilis\u00e9 par temps de pluie.    <\/p>\n<p>DONN\u00c9ES TECHNIQUES<\/p>\n<p>Force de soufflage [N] 26<br \/>\nVolume d&#8217;air [m3\/h] 1044<br \/>\nVitesse du flux d&#8217;air [m\/s] 85<br \/>\ntemps de fonctionnement en<br \/>\nmode boost [min]<br \/>\n12 avec AP 300S<br \/>\nPoids sans batterie [kg] 2,7<br \/>\nNiveau de pression acoustique [dB(A)]* 83<\/p>\n<p>Ensemble compos\u00e9 de :<\/p>\n<p>1 pce STIHL BGA 250<br \/>\n2 pces Batterie AP 300 S<\/p>\n","protected":false},"excerpt":{"rendered":"<p>SOUFFLEUR SANS FIL BGA 250 : LE SOUFFLEUR PORTABLE LE PLUS PUISSANT AU MONDE Le souffleur sans fil STIHL BGA<\/p>\n","protected":false},"featured_media":580200,"template":"","meta":{"_seopress_robots_primary_cat":"none","_seopress_titles_title":"","_seopress_titles_desc":"","_seopress_robots_index":""},"product_brand":[3366],"product_cat":[29,485,489],"product_tag":[],"class_list":{"0":"post-580209","1":"product","2":"type-product","3":"status-publish","4":"has-post-thumbnail","6":"product_brand-stihl","7":"product_cat-macchinari","8":"product_cat-soffiatori-e-aspiratori","9":"product_cat-soffiatori-a-batteria","10":"sws-gruppo-macchinari-fr","11":"sws-conto-ricavi-merci-rivendita-macchinari-fr","12":"sws-gruppo-iva-iva81-fr","14":"first","15":"onbackorder","16":"sale","17":"shipping-taxable","18":"purchasable","19":"product-type-simple"},"_links":{"self":[{"href":"https:\/\/lucacastelli.com\/fr\/wp-json\/wp\/v2\/product\/580209","targetHints":{"allow":["GET"]}}],"collection":[{"href":"https:\/\/lucacastelli.com\/fr\/wp-json\/wp\/v2\/product"}],"about":[{"href":"https:\/\/lucacastelli.com\/fr\/wp-json\/wp\/v2\/types\/product"}],"wp:featuredmedia":[{"embeddable":true,"href":"https:\/\/lucacastelli.com\/fr\/wp-json\/wp\/v2\/media\/580200"}],"wp:attachment":[{"href":"https:\/\/lucacastelli.com\/fr\/wp-json\/wp\/v2\/media?parent=580209"}],"wp:term":[{"taxonomy":"product_brand","embeddable":true,"href":"https:\/\/lucacastelli.com\/fr\/wp-json\/wp\/v2\/product_brand?post=580209"},{"taxonomy":"product_cat","embeddable":true,"href":"https:\/\/lucacastelli.com\/fr\/wp-json\/wp\/v2\/product_cat?post=580209"},{"taxonomy":"product_tag","embeddable":true,"href":"https:\/\/lucacastelli.com\/fr\/wp-json\/wp\/v2\/product_tag?post=580209"}],"curies":[{"name":"wp","href":"https:\/\/api.w.org\/{rel}","templated":true}]}}