{"id":580184,"date":"2025-12-03T14:00:45","date_gmt":"2025-12-03T13:00:45","guid":{"rendered":"https:\/\/lucacastelli.com\/prodotto\/stihl-hla-86-con-2-ap-200-s-2\/"},"modified":"2025-08-13T10:40:56","modified_gmt":"2025-08-13T08:40:56","slug":"stihl-hla-86-con-2-ap-200-s-2","status":"publish","type":"product","link":"https:\/\/lucacastelli.com\/fr\/produit\/stihl-hla-86-con-2-ap-200-s-2\/","title":{"rendered":"STIHL HLA 86 avec 2 AP 200 S"},"content":{"rendered":"<p>Taille-haies sans fil avec manche t\u00e9lescopique<br \/>\nTaille-haies sans fil \u00e0 longue port\u00e9e pour un usage professionnel. Particuli\u00e8rement adapt\u00e9 pour tailler les haies et les buissons hauts et pour couper la v\u00e9g\u00e9tation pr\u00e8s du sol. Travail ergonomique gr\u00e2ce au manche t\u00e9lescopique robuste et carr\u00e9.  <\/p>\n<p>Ensemble compos\u00e9 de :<\/p>\n<p>1 taille-haie STIHL HLA 86<br \/>\n2 batteries AP 200 S<\/p>\n","protected":false},"excerpt":{"rendered":"<p>Taille-haies sans fil avec manche t\u00e9lescopique Taille-haies sans fil \u00e0 longue port\u00e9e pour un usage professionnel. Particuli\u00e8rement adapt\u00e9 pour tailler<\/p>\n","protected":false},"featured_media":580175,"template":"","meta":{"_seopress_robots_primary_cat":"none","_seopress_titles_title":"","_seopress_titles_desc":"","_seopress_robots_index":""},"product_brand":[3555],"product_cat":[167,1690,1670],"product_tag":[],"class_list":{"0":"post-580184","1":"product","2":"type-product","3":"status-publish","4":"has-post-thumbnail","6":"product_brand-stihl-fr","7":"product_cat-machines","8":"product_cat-taille-haies-et-elagueurs","9":"product_cat-tondeuses-a-batterie","10":"sws-gruppo-macchinari-fr","11":"sws-conto-ricavi-merci-rivendita-macchinari-fr","12":"sws-gruppo-iva-iva81-fr","14":"first","15":"onbackorder","16":"sale","17":"shipping-taxable","18":"purchasable","19":"product-type-simple"},"_links":{"self":[{"href":"https:\/\/lucacastelli.com\/fr\/wp-json\/wp\/v2\/product\/580184","targetHints":{"allow":["GET"]}}],"collection":[{"href":"https:\/\/lucacastelli.com\/fr\/wp-json\/wp\/v2\/product"}],"about":[{"href":"https:\/\/lucacastelli.com\/fr\/wp-json\/wp\/v2\/types\/product"}],"wp:featuredmedia":[{"embeddable":true,"href":"https:\/\/lucacastelli.com\/fr\/wp-json\/wp\/v2\/media\/580175"}],"wp:attachment":[{"href":"https:\/\/lucacastelli.com\/fr\/wp-json\/wp\/v2\/media?parent=580184"}],"wp:term":[{"taxonomy":"product_brand","embeddable":true,"href":"https:\/\/lucacastelli.com\/fr\/wp-json\/wp\/v2\/product_brand?post=580184"},{"taxonomy":"product_cat","embeddable":true,"href":"https:\/\/lucacastelli.com\/fr\/wp-json\/wp\/v2\/product_cat?post=580184"},{"taxonomy":"product_tag","embeddable":true,"href":"https:\/\/lucacastelli.com\/fr\/wp-json\/wp\/v2\/product_tag?post=580184"}],"curies":[{"name":"wp","href":"https:\/\/api.w.org\/{rel}","templated":true}]}}