{"id":580135,"date":"2025-12-03T14:27:55","date_gmt":"2025-12-03T13:27:55","guid":{"rendered":"https:\/\/lucacastelli.com\/prodotto\/stihl-rma-750-v-con-3-ap-300-s-e-al-301-2\/"},"modified":"2025-08-13T10:40:44","modified_gmt":"2025-08-13T08:40:44","slug":"stihl-rma-750-v-con-3-ap-300-s-e-al-301-2","status":"publish","type":"product","link":"https:\/\/lucacastelli.com\/fr\/produit\/stihl-rma-750-v-con-3-ap-300-s-e-al-301-2\/","title":{"rendered":"STIHL RMA 750 V avec 3 AP 300 S et AL 301"},"content":{"rendered":"<p>Tondeuse professionnelle sans fil RMA 750 V : pour plus de confort et d&#8217;efficacit\u00e9 lors de la tonte et du mulching de grandes surfaces<br \/>\nLa tondeuse sans fil STIHL RMA 750 V avec entra\u00eenement des roues Vario est particuli\u00e8rement adapt\u00e9e \u00e0 la tonte et au mulching professionnels de surfaces moyennes avec des pentes allant jusqu&#8217;\u00e0 25\u00b0. La robuste tondeuse professionnelle sans fil 4 en 1 avec coin mulching, \u00e9jection lat\u00e9rale et arri\u00e8re et bac de ramassage de 80 litres allie un grand confort de travail \u00e0 des performances \u00e9lev\u00e9es et est tr\u00e8s silencieuse. Elle peut donc \u00e9galement \u00eatre utilis\u00e9e dans les zones sensibles au bruit telles que les quartiers r\u00e9sidentiels, les \u00e9coles ou les jardins d&#8217;h\u00f4pitaux.  <\/p>\n<p>La STIHL RMA 750 V est dot\u00e9e d&#8217;un carter hybride compos\u00e9 d&#8217;un carter ext\u00e9rieur robuste en aluminium et d&#8217;un carter int\u00e9rieur en polym\u00e8re r\u00e9sistant aux chocs. La protection contre les collisions \u00e0 l&#8217;avant et les plaques lat\u00e9rales m\u00e9talliques rempla\u00e7ables contribuent \u00e9galement \u00e0 une longue dur\u00e9e de vie. Gr\u00e2ce \u00e0 son moteur \u00e9lectrique sans balais aliment\u00e9 par deux batteries STIHL AP, la STIHL RMA 750 V tond et broie m\u00eame les grandes surfaces de mani\u00e8re particuli\u00e8rement efficace.  <\/p>\n<p>De plus, le guidon mono confort repliable et r\u00e9glable en hauteur avec unit\u00e9 de commande num\u00e9rique et fonction connect\u00e9e STIHL int\u00e9gr\u00e9e garantit un travail efficace et un grand confort d&#8217;utilisation. Sur le guidon confort, la vitesse de l&#8217;entra\u00eenement Vario peut \u00eatre r\u00e9gl\u00e9e en 5 \u00e9tapes, par exemple en r\u00e9duisant la vitesse sur les pentes et en l&#8217;augmentant sur les surfaces planes. Pour une meilleure progression du travail, tu peux \u00e9galement choisir entre 3 modes de tonte : Eco, Standard et Auto-Boost. Lorsque le mode Eco est activ\u00e9, le r\u00e9gime moteur de la tondeuse s&#8217;adapte automatiquement \u00e0 la puissance r\u00e9ellement n\u00e9cessaire. La tondeuse aliment\u00e9e par batterie consomme donc moins d&#8217;\u00e9nergie et peut couvrir une plus grande surface.    <\/p>\n<p>Avec sa lame multiple au d\u00e9bit optimis\u00e9 et sa largeur de coupe de 48 cm, la STIHL RMA 750 V te permet de travailler de mani\u00e8re particuli\u00e8rement efficace. Gr\u00e2ce au r\u00e9glage de la hauteur de coupe par molette, tu peux r\u00e9gler avec pr\u00e9cision la longueur de pelouse souhait\u00e9e en 6 \u00e9tapes, de 25 mm \u00e0 100 mm. Le bac de ramassage en tissu de 80 litres de la STIHL RMA 750 V est facile \u00e0 retirer et \u00e0 vider gr\u00e2ce au guidon unique de confort. <\/p>\n<p>Ensemble compos\u00e9 de :<br \/>\n1 tondeuse STIHL RMA 750 V<br \/>\n3 batteries AP 300 S<br \/>\n1 chargeur AL 301<\/p>\n","protected":false},"excerpt":{"rendered":"<p>Tondeuse professionnelle sans fil RMA 750 V : pour plus de confort et d&#8217;efficacit\u00e9 lors de la tonte et du<\/p>\n","protected":false},"featured_media":580126,"template":"","meta":{"_seopress_robots_primary_cat":"none","_seopress_titles_title":"","_seopress_titles_desc":"","_seopress_robots_index":""},"product_brand":[3555],"product_cat":[167,1657,1670],"product_tag":[],"class_list":{"0":"post-580135","1":"product","2":"type-product","3":"status-publish","4":"has-post-thumbnail","6":"product_brand-stihl-fr","7":"product_cat-machines","8":"product_cat-tondeuses-et-robots","9":"product_cat-tondeuses-a-batterie","10":"sws-gruppo-macchinari-fr","11":"sws-conto-ricavi-merci-rivendita-macchinari-fr","12":"sws-gruppo-iva-iva81-fr","14":"first","15":"onbackorder","16":"sale","17":"shipping-taxable","18":"purchasable","19":"product-type-simple"},"_links":{"self":[{"href":"https:\/\/lucacastelli.com\/fr\/wp-json\/wp\/v2\/product\/580135","targetHints":{"allow":["GET"]}}],"collection":[{"href":"https:\/\/lucacastelli.com\/fr\/wp-json\/wp\/v2\/product"}],"about":[{"href":"https:\/\/lucacastelli.com\/fr\/wp-json\/wp\/v2\/types\/product"}],"wp:featuredmedia":[{"embeddable":true,"href":"https:\/\/lucacastelli.com\/fr\/wp-json\/wp\/v2\/media\/580126"}],"wp:attachment":[{"href":"https:\/\/lucacastelli.com\/fr\/wp-json\/wp\/v2\/media?parent=580135"}],"wp:term":[{"taxonomy":"product_brand","embeddable":true,"href":"https:\/\/lucacastelli.com\/fr\/wp-json\/wp\/v2\/product_brand?post=580135"},{"taxonomy":"product_cat","embeddable":true,"href":"https:\/\/lucacastelli.com\/fr\/wp-json\/wp\/v2\/product_cat?post=580135"},{"taxonomy":"product_tag","embeddable":true,"href":"https:\/\/lucacastelli.com\/fr\/wp-json\/wp\/v2\/product_tag?post=580135"}],"curies":[{"name":"wp","href":"https:\/\/api.w.org\/{rel}","templated":true}]}}