{"id":580123,"date":"2025-08-04T14:27:44","date_gmt":"2025-08-04T12:27:44","guid":{"rendered":"https:\/\/lucacastelli.com\/prodotto\/stihl-msa-220-tc-o-30-cm-con-ap-300-s-e-al-301-2\/"},"modified":"2026-03-02T09:25:34","modified_gmt":"2026-03-02T08:25:34","slug":"stihl-msa-220-tc-o-30-cm-con-ap-300-s-e-al-301-2","status":"publish","type":"product","link":"https:\/\/lucacastelli.com\/fr\/produit\/stihl-msa-220-tc-o-30-cm-con-ap-300-s-e-al-301-2\/","title":{"rendered":"STIHL MSA 220 TC-O 30 cm avec AP 300 S et AL 301"},"content":{"rendered":"<p>Tron\u00e7onneuse sans fil STIHL pour l&#8217;entretien des arbres.<\/p>\n<p>La STIHL MSA 220 TC-O est la tron\u00e7onneuse sans fil STIHL la plus puissante pour l\u2019\u00e9lagage. Sa grande capacit\u00e9 d\u2019acc\u00e9l\u00e9ration et sa vitesse de cha\u00eene de 23 m\/s garantissent d\u2019excellentes performances de coupe. Un filtre en non-tiss\u00e9 lavable isole la sciure et la poussi\u00e8re du flux d\u2019air de refroidissement, prolongeant ainsi la dur\u00e9e de vie du moteur et de l\u2019\u00e9lectronique. La tron\u00e7onneuse sans fil pour l\u2019\u00e9lagage STIHL MSA 220 TC-O se distingue par ses performances et ses dimensions compactes, ce qui en fait l\u2019outil id\u00e9al pour l\u2019arboriculture professionnelle.   <\/p>\n<p>Set compos\u00e9 de :<\/p>\n<p>1 pce MSA 220 TC-O avec 30 cm<br \/>\n1 pce Batterie AP 300 S<br \/>\n1 pce Chargeur AL 301<\/p>\n<p>Fourni sans batterie ni chargeur<\/p>\n<table class=\"technical_data\">\n<thead>\n<tr>\n<th class=\"col1\">Donn\u00e9es techniques<\/th>\n<th class=\"col2\">Valeur<\/th>\n<\/tr>\n<\/thead>\n<tbody>\n<tr class=\"\">\n<td class=\"col1\">Pesokg<br \/>\n 1<sup>)<\/sup><\/td>\n<td class=\"col2\">3,3<\/td>\n<\/tr>\n<tr class=\"odd\">\n<td class=\"col1\">Valeur de vibration gauche\/droite m\/s\u00b2<br \/>\n<sup>2)<\/sup><\/td>\n<td class=\"col2\">3\/3,4<\/td>\n<\/tr>\n<tr class=\"\">\n<td class=\"col1\">Niveau de pression sonore dB(A)<br \/>\n<sup>3)<\/sup><\/td>\n<td class=\"col2\">94<\/td>\n<\/tr>\n<tr class=\"odd\">\n<td class=\"col1\">Longueur du guide-cha\u00eene cm<\/td>\n<td class=\"col2\">30-35<\/td>\n<\/tr>\n<tr class=\"\">\n<td class=\"col1\">Niveau de puissance acoustique dB(A)<br \/>\n<sup>3)<\/sup><\/td>\n<td class=\"col2\">104<\/td>\n<\/tr>\n<tr class=\"odd\">\n<td class=\"col1\">Autonomie avec AR 3000 L min<br \/>\n<sup>4)<\/sup><\/td>\n<td class=\"col2\">jusqu\u2019\u00e0 174<\/td>\n<\/tr>\n<tr class=\"\">\n<td class=\"col1\">Autonomie avec AP 100 min<br \/>\n<sup>4)<\/sup><\/td>\n<td class=\"col2\">jusqu\u2019\u00e0 8<\/td>\n<\/tr>\n<tr class=\"odd\">\n<td class=\"col1\">Autonomie avec AR 2000 min<br \/>\n<sup>4)<\/sup><\/td>\n<td class=\"col2\">jusqu\u2019\u00e0 112<\/td>\n<\/tr>\n<tr class=\"\">\n<td class=\"col1\">Autonomie avec AP 300 min<br \/>\n<sup>4)<\/sup><\/td>\n<td class=\"col2\">jusqu\u2019\u00e0 25<\/td>\n<\/tr>\n<tr class=\"odd\">\n<td class=\"col1\">Autonomie avec AR 1000 min<br \/>\n<sup>4)<\/sup><\/td>\n<td class=\"col2\">jusqu\u2019\u00e0 80<\/td>\n<\/tr>\n<tr class=\"\">\n<td class=\"col1\">Tension nominale V<\/td>\n<td class=\"col2\">36<\/td>\n<\/tr>\n<tr class=\"odd\">\n<td class=\"col1\">Autonomie avec AP 200 min<br \/>\n<sup>4)<\/sup><\/td>\n<td class=\"col2\">jusqu\u2019\u00e0 16<\/td>\n<\/tr>\n<tr class=\"\">\n<td class=\"col1\">Autonomie avec AR 2000 L min<br \/>\n<sup>4)<\/sup><\/td>\n<td class=\"col2\">jusqu\u2019\u00e0 109<\/td>\n<\/tr>\n<tr class=\"odd\">\n<td class=\"col1\">Autonomie avec AP 300 S min<br \/>\n<sup>4)<\/sup><\/td>\n<td class=\"col2\">jusqu\u2019\u00e0 29<\/td>\n<\/tr>\n<tr class=\"\">\n<td class=\"col1\">Autonomie avec AR 3000 min<br \/>\n<sup>4)<\/sup><\/td>\n<td class=\"col2\">jusqu\u2019\u00e0 140<\/td>\n<\/tr>\n<\/tbody>\n<\/table>\n","protected":false},"excerpt":{"rendered":"<p>Tron\u00e7onneuse sans fil STIHL pour l&#8217;entretien des arbres. La STIHL MSA 220 TC-O est la tron\u00e7onneuse sans fil STIHL la<\/p>\n","protected":false},"featured_media":580114,"template":"","meta":{"_seopress_robots_primary_cat":"none","_seopress_titles_title":"","_seopress_titles_desc":"","_seopress_robots_index":""},"product_brand":[3366],"product_cat":[29,268,528],"product_tag":[],"class_list":{"0":"post-580123","1":"product","2":"type-product","3":"status-publish","4":"has-post-thumbnail","6":"product_brand-stihl","7":"product_cat-macchinari","8":"product_cat-motoseghe","9":"product_cat-motoseghe-a-batteria","10":"sws-gruppo-macchinari-fr","11":"sws-conto-ricavi-merci-rivendita-macchinari-fr","12":"sws-gruppo-iva-iva81-fr","14":"first","15":"instock","16":"sale","17":"shipping-taxable","18":"purchasable","19":"product-type-simple"},"_links":{"self":[{"href":"https:\/\/lucacastelli.com\/fr\/wp-json\/wp\/v2\/product\/580123","targetHints":{"allow":["GET"]}}],"collection":[{"href":"https:\/\/lucacastelli.com\/fr\/wp-json\/wp\/v2\/product"}],"about":[{"href":"https:\/\/lucacastelli.com\/fr\/wp-json\/wp\/v2\/types\/product"}],"wp:featuredmedia":[{"embeddable":true,"href":"https:\/\/lucacastelli.com\/fr\/wp-json\/wp\/v2\/media\/580114"}],"wp:attachment":[{"href":"https:\/\/lucacastelli.com\/fr\/wp-json\/wp\/v2\/media?parent=580123"}],"wp:term":[{"taxonomy":"product_brand","embeddable":true,"href":"https:\/\/lucacastelli.com\/fr\/wp-json\/wp\/v2\/product_brand?post=580123"},{"taxonomy":"product_cat","embeddable":true,"href":"https:\/\/lucacastelli.com\/fr\/wp-json\/wp\/v2\/product_cat?post=580123"},{"taxonomy":"product_tag","embeddable":true,"href":"https:\/\/lucacastelli.com\/fr\/wp-json\/wp\/v2\/product_tag?post=580123"}],"curies":[{"name":"wp","href":"https:\/\/api.w.org\/{rel}","templated":true}]}}